{"id":15046,"date":"2023-03-08T09:41:40","date_gmt":"2023-03-08T09:41:40","guid":{"rendered":"https:\/\/coolmarket.ba\/?post_type=product&#038;p=15046"},"modified":"2024-09-12T19:52:04","modified_gmt":"2024-09-12T19:52:04","slug":"midea-blanc-klima-inverter-ma-12n8d0-35kw-12ka","status":"publish","type":"product","link":"https:\/\/coolmarket.ba\/bs\/proizvod\/midea-blanc-klima-inverter-ma-12n8d0-35kw-12ka\/","title":{"rendered":"MIDEA BLANC KLIMA INVERTER MA-12N8D0 3,5kW (12ka)"},"content":{"rendered":"<p><strong>Karakteristike<\/strong><\/p>\n<p>-automatski start<br \/>\n-samodijagnostika<br \/>\n-timer<br \/>\n-samo\u010di\u0161\u0107enje<br \/>\n-detekcija curenja<br \/>\n-super gusti filter<br \/>\n-karbonski filter<br \/>\n-\u2018slijedi me\u2019 funkcija<br \/>\n-tihi na\u010din rada<\/p>\n<p>Energetska klasa:\u00a0<strong>A++\/A+<\/strong><br \/>\nKapacitet hla\u0111enja (kW):\u00a0<strong>3,51 (1,08-4,09)<\/strong><br \/>\nKapacitet grijanja (kW):\u00a0<strong>3,81 (1,08-4,22)<\/strong><br \/>\nRashladno sredstvo:\u00a0<strong>R32<\/strong><br \/>\nPriklju\u010dak el. energije hla\u0111enje (W):\u00a0<strong>1185(130~1580)<\/strong><br \/>\nPriklju\u010dak el. energije grijanje (W):\u00a0<strong>1100(120~1580)<\/strong><br \/>\nSEER (W):\u00a0<strong>6,1<\/strong><br \/>\nSCOP(W):\u00a0<strong>4,0<\/strong><br \/>\nNapajanje (ph-V-Hz):\u00a0<strong>1 \/ 220-240<\/strong><br \/>\nDimenzije unutarnje jedinice \u2013 \u0160xVxD (mm):\u00a0<strong>805x285x205<\/strong><br \/>\nDimenzije vanjske jedinice \u2013 \u0160xVxD (mm):\u00a0<strong>700x550x270<\/strong><br \/>\nPromjer cijevi teku\u0107a faza (inch(mm)):\u00a0<strong>1\/4\u2033 (fi 6,35)<\/strong><br \/>\nPromjer cijevi plinska faza (inch(mm)):\u00a0<strong>3\/8\u2033 (fi 9,52)<\/strong><br \/>\nMax duljina cjevovoda (m):\u00a0<strong>25<\/strong><br \/>\nMax visinska razlika (m):\u00a0<strong>10<\/strong><br \/>\nProtok zraka unutarnja j. (m3\/h):\u00a0<strong>600\/500\/360<\/strong><br \/>\nProtok zraka vanjska j. (m3\/h):\u00a0<strong>1700<\/strong><br \/>\nPodru\u010dje rada hl.\/gr\u00b0C (Min~Max):\u00a0<strong>-15 ~ 50\/-25 ~30<\/strong><br \/>\nJamstvo:\u00a0<strong>2 godine<\/strong><br \/>\nRazina zvu\u010dne snage u.j. (dB(A)):\u00a0<strong>53<\/strong><br \/>\nRazina zvu\u010dnog tlaka u.j. (dB(A)):\u00a0<strong>38\/34\/28\/22<\/strong><br \/>\nRazina zvu\u010dne snage v.j. (dB(A)):\u00a0<strong>65<\/strong><br \/>\nRazina zvu\u010dnog tlaka v.j. (dB(A)):\u00a0<strong>56<\/strong><br \/>\nTe\u017eina unutarnje jedinice neto\/bruto (kg):\u00a0<strong>7,9\/10,3<\/strong><br \/>\nTe\u017eina vanjske jedinice neto\/ bruto (kg):\u00a0<strong>22,7\/25,2<\/strong><\/p>\n<p><img data-recalc-dims=\"1\" fetchpriority=\"high\" decoding=\"async\" class=\"size-full wp-image-15573 aligncenter\" src=\"https:\/\/i0.wp.com\/coolmarket.ba\/wp-content\/uploads\/2024\/07\/Grijanje-Vodoinstalacije-klimatizacija-2.png?resize=1170%2C433&#038;ssl=1\" alt=\"\" width=\"1170\" height=\"433\" srcset=\"https:\/\/i0.wp.com\/coolmarket.ba\/wp-content\/uploads\/2024\/07\/Grijanje-Vodoinstalacije-klimatizacija-2.png?w=1170&amp;ssl=1 1170w, https:\/\/i0.wp.com\/coolmarket.ba\/wp-content\/uploads\/2024\/07\/Grijanje-Vodoinstalacije-klimatizacija-2.png?resize=300%2C111&amp;ssl=1 300w, https:\/\/i0.wp.com\/coolmarket.ba\/wp-content\/uploads\/2024\/07\/Grijanje-Vodoinstalacije-klimatizacija-2.png?resize=1024%2C379&amp;ssl=1 1024w, https:\/\/i0.wp.com\/coolmarket.ba\/wp-content\/uploads\/2024\/07\/Grijanje-Vodoinstalacije-klimatizacija-2.png?resize=768%2C284&amp;ssl=1 768w, https:\/\/i0.wp.com\/coolmarket.ba\/wp-content\/uploads\/2024\/07\/Grijanje-Vodoinstalacije-klimatizacija-2.png?resize=18%2C7&amp;ssl=1 18w, https:\/\/i0.wp.com\/coolmarket.ba\/wp-content\/uploads\/2024\/07\/Grijanje-Vodoinstalacije-klimatizacija-2.png?resize=600%2C222&amp;ssl=1 600w, https:\/\/i0.wp.com\/coolmarket.ba\/wp-content\/uploads\/2024\/07\/Grijanje-Vodoinstalacije-klimatizacija-2.png?resize=64%2C24&amp;ssl=1 64w\" sizes=\"(max-width: 1170px) 100vw, 1170px\" \/><\/p>\n<p>&nbsp;<\/p>\n<p><strong>CoolMarket<\/strong> je va\u0161 pouzdani partner za prodaju, ugradnju i odr\u017eavanje klima ure\u0111aja, toplotnih pumpi te sistema za vodu i grijanje. Na\u0161a stru\u010dnost osigurava kvalitetne proizvode i vrhunske usluge kako bi va\u0161 dom ili poslovni prostor bio udoban i funkcionalan. Kontaktirajte nas za sve potrebe vezane za klimatizaciju, grijanje i vodoinstalacije. Dostupni smo na Viber i Whatsapp\u00a0 +387 62 53 53 50<\/p>","protected":false},"excerpt":{"rendered":"<table class=\"woocommerce-product-attributes shop_attributes\">\n<tbody>\n<tr class=\"woocommerce-product-attributes-item woocommerce-product-attributes-item--attribute_pa_energetski_razred\">\n<th class=\"woocommerce-product-attributes-item__label\">Energetski razred<\/th>\n<td class=\"woocommerce-product-attributes-item__value\"><a href=\"https:\/\/www.cee.hr\/energetski_razred\/a\/\" rel=\"tag\">A<\/a><\/td>\n<\/tr>\n<tr class=\"woocommerce-product-attributes-item woocommerce-product-attributes-item--attribute_pa_snaga\">\n<th class=\"woocommerce-product-attributes-item__label\">Snaga<\/th>\n<td class=\"woocommerce-product-attributes-item__value\"><a href=\"https:\/\/www.cee.hr\/snaga\/35-kw\/\" rel=\"tag\">3,5 kW<\/a><\/td>\n<\/tr>\n<tr class=\"woocommerce-product-attributes-item woocommerce-product-attributes-item--attribute_pa_garancija\">\n<th class=\"woocommerce-product-attributes-item__label\">Garancija<\/th>\n<td class=\"woocommerce-product-attributes-item__value\"><a href=\"https:\/\/www.cee.hr\/garancija\/2-godine\/\" rel=\"tag\">2 godine<\/a><\/td>\n<\/tr>\n<\/tbody>\n<\/table>","protected":false},"featured_media":14695,"template":"","meta":{"om_disable_all_campaigns":false,"_monsterinsights_skip_tracking":false,"_monsterinsights_sitenote_active":false,"_monsterinsights_sitenote_note":"","_monsterinsights_sitenote_category":0},"product_cat":[335,305,306,590],"product_tag":[599,600,601,602,594,595,309,330,331,311,327,312,469,328],"class_list":{"0":"post-15046","1":"product","2":"type-product","3":"status-publish","4":"has-post-thumbnail","6":"product_cat-12ke-inverteri","7":"product_cat-grijanje-i-hladenje","8":"product_cat-klima-uredaji","9":"product_cat-midea","10":"product_tag-midea-12ka","11":"product_tag-midea-3-5kw","12":"product_tag-midea-bosna-i-hercegovina","13":"product_tag-midea-montaza-invertera","14":"product_tag-midea-montaza-klime","15":"product_tag-midea-zenica","16":"product_tag-montaza-klima","17":"product_tag-montaza-klima-uredjaja","18":"product_tag-prodaja-bijele-tehnike","19":"product_tag-prodaja-klima-uredaja","20":"product_tag-servis-klima","21":"product_tag-servis-klima-uredaja","22":"product_tag-servis-zenica","23":"product_tag-ugradnja-klima","25":"first","26":"onbackorder","27":"taxable","28":"shipping-taxable","29":"product-type-simple"},"aioseo_notices":[],"_links":{"self":[{"href":"https:\/\/coolmarket.ba\/bs\/wp-json\/wp\/v2\/product\/15046","targetHints":{"allow":["GET"]}}],"collection":[{"href":"https:\/\/coolmarket.ba\/bs\/wp-json\/wp\/v2\/product"}],"about":[{"href":"https:\/\/coolmarket.ba\/bs\/wp-json\/wp\/v2\/types\/product"}],"wp:featuredmedia":[{"embeddable":true,"href":"https:\/\/coolmarket.ba\/bs\/wp-json\/wp\/v2\/media\/14695"}],"wp:attachment":[{"href":"https:\/\/coolmarket.ba\/bs\/wp-json\/wp\/v2\/media?parent=15046"}],"wp:term":[{"taxonomy":"product_cat","embeddable":true,"href":"https:\/\/coolmarket.ba\/bs\/wp-json\/wp\/v2\/product_cat?post=15046"},{"taxonomy":"product_tag","embeddable":true,"href":"https:\/\/coolmarket.ba\/bs\/wp-json\/wp\/v2\/product_tag?post=15046"}],"curies":[{"name":"wp","href":"https:\/\/api.w.org\/{rel}","templated":true}]}}