{"id":15044,"date":"2023-03-08T09:41:40","date_gmt":"2023-03-08T09:41:40","guid":{"rendered":"https:\/\/coolmarket.ba\/?post_type=product&#038;p=15044"},"modified":"2024-09-12T19:51:32","modified_gmt":"2024-09-12T19:51:32","slug":"vivax-cool-klima-inverter-wifi-modul-aevi-aeri","status":"publish","type":"product","link":"https:\/\/coolmarket.ba\/bs\/proizvod\/vivax-cool-klima-inverter-wifi-modul-aevi-aeri\/","title":{"rendered":"VIVAX COOL, KLIMA INVERTER, WiFi modul AEVI-AERI"},"content":{"rendered":"<p>WiFi modul namijenjen je za Vivax klima ure\u0111aje iz serija AEVI, AERI i AEMI. Jednostavno i lako upravljajte svojim klima ure\u0111ajom pomo\u0107u pametnog telefona putem aplikacije Nethome Plus. Prije dolaska ku\u0107i namjestite Va\u0161 klima ure\u0111aj putem aplikacije na \u017eeljenu temperaturu tako \u0107e prostor biti ugodno\u00a0rashla\u0111en prilikom Va\u0161eg dolaska ku\u0107i. Aplikaciju preuzmite sa App Store-a ili Google Play-a.<\/p>\n<p><img data-recalc-dims=\"1\" fetchpriority=\"high\" decoding=\"async\" class=\"size-full wp-image-15573 aligncenter\" src=\"https:\/\/i0.wp.com\/coolmarket.ba\/wp-content\/uploads\/2024\/07\/Grijanje-Vodoinstalacije-klimatizacija-2.png?resize=1170%2C433&#038;ssl=1\" alt=\"\" width=\"1170\" height=\"433\" srcset=\"https:\/\/i0.wp.com\/coolmarket.ba\/wp-content\/uploads\/2024\/07\/Grijanje-Vodoinstalacije-klimatizacija-2.png?w=1170&amp;ssl=1 1170w, https:\/\/i0.wp.com\/coolmarket.ba\/wp-content\/uploads\/2024\/07\/Grijanje-Vodoinstalacije-klimatizacija-2.png?resize=300%2C111&amp;ssl=1 300w, https:\/\/i0.wp.com\/coolmarket.ba\/wp-content\/uploads\/2024\/07\/Grijanje-Vodoinstalacije-klimatizacija-2.png?resize=1024%2C379&amp;ssl=1 1024w, https:\/\/i0.wp.com\/coolmarket.ba\/wp-content\/uploads\/2024\/07\/Grijanje-Vodoinstalacije-klimatizacija-2.png?resize=768%2C284&amp;ssl=1 768w, https:\/\/i0.wp.com\/coolmarket.ba\/wp-content\/uploads\/2024\/07\/Grijanje-Vodoinstalacije-klimatizacija-2.png?resize=18%2C7&amp;ssl=1 18w, https:\/\/i0.wp.com\/coolmarket.ba\/wp-content\/uploads\/2024\/07\/Grijanje-Vodoinstalacije-klimatizacija-2.png?resize=600%2C222&amp;ssl=1 600w, https:\/\/i0.wp.com\/coolmarket.ba\/wp-content\/uploads\/2024\/07\/Grijanje-Vodoinstalacije-klimatizacija-2.png?resize=64%2C24&amp;ssl=1 64w\" sizes=\"(max-width: 1170px) 100vw, 1170px\" \/><\/p>\n<p>&nbsp;<\/p>\n<p><strong>CoolMarket<\/strong> je va\u0161 pouzdani partner za prodaju, ugradnju i odr\u017eavanje klima ure\u0111aja, toplotnih pumpi te sistema za vodu i grijanje. Na\u0161a stru\u010dnost osigurava kvalitetne proizvode i vrhunske usluge kako bi va\u0161 dom ili poslovni prostor bio udoban i funkcionalan. Kontaktirajte nas za sve potrebe vezane za klimatizaciju, grijanje i vodoinstalacije. Dostupni smo na Viber i Whatsapp\u00a0 +387 62 53 53 50<\/p>","protected":false},"excerpt":{"rendered":"<p>WiFi modul namijenjen je za Vivax klima ure\u0111aje iz serija AEVI, AERI i AEMI. Jednostavno i lako upravljajte svojim klima ure\u0111ajom pomo\u0107u pametnog telefona putem aplikacije Nethome Plus. Prije dolaska ku\u0107i namjestite Va\u0161 klima ure\u0111aj putem aplikacije na \u017eeljenu temperaturu tako \u0107e prostor biti ugodno\u00a0rashla\u0111en prilikom Va\u0161eg dolaska ku\u0107i. Aplikaciju preuzmite sa App Store-a ili Google Play-a.<\/p>","protected":false},"featured_media":14694,"template":"","meta":{"om_disable_all_campaigns":false,"_monsterinsights_skip_tracking":false,"_monsterinsights_sitenote_active":false,"_monsterinsights_sitenote_note":"","_monsterinsights_sitenote_category":0},"product_cat":[305,306,588,589],"product_tag":[],"class_list":{"0":"post-15044","1":"product","2":"type-product","3":"status-publish","4":"has-post-thumbnail","6":"product_cat-grijanje-i-hladenje","7":"product_cat-klima-uredaji","8":"product_cat-rezervni-dijelovi","9":"product_cat-wireless-moduli","11":"first","12":"onbackorder","13":"taxable","14":"shipping-taxable","15":"product-type-simple"},"aioseo_notices":[],"_links":{"self":[{"href":"https:\/\/coolmarket.ba\/bs\/wp-json\/wp\/v2\/product\/15044","targetHints":{"allow":["GET"]}}],"collection":[{"href":"https:\/\/coolmarket.ba\/bs\/wp-json\/wp\/v2\/product"}],"about":[{"href":"https:\/\/coolmarket.ba\/bs\/wp-json\/wp\/v2\/types\/product"}],"wp:featuredmedia":[{"embeddable":true,"href":"https:\/\/coolmarket.ba\/bs\/wp-json\/wp\/v2\/media\/14694"}],"wp:attachment":[{"href":"https:\/\/coolmarket.ba\/bs\/wp-json\/wp\/v2\/media?parent=15044"}],"wp:term":[{"taxonomy":"product_cat","embeddable":true,"href":"https:\/\/coolmarket.ba\/bs\/wp-json\/wp\/v2\/product_cat?post=15044"},{"taxonomy":"product_tag","embeddable":true,"href":"https:\/\/coolmarket.ba\/bs\/wp-json\/wp\/v2\/product_tag?post=15044"}],"curies":[{"name":"wp","href":"https:\/\/api.w.org\/{rel}","templated":true}]}}