{"id":15043,"date":"2023-03-08T09:41:40","date_gmt":"2023-03-08T09:41:40","guid":{"rendered":"https:\/\/coolmarket.ba\/?post_type=product&#038;p=15043"},"modified":"2024-09-12T19:51:22","modified_gmt":"2024-09-12T19:51:22","slug":"vivax-cool-klima-inverter-acp-24ch70aex-7kw-24ka","status":"publish","type":"product","link":"https:\/\/coolmarket.ba\/bs\/proizvod\/vivax-cool-klima-inverter-acp-24ch70aex-7kw-24ka\/","title":{"rendered":"VIVAX COOL KLIMA INVERTER, ACP-24CH70AEX 7kW (24ka)"},"content":{"rendered":"<h2>Vivax klima uredjaj ACP-24CH70AEX Karakteristike<\/h2>\n<table class=\"kuredjaji_table table_specifikacija\">\n<tbody>\n<tr>\n<td class=\"first_column\" rowspan=\"3\">Model<\/td>\n<td>unutra\u0161nja jedinica<\/td>\n<td>ACP-24CH70AEX<\/td>\n<\/tr>\n<tr>\n<td>spolja\u0161nja jedinica<\/td>\n<td>ACP-24CH70AEX<\/td>\n<\/tr>\n<tr>\n<td>zemlja porekla<\/td>\n<td><\/td>\n<\/tr>\n<tr>\n<td class=\"first_column\">Hla\u0111enje<\/td>\n<td>potro\u0161nja pri hla\u0111enju(kW)<\/td>\n<td>2.502<\/td>\n<\/tr>\n<tr>\n<td class=\"first_column\">Grejanje<\/td>\n<td>potro\u0161nja pri grejanju(kW)<\/td>\n<td>2.374<\/td>\n<\/tr>\n<tr>\n<td class=\"first_column\" rowspan=\"2\">Dodatne funkcije<\/td>\n<td>uklanjanje vlage<\/td>\n<td><\/td>\n<\/tr>\n<tr>\n<td>WiFi<\/td>\n<td>Ne<\/td>\n<\/tr>\n<tr>\n<td class=\"first_column\" rowspan=\"5 \">Unutra\u0161nja jedinica<\/td>\n<td>protok vazduha (m3\/h)<\/td>\n<td><\/td>\n<\/tr>\n<tr>\n<td>dimenzije Vx\u0160xD (mm)<\/td>\n<td><\/td>\n<\/tr>\n<tr>\n<td>te\u017eina (kg)<\/td>\n<td><\/td>\n<\/tr>\n<tr>\n<td>display za o\u010ditavanje temperature<\/td>\n<td>Da<\/td>\n<\/tr>\n<tr>\n<td>nivo zvu\u010dne snage &#8211; buka (dB)<\/td>\n<td><\/td>\n<\/tr>\n<tr>\n<td class=\"first_column\" rowspan=\"3\">Spolja\u0161nja jedinica<\/td>\n<td>dimenzije Vx\u0160xD (mm)<\/td>\n<td><\/td>\n<\/tr>\n<tr>\n<td>te\u017eina (kg)<\/td>\n<td><\/td>\n<\/tr>\n<tr>\n<td>nivo zvu\u010dne snage &#8211; buka (dB)<\/td>\n<td><\/td>\n<\/tr>\n<tr>\n<td class=\"first_column\" rowspan=\"2\">Freon<\/td>\n<td>tip freona<\/td>\n<td>R410a<\/td>\n<\/tr>\n<tr>\n<td>koli\u010dina freona u sistemu (gr)1<\/td>\n<td><\/td>\n<\/tr>\n<tr>\n<td class=\"first_column\">Opseg rada<\/td>\n<td>spolja\u0161nji temperaturni opseg<\/td>\n<td>-7\u00b0C do +43\u00baC<\/td>\n<\/tr>\n<tr>\n<td class=\"first_column\">Instalacija<\/td>\n<td>maksimalno rastojanje unutr\/spolj. jed.(m)<\/td>\n<td><\/td>\n<\/tr>\n<tr>\n<td class=\"first_column\">Filteri<\/td>\n<td class=\"\">vrste<\/td>\n<\/tr>\n<\/tbody>\n<\/table>\n<p><img data-recalc-dims=\"1\" fetchpriority=\"high\" decoding=\"async\" class=\"size-full wp-image-15573 aligncenter\" src=\"https:\/\/i0.wp.com\/coolmarket.ba\/wp-content\/uploads\/2024\/07\/Grijanje-Vodoinstalacije-klimatizacija-2.png?resize=1170%2C433&#038;ssl=1\" alt=\"\" width=\"1170\" height=\"433\" srcset=\"https:\/\/i0.wp.com\/coolmarket.ba\/wp-content\/uploads\/2024\/07\/Grijanje-Vodoinstalacije-klimatizacija-2.png?w=1170&amp;ssl=1 1170w, https:\/\/i0.wp.com\/coolmarket.ba\/wp-content\/uploads\/2024\/07\/Grijanje-Vodoinstalacije-klimatizacija-2.png?resize=300%2C111&amp;ssl=1 300w, https:\/\/i0.wp.com\/coolmarket.ba\/wp-content\/uploads\/2024\/07\/Grijanje-Vodoinstalacije-klimatizacija-2.png?resize=1024%2C379&amp;ssl=1 1024w, https:\/\/i0.wp.com\/coolmarket.ba\/wp-content\/uploads\/2024\/07\/Grijanje-Vodoinstalacije-klimatizacija-2.png?resize=768%2C284&amp;ssl=1 768w, https:\/\/i0.wp.com\/coolmarket.ba\/wp-content\/uploads\/2024\/07\/Grijanje-Vodoinstalacije-klimatizacija-2.png?resize=18%2C7&amp;ssl=1 18w, https:\/\/i0.wp.com\/coolmarket.ba\/wp-content\/uploads\/2024\/07\/Grijanje-Vodoinstalacije-klimatizacija-2.png?resize=600%2C222&amp;ssl=1 600w, https:\/\/i0.wp.com\/coolmarket.ba\/wp-content\/uploads\/2024\/07\/Grijanje-Vodoinstalacije-klimatizacija-2.png?resize=64%2C24&amp;ssl=1 64w\" sizes=\"(max-width: 1170px) 100vw, 1170px\" \/><\/p>\n<p>&nbsp;<\/p>\n<p><strong>CoolMarket<\/strong> je va\u0161 pouzdani partner za prodaju, ugradnju i odr\u017eavanje klima ure\u0111aja, toplotnih pumpi te sistema za vodu i grijanje. Na\u0161a stru\u010dnost osigurava kvalitetne proizvode i vrhunske usluge kako bi va\u0161 dom ili poslovni prostor bio udoban i funkcionalan. Kontaktirajte nas za sve potrebe vezane za klimatizaciju, grijanje i vodoinstalacije. Dostupni smo na Viber i Whatsapp\u00a0 +387 62 53 53 50<\/p>","protected":false},"excerpt":{"rendered":"<p><strong>Tip:<\/strong>\u00a0zidni<br \/>\n<strong>Inverter:<\/strong>\u00a0Ne<br \/>\n<strong>Kapacitet hla\u0111enja:<\/strong>\u00a0<strong>24000 BTU<\/strong><br \/>\nEnergetska klasa:\u00a0<strong>C<\/strong>, EER: 2.81<br \/>\n<strong>Kapacitet grejanja:<\/strong>\u00a0<strong>26000 BTU<\/strong><br \/>\nEnergetska klasa:\u00a0<strong>C,\u00a0<\/strong>COP: 3.21<strong><br \/>\nFreon:<\/strong>\u00a0R410a<\/p>","protected":false},"featured_media":14693,"template":"","meta":{"om_disable_all_campaigns":false,"_monsterinsights_skip_tracking":false,"_monsterinsights_sitenote_active":false,"_monsterinsights_sitenote_note":"","_monsterinsights_sitenote_category":0},"product_cat":[329,511,305,306],"product_tag":[350,337,311,573,327,312,468,469,328,355,577,584,585,586,580,587,359,362],"class_list":{"0":"post-15043","1":"product","2":"type-product","3":"status-publish","4":"has-post-thumbnail","6":"product_cat-24ke-inverteri","7":"product_cat-24ke-klime","8":"product_cat-grijanje-i-hladenje","9":"product_cat-klima-uredaji","10":"product_tag-montaza-klima-zenica","11":"product_tag-prodaja-klima","12":"product_tag-prodaja-klima-uredaja","13":"product_tag-prodaja-vivax-klima","14":"product_tag-servis-klima","15":"product_tag-servis-klima-uredaja","16":"product_tag-servis-klima-zenica","17":"product_tag-servis-zenica","18":"product_tag-ugradnja-klima","19":"product_tag-vivax-bih","20":"product_tag-vivax-bosna-i-hercegovina","21":"product_tag-vivax-inverter-24ka","22":"product_tag-vivax-klima-24ka","23":"product_tag-vivax-klima-7kw","24":"product_tag-vivax-klima-inverter","25":"product_tag-vivax-klima-montaza","26":"product_tag-vivax-klime","27":"product_tag-vivax-zenica","29":"first","30":"onbackorder","31":"taxable","32":"shipping-taxable","33":"product-type-simple"},"aioseo_notices":[],"_links":{"self":[{"href":"https:\/\/coolmarket.ba\/bs\/wp-json\/wp\/v2\/product\/15043","targetHints":{"allow":["GET"]}}],"collection":[{"href":"https:\/\/coolmarket.ba\/bs\/wp-json\/wp\/v2\/product"}],"about":[{"href":"https:\/\/coolmarket.ba\/bs\/wp-json\/wp\/v2\/types\/product"}],"wp:featuredmedia":[{"embeddable":true,"href":"https:\/\/coolmarket.ba\/bs\/wp-json\/wp\/v2\/media\/14693"}],"wp:attachment":[{"href":"https:\/\/coolmarket.ba\/bs\/wp-json\/wp\/v2\/media?parent=15043"}],"wp:term":[{"taxonomy":"product_cat","embeddable":true,"href":"https:\/\/coolmarket.ba\/bs\/wp-json\/wp\/v2\/product_cat?post=15043"},{"taxonomy":"product_tag","embeddable":true,"href":"https:\/\/coolmarket.ba\/bs\/wp-json\/wp\/v2\/product_tag?post=15043"}],"curies":[{"name":"wp","href":"https:\/\/api.w.org\/{rel}","templated":true}]}}