{"id":15042,"date":"2023-03-08T09:41:39","date_gmt":"2023-03-08T09:41:39","guid":{"rendered":"https:\/\/coolmarket.ba\/?post_type=product&#038;p=15042"},"modified":"2024-09-12T19:54:01","modified_gmt":"2024-09-12T19:54:01","slug":"vivax-cool-klima-inverter-acp-18ch50auji-5kw-18ka","status":"publish","type":"product","link":"https:\/\/coolmarket.ba\/bs\/proizvod\/vivax-cool-klima-inverter-acp-18ch50auji-5kw-18ka\/","title":{"rendered":"VIVAX COOL, KLIMA INVERTER ACP-18CH50AUJI 5kW (18ka)"},"content":{"rendered":"<table>\n<tbody>\n<tr class=\"even\">\n<td><strong>Osnovne karakteristike<\/strong><\/td>\n<td><\/td>\n<\/tr>\n<tr class=\"odd\">\n<td>Kapacitet hla\u0111enja [kW]:<\/td>\n<td>5,4<\/td>\n<\/tr>\n<tr class=\"even\">\n<td>Kapacitet grijanja [kW]:<\/td>\n<td>5,8<\/td>\n<\/tr>\n<tr class=\"odd\">\n<td>Ekolo\u0161ki plin:<\/td>\n<td>R32<\/td>\n<\/tr>\n<tr class=\"even\">\n<td>Energetska klasa grijanja:<\/td>\n<td>A+<\/td>\n<\/tr>\n<tr class=\"odd\">\n<td>EER koeficijent:<\/td>\n<td>0<\/td>\n<\/tr>\n<tr class=\"even\">\n<td>COP koeficijent:<\/td>\n<td>0<\/td>\n<\/tr>\n<tr class=\"odd\">\n<td>Funkcionalnosti:<\/td>\n<td>ionizator, auto mode, auto restart, timer, I feel funkcija, samodijagnostika kvarova, soft start, sleep mode, Turbo mode<\/td>\n<\/tr>\n<tr class=\"even\">\n<td>Energetska klasa hla\u0111enja:<\/td>\n<td>A++<\/td>\n<\/tr>\n<tr class=\"odd\">\n<td>Funkcije:<\/td>\n<td>Isu\u0161iva\u010d preostale vlage, Grija\u010d kompresora i kondenzatora, Funkcija u\u0161tede energije, Pokretanje pri niskom naponu, Za\u0161tita ventila vanjske jedinice, Grijanje i hla\u0111enje pri temperaturi -15\u00b0C, Wi-Fi r<\/td>\n<\/tr>\n<tr class=\"even\">\n<td>SEER koeficijent:<\/td>\n<td>6,57<\/td>\n<\/tr>\n<tr class=\"odd\">\n<td>SCOP koeficijent:<\/td>\n<td>4<\/td>\n<\/tr>\n<tr class=\"even\">\n<td>Predvi\u0111eno optere\u0107enje pri grijanju:<\/td>\n<td>4<\/td>\n<\/tr>\n<tr class=\"odd\">\n<td>Ja\u010dina zvuka pri standardnim uvjetima (UJ) [dB]:<\/td>\n<td>56<\/td>\n<\/tr>\n<tr class=\"even\">\n<td>Ja\u010dina zvuka pri standardnim uvjetima (VJ) [dB]:<\/td>\n<td>64<\/td>\n<\/tr>\n<tr class=\"odd\">\n<td><strong>Ostale karakteristike<\/strong><\/td>\n<td><\/td>\n<\/tr>\n<tr class=\"even\">\n<td>Ostalo:<\/td>\n<td>LED ekran, bio filtar, dust filtar, ravna prednja maska<\/td>\n<\/tr>\n<tr class=\"odd\">\n<td>Ulazna snaga hla\u0111enja [W]:<\/td>\n<td>1650<\/td>\n<\/tr>\n<tr class=\"even\">\n<td>Ulazna snaga grijanja [W]:<\/td>\n<td>1490<\/td>\n<\/tr>\n<tr class=\"odd\">\n<td>Protok zraka [m3\/h]:<\/td>\n<td>900<\/td>\n<\/tr>\n<tr class=\"even\">\n<td>Kapacitet odvla\u017eivanja [l\/h]:<\/td>\n<td>1,8<\/td>\n<\/tr>\n<tr class=\"odd\">\n<td>Buka &#8211; UJ [dB(A)]:<\/td>\n<td>47<\/td>\n<\/tr>\n<tr class=\"even\">\n<td>Buka &#8211; VJ [dB(A)]:<\/td>\n<td>58<\/td>\n<\/tr>\n<tr class=\"odd\">\n<td>Podru\u010dje rada:<\/td>\n<td>-15\u00b0C\u2264T\u226450\u00b0C<\/td>\n<\/tr>\n<\/tbody>\n<\/table>\n<p><img data-recalc-dims=\"1\" fetchpriority=\"high\" decoding=\"async\" class=\"size-full wp-image-15573 aligncenter\" src=\"https:\/\/i0.wp.com\/coolmarket.ba\/wp-content\/uploads\/2024\/07\/Grijanje-Vodoinstalacije-klimatizacija-2.png?resize=1170%2C433&#038;ssl=1\" alt=\"\" width=\"1170\" height=\"433\" srcset=\"https:\/\/i0.wp.com\/coolmarket.ba\/wp-content\/uploads\/2024\/07\/Grijanje-Vodoinstalacije-klimatizacija-2.png?w=1170&amp;ssl=1 1170w, https:\/\/i0.wp.com\/coolmarket.ba\/wp-content\/uploads\/2024\/07\/Grijanje-Vodoinstalacije-klimatizacija-2.png?resize=300%2C111&amp;ssl=1 300w, https:\/\/i0.wp.com\/coolmarket.ba\/wp-content\/uploads\/2024\/07\/Grijanje-Vodoinstalacije-klimatizacija-2.png?resize=1024%2C379&amp;ssl=1 1024w, https:\/\/i0.wp.com\/coolmarket.ba\/wp-content\/uploads\/2024\/07\/Grijanje-Vodoinstalacije-klimatizacija-2.png?resize=768%2C284&amp;ssl=1 768w, https:\/\/i0.wp.com\/coolmarket.ba\/wp-content\/uploads\/2024\/07\/Grijanje-Vodoinstalacije-klimatizacija-2.png?resize=18%2C7&amp;ssl=1 18w, https:\/\/i0.wp.com\/coolmarket.ba\/wp-content\/uploads\/2024\/07\/Grijanje-Vodoinstalacije-klimatizacija-2.png?resize=600%2C222&amp;ssl=1 600w, https:\/\/i0.wp.com\/coolmarket.ba\/wp-content\/uploads\/2024\/07\/Grijanje-Vodoinstalacije-klimatizacija-2.png?resize=64%2C24&amp;ssl=1 64w\" sizes=\"(max-width: 1170px) 100vw, 1170px\" \/><\/p>\n<p>&nbsp;<\/p>\n<p><strong>CoolMarket<\/strong> je va\u0161 pouzdani partner za prodaju, ugradnju i odr\u017eavanje klima ure\u0111aja, toplotnih pumpi te sistema za vodu i grijanje. Na\u0161a stru\u010dnost osigurava kvalitetne proizvode i vrhunske usluge kako bi va\u0161 dom ili poslovni prostor bio udoban i funkcionalan. Kontaktirajte nas za sve potrebe vezane za klimatizaciju, grijanje i vodoinstalacije. Dostupni smo na Viber i Whatsapp\u00a0 +387 62 53 53 50<\/p>","protected":false},"excerpt":{"rendered":"<p><strong>Pokriveni prostor:<\/strong>\u00a018-ka<\/p>\n<p><strong>Tip ure\u0111aja:<\/strong>\u00a0Inverter Split sistem klima ure\u0111aji<\/p>\n<p><strong>Kapacitet hla\u0111enja:<\/strong>\u00a0[kW] 5,4 W<\/p>\n<p><strong>Kapacitet grijanja:<\/strong>\u00a0[kW] 5,8 W<\/p>\n<p><strong>Nominalni kapacitet:<\/strong>\u00a0[kW] &#8211;<\/p>\n<p><strong>Energetska klasa grijanja:<\/strong>\u00a0A+<\/p>\n<p><strong>Energetska klasa hla\u0111enja:<\/strong>\u00a0A++<\/p>\n<p><strong>Potro\u0161nja struje pri grijanju:<\/strong>\u00a01490 W<\/p>\n<p><strong>Potro\u0161nja struje pri hla\u0111enju:<\/strong>\u00a01650 W<\/p>\n<p><strong>Dodatni benefiti:<\/strong>\u00a0I feel funkcija, Turbo mode, auto mode, auto restart, golden fin, ionizator, samodijagnostika kvarova, sleep mode, soft start, timer<\/p>","protected":false},"featured_media":14691,"template":"","meta":{"om_disable_all_campaigns":false,"_monsterinsights_skip_tracking":false,"_monsterinsights_sitenote_active":false,"_monsterinsights_sitenote_note":"","_monsterinsights_sitenote_category":0},"product_cat":[307,305,306],"product_tag":[571,330,465,572,337,454,311,352,573,327,312,469,574,575,576,577,578,579,580,581,582,583,359],"class_list":{"0":"post-15042","1":"product","2":"type-product","3":"status-publish","4":"has-post-thumbnail","6":"product_cat-18ke-inverteri","7":"product_cat-grijanje-i-hladenje","8":"product_cat-klima-uredaji","9":"product_tag-montaza-invertera","10":"product_tag-montaza-klima-uredjaja","11":"product_tag-montaza-klime-zenica","12":"product_tag-montaza-vivax-klima","13":"product_tag-prodaja-klima","14":"product_tag-prodaja-klima-bih","15":"product_tag-prodaja-klima-uredaja","16":"product_tag-prodaja-klima-zenica","17":"product_tag-prodaja-vivax-klima","18":"product_tag-servis-klima","19":"product_tag-servis-klima-uredaja","20":"product_tag-servis-zenica","21":"product_tag-ugradnja-klima-uredaja","22":"product_tag-vivax-18ka","23":"product_tag-vivax-5kw","24":"product_tag-vivax-bosna-i-hercegovina","25":"product_tag-vivax-klima-5kw","26":"product_tag-vivax-klima-bih","27":"product_tag-vivax-klima-inverter","28":"product_tag-vivax-klima-inverter-18ka","29":"product_tag-vivax-klima-inverter-zenica","30":"product_tag-vivax-klima-zenica","31":"product_tag-vivax-klime","33":"first","34":"onbackorder","35":"taxable","36":"shipping-taxable","37":"product-type-simple"},"aioseo_notices":[],"_links":{"self":[{"href":"https:\/\/coolmarket.ba\/bs\/wp-json\/wp\/v2\/product\/15042","targetHints":{"allow":["GET"]}}],"collection":[{"href":"https:\/\/coolmarket.ba\/bs\/wp-json\/wp\/v2\/product"}],"about":[{"href":"https:\/\/coolmarket.ba\/bs\/wp-json\/wp\/v2\/types\/product"}],"wp:featuredmedia":[{"embeddable":true,"href":"https:\/\/coolmarket.ba\/bs\/wp-json\/wp\/v2\/media\/14691"}],"wp:attachment":[{"href":"https:\/\/coolmarket.ba\/bs\/wp-json\/wp\/v2\/media?parent=15042"}],"wp:term":[{"taxonomy":"product_cat","embeddable":true,"href":"https:\/\/coolmarket.ba\/bs\/wp-json\/wp\/v2\/product_cat?post=15042"},{"taxonomy":"product_tag","embeddable":true,"href":"https:\/\/coolmarket.ba\/bs\/wp-json\/wp\/v2\/product_tag?post=15042"}],"curies":[{"name":"wp","href":"https:\/\/api.w.org\/{rel}","templated":true}]}}