{"id":15035,"date":"2023-03-08T09:41:38","date_gmt":"2023-03-08T09:41:38","guid":{"rendered":"https:\/\/coolmarket.ba\/?post_type=product&#038;p=15035"},"modified":"2024-09-13T10:27:32","modified_gmt":"2024-09-13T10:27:32","slug":"gree-lomo-regular-inverter-gwh12qc-3-5kw-12-ka","status":"publish","type":"product","link":"https:\/\/coolmarket.ba\/bs\/proizvod\/gree-lomo-regular-inverter-gwh12qc-3-5kw-12-ka\/","title":{"rendered":"GREE LOMO REGULAR GWH12QC"},"content":{"rendered":"<h2>GREE KLIMA URE\u0110AJ\u00a0GWH12QC R32<br \/>\nLOMO REGULAR\u00a0&#8211; komplet zidna unutarnja i vanjska jedinica<\/h2>\n<h4>Jedinica je opremljena izmjenjiva\u010dem topline s direktnom ekspanzijom freona, ukrasnom maskom besprijekornog dizajna, te svim potrebnim elementima za za\u0161titu, kontrolu i regulaciju ure\u0111aja i temperature.<\/h4>\n<h4>Jedinica je opremljena s be\u017ei\u010dnim daljinskim upravlja\u010dem s LED pozadinskim osvjetljenjem.<\/h4>\n<h3>Standardne karakteristike koje klima posjeduje:<\/h3>\n<ul>\n<li>Wi-Fi su\u010delje<\/li>\n<li>Ionizator zraka<\/li>\n<li>Healthy filter<\/li>\n<li>Nevidljivi display<\/li>\n<li>Inteligentno automatsko pokretanje<\/li>\n<li>Samodijagnoza<\/li>\n<li>G10 tehnologija<\/li>\n<li>I-Feel funkcija<\/li>\n<li>Dizajn samosu\u0161enja protiv plijesni<\/li>\n<li>Grija\u010d na vanjskoj jedinici<\/li>\n<li>Grijanje do -22\u00b0C<\/li>\n<\/ul>\n<div><\/div>\n<div><\/div>\n<div><img data-recalc-dims=\"1\" decoding=\"async\" src=\"https:\/\/i0.wp.com\/elfix.ba\/wp-content\/uploads\/2021\/03\/gree-lomo-regular-tehnicki-podaci-klimakoncept.jpg?w=1300&#038;ssl=1\" alt=\"\" border=\"0\" \/><\/div>\n<div><\/div>\n<div>\n<div>Unutarnja zidna jedinica\u00a0Lomo Regular serije\u00a0sa sustavom grijanja\/hla\u0111enja, opremljena 7-brzinskim elektromotorom, izmjenjiva\u010dem topline s direktnom ekspanzijom freona, ukrasnom maskom, te svim potrebnim elementima za za\u0161titu, kontrolu i regulaciju ure\u0111aja i temperature. Lomo Regular dolazi sa integriranim Wi-Fi su\u010deljem, sustavom za inteligentno ponovno pokretanje, slijede\u0107ih tehni\u010dkih zna\u010dajki:<\/div>\n<div>&#8211; u\u010dinak hla\u0111enja: Qh = 3,50 (0,70 \u2013 4,00)\u00a0 kW<br \/>\n&#8211; u\u010dinak grijanja:\u00a0 \u00a0Qg = 3,67 (0,80 \u2013 4,50) kW<br \/>\n&#8211; radni medij: R32<br \/>\n&#8211; dimenzije \u0160 x V x D (mm):\u00a0 845 x 289 x 209<br \/>\n&#8211; masa: 10,5 kg<br \/>\n&#8211; razina zvu\u010dnog tlaka: 42\/38\/35\/32\/30\/28\/26 dB(A)<br \/>\n&#8211; razina zvu\u010dne snage: 57\/50\/47\/44\/42\/40\/38 dB(A)<br \/>\n&#8211; koli\u010dina zraka: V = 680-620-560-490-450-420-390 m3\/h<br \/>\n-standardno: WiFi su\u010delje za upravljanje preko interneta; be\u017ei\u010dni daljinski upravlja\u010d<\/div>\n<div><\/div>\n<div><\/div>\n<div>Vanjska jedinica\u00a0split sustava (reverzibilna dizalica topline), za\u0161ti\u0107ena od vremenskih utjecaja, s ugra\u0111enim kompresorom s inverterskom regulacijom snage i potro\u0161nje, kit-om za rad na niskim temperaturama, te svim potrebnim elementima za za\u0161titu, kontrolu i regulaciju ure\u0111aja i funkcionalan rad, sljede\u0107ih tehni\u010dkih zna\u010dajki:<br \/>\n&#8211; u\u010dinak hla\u0111enja: Qh = 3,50 (0,70 &#8211; 4,00) kW<br \/>\n&#8211; u\u010dinak grijanja:\u00a0 \u00a0Qg = 3,67 (0,80 &#8211; 4,50) kW<br \/>\n&#8211; apsorbirana snaga hla\u0111enja: 1085 (90 &#8211; 1450) W<br \/>\n&#8211; apsorbirana snaga grijanja: 990 (180 &#8211; 1500) W<br \/>\n&#8211; energetska u\u010dinkovitost: SEER = 7,00 (A++)<br \/>\nSCOP = 4,00 (A+)<br \/>\n&#8211; napajanje: 1 ph \/ 220~240 V \/ 50 Hz<br \/>\n&#8211; radni medij: R32<br \/>\n&#8211; dimenzije \u0160 \u00d7 V \u00d7 D (mm): 848 x 596 x 320<br \/>\n&#8211; masa: 31 kg<br \/>\n&#8211; razina zvu\u010dnog tlaka: 52 dB (A)<br \/>\n&#8211; razina zvu\u010dne snage: 62 dB(A)<br \/>\n&#8211; podru\u010dje hla\u0111enja: -15\u00b0C do +43\u00b0C<br \/>\n&#8211; podru\u010dje grijanja:\u00a0 \u00a0-22\u00b0C do +24\u00b0C<br \/>\n&#8211; maksimalna dozvoljena duljina cijevnog razvoda: 20 m<br \/>\n&#8211; maksimalna dozvoljena visina cijevnog razvoda: 10 m<br \/>\n&#8211; priklju\u010dak R32 &#8211; teku\u0107a faza: 6,35 mm<br \/>\n&#8211; priklju\u010dak R32 &#8211; plinovita faza: 9,52 mm<\/div>\n<\/div>\n<div>\n<p><img data-recalc-dims=\"1\" fetchpriority=\"high\" decoding=\"async\" class=\"size-full wp-image-15573 aligncenter\" src=\"https:\/\/i0.wp.com\/coolmarket.ba\/wp-content\/uploads\/2024\/07\/Grijanje-Vodoinstalacije-klimatizacija-2.png?resize=1170%2C433&#038;ssl=1\" alt=\"\" width=\"1170\" height=\"433\" srcset=\"https:\/\/i0.wp.com\/coolmarket.ba\/wp-content\/uploads\/2024\/07\/Grijanje-Vodoinstalacije-klimatizacija-2.png?w=1170&amp;ssl=1 1170w, https:\/\/i0.wp.com\/coolmarket.ba\/wp-content\/uploads\/2024\/07\/Grijanje-Vodoinstalacije-klimatizacija-2.png?resize=300%2C111&amp;ssl=1 300w, https:\/\/i0.wp.com\/coolmarket.ba\/wp-content\/uploads\/2024\/07\/Grijanje-Vodoinstalacije-klimatizacija-2.png?resize=1024%2C379&amp;ssl=1 1024w, https:\/\/i0.wp.com\/coolmarket.ba\/wp-content\/uploads\/2024\/07\/Grijanje-Vodoinstalacije-klimatizacija-2.png?resize=768%2C284&amp;ssl=1 768w, https:\/\/i0.wp.com\/coolmarket.ba\/wp-content\/uploads\/2024\/07\/Grijanje-Vodoinstalacije-klimatizacija-2.png?resize=18%2C7&amp;ssl=1 18w, https:\/\/i0.wp.com\/coolmarket.ba\/wp-content\/uploads\/2024\/07\/Grijanje-Vodoinstalacije-klimatizacija-2.png?resize=600%2C222&amp;ssl=1 600w, https:\/\/i0.wp.com\/coolmarket.ba\/wp-content\/uploads\/2024\/07\/Grijanje-Vodoinstalacije-klimatizacija-2.png?resize=64%2C24&amp;ssl=1 64w\" sizes=\"(max-width: 1170px) 100vw, 1170px\" \/><\/p>\n<p>&nbsp;<\/p>\n<p><strong>CoolMarket<\/strong> je va\u0161 pouzdani partner za prodaju, ugradnju i odr\u017eavanje klima ure\u0111aja, toplotnih pumpi te sistema za vodu i grijanje. Na\u0161a stru\u010dnost osigurava kvalitetne proizvode i vrhunske usluge kako bi va\u0161 dom ili poslovni prostor bio udoban i funkcionalan. Kontaktirajte nas za sve potrebe vezane za klimatizaciju, grijanje i vodoinstalacije. Dostupni smo na Viber i Whatsapp\u00a0 +387 62 53 53 50<\/p>\n<\/div>","protected":false},"excerpt":{"rendered":"<ul>\n<li>Zidna unutarnja i vanjska jedinica<\/li>\n<li>U\u010dinak hla\u0111enja: 3,5kW (0,70\u00a0&#8211; 4,00) kW<\/li>\n<li>U\u010dinak grijanja: 3,67kW\u00a0 (0,80\u00a0 &#8211; 4,50) kW<\/li>\n<li>Grijanje do -22\u00b0C<\/li>\n<li>Prikladno za prostor: 35m2<\/li>\n<li>Energetska klasa: A++<\/li>\n<li>Wi-Fi upravljanje je uklju\u010deno u cijenu<\/li>\n<li>Tvorni\u010dka garancija: 3 godine<\/li>\n<\/ul>","protected":false},"featured_media":14683,"template":"","meta":{"om_disable_all_campaigns":false,"_monsterinsights_skip_tracking":false,"_monsterinsights_sitenote_active":false,"_monsterinsights_sitenote_note":"","_monsterinsights_sitenote_category":0},"product_cat":[335,383,306],"product_tag":[],"class_list":{"0":"post-15035","1":"product","2":"type-product","3":"status-publish","4":"has-post-thumbnail","6":"product_cat-12ke-inverteri","7":"product_cat-gree","8":"product_cat-klima-uredaji","10":"first","11":"outofstock","12":"taxable","13":"shipping-taxable","14":"product-type-simple"},"aioseo_notices":[],"_links":{"self":[{"href":"https:\/\/coolmarket.ba\/bs\/wp-json\/wp\/v2\/product\/15035","targetHints":{"allow":["GET"]}}],"collection":[{"href":"https:\/\/coolmarket.ba\/bs\/wp-json\/wp\/v2\/product"}],"about":[{"href":"https:\/\/coolmarket.ba\/bs\/wp-json\/wp\/v2\/types\/product"}],"wp:featuredmedia":[{"embeddable":true,"href":"https:\/\/coolmarket.ba\/bs\/wp-json\/wp\/v2\/media\/14683"}],"wp:attachment":[{"href":"https:\/\/coolmarket.ba\/bs\/wp-json\/wp\/v2\/media?parent=15035"}],"wp:term":[{"taxonomy":"product_cat","embeddable":true,"href":"https:\/\/coolmarket.ba\/bs\/wp-json\/wp\/v2\/product_cat?post=15035"},{"taxonomy":"product_tag","embeddable":true,"href":"https:\/\/coolmarket.ba\/bs\/wp-json\/wp\/v2\/product_tag?post=15035"}],"curies":[{"name":"wp","href":"https:\/\/api.w.org\/{rel}","templated":true}]}}