{"id":15034,"date":"2023-03-08T09:41:38","date_gmt":"2023-03-08T09:41:38","guid":{"rendered":"https:\/\/coolmarket.ba\/?post_type=product&#038;p=15034"},"modified":"2024-09-13T10:22:17","modified_gmt":"2024-09-13T10:22:17","slug":"gree-klima-inverter-lomo-economical-gwh09qb-2-5kw-9ka","status":"publish","type":"product","link":"https:\/\/coolmarket.ba\/bs\/proizvod\/gree-klima-inverter-lomo-economical-gwh09qb-2-5kw-9ka\/","title":{"rendered":"GREE LOMO ECONOMICAL GWH09QB"},"content":{"rendered":"<h2>GREE KLIMA URE\u0110AJ\u00a0GWH09QB R32<br \/>\nLOMO ECONOMICAL\u00a0&#8211; komplet zidna unutarnja i vanjska jedinica<\/h2>\n<h4><\/h4>\n<p><strong>Gree tvorni\u010dko Jamstvo \u2013 3 godine.<\/strong><br \/>\nJamstvo na ure\u0111aj priznaje se ukoliko je ure\u0111aj redovno godi\u0161nje (svakih 12 mjeseci) servisiran od strane ovla\u0161tenog servisera te montiran od strane ovla\u0161tenog servisa i po pravilima struke.<\/p>\n<p><img fetchpriority=\"high\" decoding=\"async\" class=\"alignleft wp-image-37643\" src=\"https:\/\/i0.wp.com\/coolmarket.ba\/wp-content\/uploads\/2021\/03\/Wifi_upravljanje.png?resize=625%2C371&#038;ssl=1\" alt=\"\" width=\"625\" height=\"371\" data-recalc-dims=\"1\" \/><\/p>\n<p>Wi-Fi su\u010delje standardno dolazi standardno sa unutarnjim jedinicama Lomo Economical,\u00a0 Lomo\u00a0 Regular,\u00a0 Amber\u00a0 i\u00a0 U-Crown.\u00a0 Ono\u00a0 omogu\u0107ava\u00a0 Wi-Fi kontrolu\u00a0 klima\u00a0 ure\u0111aja\u00a0 putem\u00a0 mobilnog\u00a0 telefona,\u00a0 ra\u010dunala\u00a0 ili\u00a0 tableta osiguravaju\u0107i\u00a0 krajnjim\u00a0 korisnicima\u00a0 ve\u0107u\u00a0 fleksibilnost\u00a0 prilikom\u00a0 postizanja \u017eeljene udobnosti u prostoriji.<\/p>\n<div><\/div>\n<div><img data-recalc-dims=\"1\" decoding=\"async\" src=\"https:\/\/i0.wp.com\/elfix.ba\/wp-content\/uploads\/2021\/03\/gree-lomo-economical-tehnicki-podaci-klimakoncept.jpg?w=1300&#038;ssl=1\" alt=\"\" border=\"0\" \/><\/div>\n<div>\n<div>Unutarnja zidna jedinica\u00a0Lomo Economical serije\u00a0sa sustavom grijanja\/hla\u0111enja, opremljena 4-brzinskim elektromotorom, izmjenjiva\u010dem topline s direktnom ekspanzijom freona, ukrasnom maskom, te svim potrebnim elementima za za\u0161titu, kontrolu i regulaciju ure\u0111aja i temperature. Serija Lomo Economical je energetske klase A++,\u00a0 opremljen je sustavom za inteligentno ponovno pokretanje te integriranim Wi-Fi su\u010deljem za globalno upravljanje, sljede\u0107ih je tehni\u010dkih zna\u010dajki:<\/div>\n<div>&#8211; u\u010dinak hla\u0111enja: Qh = 2,50 (0,50 &#8211; 3,35) kW<br \/>\n&#8211; u\u010dinak grijanja:\u00a0 \u00a0Qg = 2,80 (0,50 &#8211; 3,50) kW<br \/>\n&#8211; radni medij: R32<br \/>\n&#8211; dimenzije \u0160 x V x D (mm):\u00a0 790 x 275 x 200<br \/>\n&#8211; masa: 9 kg<br \/>\n&#8211; razina zvu\u010dnog tlaka: 39\/36\/32\/28 dB(A)<br \/>\n&#8211; razina zvu\u010dne snage: 55\/52\/44\/38 dB(A)<br \/>\n&#8211; koli\u010dina zraka: V = 560\/490\/430\/330 m3\/h<br \/>\n-standardno: WiFi su\u010delje za upravljanje preko interneta; be\u017ei\u010dni daljinsku upravlja\u010d<\/div>\n<div><\/div>\n<div>\n<p>Vanjska jedinica\u00a0split sustava (reverzibilna dizalica topline), za\u0161ti\u0107ena od vremenskih utjecaja, s ugra\u0111enim kompresorom s inverterskom regulacijom snage i potro\u0161nje, te svim potrebnim elementima za za\u0161titu, kontrolu i regulaciju ure\u0111aja i funkcionalan rad, sljede\u0107ih tehni\u010dkih zna\u010dajki:<\/p>\n<\/div>\n<div>&#8211; u\u010dinak hla\u0111enja: Qh = 2,50 (0,50 &#8211; 3,35) kW<br \/>\n&#8211; u\u010dinak grijanja:\u00a0 \u00a0Qg = 2,80 (0,50 &#8211; 3,50) kW<br \/>\n&#8211; apsorbirana snaga hla\u0111enja: 805 (160 &#8211; 1400) W<br \/>\n&#8211; apsorbirana snaga grijanja: 755 (200 &#8211; 1500) W<br \/>\n&#8211; energetska u\u010dinkovitost: SEER = 6,10 (A++)<br \/>\nSCOP = 4,00 (A+)<br \/>\n&#8211; napajanje: 1 ph \/ 220~240 V \/ 50 Hz<br \/>\n&#8211; radni medij: R32<br \/>\n&#8211; dimenzije \u0160 \u00d7 V \u00d7 D (mm):\u00a0 776 x 540 x 320<br \/>\n&#8211; masa: 29,5 kg<br \/>\n&#8211; razina zvu\u010dnog tlaka: 52 dB (A)<br \/>\n&#8211; razina zvu\u010dne snage: 61 dB(A)<br \/>\n&#8211; podru\u010dje hla\u0111enja: -15\u00b0C do +43\u00b0C<br \/>\n&#8211; podru\u010dje grijanja:\u00a0 \u00a0-15\u00b0C do +24\u00b0C<br \/>\n&#8211; maksimalna dozvoljena duljina cijevnog razvoda: 15 m<br \/>\n&#8211; maksimalna dozvoljena visina cijevnog razvoda: 10 m<br \/>\n&#8211; priklju\u010dak R32 &#8211; teku\u0107a faza: 6,35 mm<br \/>\n&#8211; priklju\u010dak R32 &#8211; plinovita faza: 9,52 mm<\/div>\n<\/div>\n<div>\n<p><img data-recalc-dims=\"1\" decoding=\"async\" class=\"size-full wp-image-15573 aligncenter\" src=\"https:\/\/i0.wp.com\/coolmarket.ba\/wp-content\/uploads\/2024\/07\/Grijanje-Vodoinstalacije-klimatizacija-2.png?resize=1170%2C433&#038;ssl=1\" alt=\"\" width=\"1170\" height=\"433\" srcset=\"https:\/\/i0.wp.com\/coolmarket.ba\/wp-content\/uploads\/2024\/07\/Grijanje-Vodoinstalacije-klimatizacija-2.png?w=1170&amp;ssl=1 1170w, https:\/\/i0.wp.com\/coolmarket.ba\/wp-content\/uploads\/2024\/07\/Grijanje-Vodoinstalacije-klimatizacija-2.png?resize=300%2C111&amp;ssl=1 300w, https:\/\/i0.wp.com\/coolmarket.ba\/wp-content\/uploads\/2024\/07\/Grijanje-Vodoinstalacije-klimatizacija-2.png?resize=1024%2C379&amp;ssl=1 1024w, https:\/\/i0.wp.com\/coolmarket.ba\/wp-content\/uploads\/2024\/07\/Grijanje-Vodoinstalacije-klimatizacija-2.png?resize=768%2C284&amp;ssl=1 768w, https:\/\/i0.wp.com\/coolmarket.ba\/wp-content\/uploads\/2024\/07\/Grijanje-Vodoinstalacije-klimatizacija-2.png?resize=18%2C7&amp;ssl=1 18w, https:\/\/i0.wp.com\/coolmarket.ba\/wp-content\/uploads\/2024\/07\/Grijanje-Vodoinstalacije-klimatizacija-2.png?resize=600%2C222&amp;ssl=1 600w, https:\/\/i0.wp.com\/coolmarket.ba\/wp-content\/uploads\/2024\/07\/Grijanje-Vodoinstalacije-klimatizacija-2.png?resize=64%2C24&amp;ssl=1 64w\" sizes=\"(max-width: 1170px) 100vw, 1170px\" \/><\/p>\n<p>&nbsp;<\/p>\n<p><strong>CoolMarket<\/strong> je va\u0161 pouzdani partner za prodaju, ugradnju i odr\u017eavanje klima ure\u0111aja, toplotnih pumpi te sistema za vodu i grijanje. Na\u0161a stru\u010dnost osigurava kvalitetne proizvode i vrhunske usluge kako bi va\u0161 dom ili poslovni prostor bio udoban i funkcionalan. Kontaktirajte nas za sve potrebe vezane za klimatizaciju, grijanje i vodoinstalacije. Dostupni smo na Viber i Whatsapp\u00a0 +387 62 53 53 50<\/p>\n<\/div>","protected":false},"excerpt":{"rendered":"<ul>\n<li>\n<table>\n<tbody>\n<tr class=\"tr_highlight\">\n<td class=\"table_cat_heading\">Naziv serije<\/td>\n<td>Gree Lomo Inverter<\/td>\n<\/tr>\n<tr class=\"tr_highlight\">\n<td class=\"table_cat_heading\">Boja<\/td>\n<td>bijelo<br \/>\nsrebrnasto<br \/>\nzlato<\/td>\n<\/tr>\n<tr class=\"tr_highlight\">\n<td class=\"table_cat_heading\">Na\u010dini rada<\/td>\n<td>hla\u0111enje<br \/>\ngrijanje<br \/>\n\u010di\u0161\u0107enje<br \/>\nodvla\u017eivanje<br \/>\nventilacija<\/td>\n<\/tr>\n<tr class=\"tr_highlight\">\n<td class=\"table_cat_heading\">Preporu\u010dena povr\u0161ina sobe (m2)<\/td>\n<td>27<\/td>\n<\/tr>\n<tr class=\"tr_highlight\">\n<td class=\"table_cat_heading\">Oznaka klima ure\u0111aja (BTU)<\/td>\n<td>9<\/td>\n<\/tr>\n<tr class=\"tr_highlight\">\n<td class=\"table_cat_heading\">Tip kompresora<\/td>\n<td>Inverter<\/td>\n<\/tr>\n<tr class=\"tr_highlight\">\n<td class=\"table_cat_heading\">Radna temperatura hla\u0111enja<\/td>\n<td>-15 \u00b0 C do + 43 \u00b0 C<\/td>\n<\/tr>\n<tr class=\"tr_highlight\">\n<td class=\"table_cat_heading\">Radna temperatura za grijanje zimi<\/td>\n<td>-22 \u00b0 C do + 24 \u00b0 C<\/td>\n<\/tr>\n<\/tbody>\n<\/table>\n<\/li>\n<\/ul>","protected":false},"featured_media":14688,"template":"","meta":{"om_disable_all_campaigns":false,"_monsterinsights_skip_tracking":false,"_monsterinsights_sitenote_active":false,"_monsterinsights_sitenote_note":"","_monsterinsights_sitenote_category":0},"product_cat":[400,383,305,401,306,348],"product_tag":[555,541,530,531,532,556,534,557,536,537,478,540,330,465,337,311,352,327,312,468,469,328],"class_list":{"0":"post-15034","1":"product","2":"type-product","3":"status-publish","4":"has-post-thumbnail","6":"product_cat-9ke-inverteri","7":"product_cat-gree","8":"product_cat-grijanje-i-hladenje","9":"product_cat-klima-inverteri","10":"product_cat-klima-uredaji","11":"product_cat-klima-uredaji-klima-uredaji","12":"product_tag-gree-2-5kw","13":"product_tag-gree-bih","14":"product_tag-gree-bosna-i-hercegovina","15":"product_tag-gree-inverter","16":"product_tag-gree-klima","17":"product_tag-gree-klima-9ka","18":"product_tag-gree-klima-inverter","19":"product_tag-gree-klima-lomo-economical","20":"product_tag-gree-klima-uredaj","21":"product_tag-gree-klima-zenica","22":"product_tag-klima-uredaj","23":"product_tag-montaza-gree-klime","24":"product_tag-montaza-klima-uredjaja","25":"product_tag-montaza-klime-zenica","26":"product_tag-prodaja-klima","27":"product_tag-prodaja-klima-uredaja","28":"product_tag-prodaja-klima-zenica","29":"product_tag-servis-klima","30":"product_tag-servis-klima-uredaja","31":"product_tag-servis-klima-zenica","32":"product_tag-servis-zenica","33":"product_tag-ugradnja-klima","35":"first","36":"onbackorder","37":"taxable","38":"shipping-taxable","39":"product-type-simple"},"aioseo_notices":[],"_links":{"self":[{"href":"https:\/\/coolmarket.ba\/bs\/wp-json\/wp\/v2\/product\/15034","targetHints":{"allow":["GET"]}}],"collection":[{"href":"https:\/\/coolmarket.ba\/bs\/wp-json\/wp\/v2\/product"}],"about":[{"href":"https:\/\/coolmarket.ba\/bs\/wp-json\/wp\/v2\/types\/product"}],"wp:featuredmedia":[{"embeddable":true,"href":"https:\/\/coolmarket.ba\/bs\/wp-json\/wp\/v2\/media\/14688"}],"wp:attachment":[{"href":"https:\/\/coolmarket.ba\/bs\/wp-json\/wp\/v2\/media?parent=15034"}],"wp:term":[{"taxonomy":"product_cat","embeddable":true,"href":"https:\/\/coolmarket.ba\/bs\/wp-json\/wp\/v2\/product_cat?post=15034"},{"taxonomy":"product_tag","embeddable":true,"href":"https:\/\/coolmarket.ba\/bs\/wp-json\/wp\/v2\/product_tag?post=15034"}],"curies":[{"name":"wp","href":"https:\/\/api.w.org\/{rel}","templated":true}]}}