{"id":15017,"date":"2023-03-08T09:41:14","date_gmt":"2023-03-08T09:41:14","guid":{"rendered":"https:\/\/coolmarket.ba\/?post_type=product&#038;p=15017"},"modified":"2024-09-13T10:40:37","modified_gmt":"2024-09-13T10:40:37","slug":"bosch-klima-inverter-5000-rac-70-7kw-24-ka","status":"publish","type":"product","link":"https:\/\/coolmarket.ba\/bs\/proizvod\/bosch-klima-inverter-5000-rac-70-7kw-24-ka\/","title":{"rendered":"BOSCH KLIMA INVERTER 5000 RAC 7,0 7kW (24-ka)"},"content":{"rendered":"<h2 id=\"accordion-description\"><span class=\"product-id\">SPECIFIKACIJE<\/span><\/h2>\n<div class=\"col-lg-offset-1 col-lg-10 col-xs-12\">\n<table id=\"product-details-table\" class=\"col-xs-12\">\n<tbody>\n<tr>\n<td class=\"left col-xs-4\"><label>EAN:<\/label><\/td>\n<td class=\"right col-xs-7\"><span class=\"attribute-details\">4057749783370\u00a0<\/span><\/td>\n<\/tr>\n<tr>\n<td class=\"left\"><label>Ime proizvo\u0111a\u010da:<\/label><\/td>\n<td class=\"right\"><span class=\"attribute-details\">Bosch\u00a0<\/span><\/td>\n<\/tr>\n<tr>\n<td class=\"left\"><label>Grupa:<\/label><\/td>\n<td class=\"right\"><span class=\"attribute-details\">Klime\u00a0<\/span><\/td>\n<\/tr>\n<tr>\n<td class=\"left\"><label>Garancija:<\/label><\/td>\n<td class=\"right\"><span class=\"attribute-details\">36M\u00a0<\/span><\/td>\n<\/tr>\n<tr>\n<td class=\"left\"><\/td>\n<td class=\"right\"><\/td>\n<\/tr>\n<tr>\n<td class=\"left\"><label>URL:<\/label><\/td>\n<td class=\"right\"><span class=\"attribute-details\"><a href=\"https:\/\/www.bosch-climate.com.hr\/stranicaproizvoda\/klima-uredaji\/climate-5000-rac.html\" target=\"_blank\" rel=\"noopener noreferrer\">https:\/\/www.bosch-climate.com&#8230;<\/a><\/span><\/td>\n<\/tr>\n<tr>\n<td class=\"left ng-scope\"><label>Tip klime<\/label><\/td>\n<td class=\"right ng-scope\"><span class=\"attribute-details\">Inverter<\/span><\/td>\n<\/tr>\n<tr>\n<td class=\"left ng-scope\"><label>Kapacitet hla\u0111enja (Btu\/h)<\/label><\/td>\n<td class=\"right ng-scope\"><span class=\"attribute-details\">24000<\/span><\/td>\n<\/tr>\n<tr>\n<td class=\"left ng-scope\"><label>Kapacitet grijanja Btu\/h<\/label><\/td>\n<td class=\"right ng-scope\"><span class=\"attribute-details\">24000<\/span><\/td>\n<\/tr>\n<tr>\n<td class=\"left ng-scope\"><label>Snaga hla\u0111enja (W)<\/label><\/td>\n<td class=\"right ng-scope\"><span class=\"attribute-details\">2350<\/span><\/td>\n<\/tr>\n<tr>\n<td class=\"left ng-scope\"><label>Snaga grejanja (W)<\/label><\/td>\n<td class=\"right ng-scope\"><span class=\"attribute-details\">2126<\/span><\/td>\n<\/tr>\n<tr>\n<td class=\"left ng-scope\"><label>Nivo buke unutra\u0161nje jedinice (db)<\/label><\/td>\n<td class=\"right ng-scope\"><span class=\"attribute-details\">59<\/span><\/td>\n<\/tr>\n<tr>\n<td class=\"left ng-scope\"><label>Nivo buke spolja\u0161nje jedinice (db)<\/label><\/td>\n<td class=\"right ng-scope\"><span class=\"attribute-details\">65<\/span><\/td>\n<\/tr>\n<tr>\n<td class=\"left ng-scope\"><label>Tip gasa\/kg<\/label><\/td>\n<td class=\"right ng-scope\"><span class=\"attribute-details\">R32\/1500<\/span><\/td>\n<\/tr>\n<tr>\n<td class=\"left ng-scope\"><label>Tip klase hla\u0111enja<\/label><\/td>\n<td class=\"right ng-scope\"><span class=\"attribute-details\">A++<\/span><\/td>\n<\/tr>\n<tr>\n<td class=\"left ng-scope\"><label>Tip klase grejanja<\/label><\/td>\n<td class=\"right ng-scope\"><span class=\"attribute-details\">A+<\/span><\/td>\n<\/tr>\n<tr>\n<td class=\"left ng-scope\"><label>WiFi<\/label><\/td>\n<td class=\"right ng-scope\"><span class=\"attribute-details\">No<\/span><\/td>\n<\/tr>\n<tr>\n<td class=\"left ng-scope\"><label>Minimalna spoljna temperatura kod hla\u0111enja<\/label><\/td>\n<td class=\"right ng-scope\"><span class=\"attribute-details\">-15<\/span><\/td>\n<\/tr>\n<tr>\n<td class=\"left ng-scope\"><label>Minimalna spoljna temperatura kod grejanja<\/label><\/td>\n<td class=\"right ng-scope\"><span class=\"attribute-details\">-15<\/span><\/td>\n<\/tr>\n<tr>\n<td class=\"left ng-scope\"><label>Frekvencija (Hz)<\/label><\/td>\n<td class=\"right ng-scope\"><span class=\"attribute-details\">50<\/span><\/td>\n<\/tr>\n<tr>\n<td class=\"left ng-scope\"><label>Kapacitet grijanja (W)<\/label><\/td>\n<td class=\"right ng-scope\"><span class=\"attribute-details\">7250<\/span><\/td>\n<\/tr>\n<tr>\n<td class=\"left ng-scope\"><label>Protok zraka u unutra\u0161njoj jedinici m3\/h<\/label><\/td>\n<td class=\"right ng-scope\"><span class=\"attribute-details\">950<\/span><\/td>\n<\/tr>\n<tr>\n<td class=\"left ng-scope\"><label>Protok zraka u spoljnoj jedinici m3\/h<\/label><\/td>\n<td class=\"right ng-scope\"><span class=\"attribute-details\">3200<\/span><\/td>\n<\/tr>\n<tr>\n<td class=\"left ng-scope\"><label>Dimenzije unutra\u0161nje jedinice \u0160xVxD (mm)<\/label><\/td>\n<td class=\"right ng-scope\"><span class=\"attribute-details\">1055x313x240<\/span><\/td>\n<\/tr>\n<tr>\n<td class=\"left ng-scope\"><label>Dimenzije spoljne jedinice \u0160xVxD (mm)<\/label><\/td>\n<td class=\"right ng-scope\"><span class=\"attribute-details\">850x295x605<\/span><\/td>\n<\/tr>\n<tr>\n<td class=\"left ng-scope\"><label>Neto te\u017eina unutra\u0161nje jedinice (kg)<\/label><\/td>\n<td class=\"right ng-scope\"><span class=\"attribute-details\">13<\/span><\/td>\n<\/tr>\n<tr>\n<td class=\"left ng-scope\"><label>Neto te\u017eina spolja\u0161nje jedinice (kg)<\/label><\/td>\n<td class=\"right ng-scope\"><span class=\"attribute-details\">56<\/span><\/td>\n<\/tr>\n<tr>\n<td class=\"left ng-scope\"><label>Samodijagnostika<\/label><\/td>\n<td class=\"right ng-scope\"><span class=\"attribute-details\">Yes<\/span><\/td>\n<\/tr>\n<tr>\n<td class=\"left ng-scope\"><label>led displej (led display)<\/label><\/td>\n<td class=\"right ng-scope\"><span class=\"attribute-details\">Yes<\/span><\/td>\n<\/tr>\n<tr>\n<td class=\"left ng-scope\"><label>Memorija<\/label><\/td>\n<td class=\"right ng-scope\"><span class=\"attribute-details\">Yes<\/span><\/td>\n<\/tr>\n<tr>\n<td class=\"left ng-scope\"><label>Ovla\u017eiva\u010d<\/label><\/td>\n<td class=\"right ng-scope\"><span class=\"attribute-details\">Yes<\/span><\/td>\n<\/tr>\n<tr>\n<td class=\"left ng-scope\"><label>Turbo hla\u0111enje<\/label><\/td>\n<td class=\"right ng-scope\"><span class=\"attribute-details\">Yes<\/span><\/td>\n<\/tr>\n<tr>\n<td class=\"left ng-scope\"><label>Auto restart<\/label><\/td>\n<td class=\"right ng-scope\"><span class=\"attribute-details\">Yes<\/span><\/td>\n<\/tr>\n<tr>\n<td class=\"left ng-scope\"><label>Timer<\/label><\/td>\n<td class=\"right ng-scope\"><span class=\"attribute-details\">Yes<\/span><\/td>\n<\/tr>\n<tr>\n<td class=\"left ng-scope\"><label>Sleep mode<\/label><\/td>\n<td class=\"right ng-scope\"><span class=\"attribute-details\">Yes<\/span><\/td>\n<\/tr>\n<tr>\n<td class=\"left ng-scope\"><label>Intelligentno prezagrevanje<\/label><\/td>\n<td class=\"right ng-scope\"><span class=\"attribute-details\">Yes<\/span><\/td>\n<\/tr>\n<\/tbody>\n<\/table>\n<p><img data-recalc-dims=\"1\" fetchpriority=\"high\" decoding=\"async\" class=\"size-full wp-image-15573 aligncenter\" src=\"https:\/\/i0.wp.com\/coolmarket.ba\/wp-content\/uploads\/2024\/07\/Grijanje-Vodoinstalacije-klimatizacija-2.png?resize=1170%2C433&#038;ssl=1\" alt=\"\" width=\"1170\" height=\"433\" srcset=\"https:\/\/i0.wp.com\/coolmarket.ba\/wp-content\/uploads\/2024\/07\/Grijanje-Vodoinstalacije-klimatizacija-2.png?w=1170&amp;ssl=1 1170w, https:\/\/i0.wp.com\/coolmarket.ba\/wp-content\/uploads\/2024\/07\/Grijanje-Vodoinstalacije-klimatizacija-2.png?resize=300%2C111&amp;ssl=1 300w, https:\/\/i0.wp.com\/coolmarket.ba\/wp-content\/uploads\/2024\/07\/Grijanje-Vodoinstalacije-klimatizacija-2.png?resize=1024%2C379&amp;ssl=1 1024w, https:\/\/i0.wp.com\/coolmarket.ba\/wp-content\/uploads\/2024\/07\/Grijanje-Vodoinstalacije-klimatizacija-2.png?resize=768%2C284&amp;ssl=1 768w, https:\/\/i0.wp.com\/coolmarket.ba\/wp-content\/uploads\/2024\/07\/Grijanje-Vodoinstalacije-klimatizacija-2.png?resize=18%2C7&amp;ssl=1 18w, https:\/\/i0.wp.com\/coolmarket.ba\/wp-content\/uploads\/2024\/07\/Grijanje-Vodoinstalacije-klimatizacija-2.png?resize=600%2C222&amp;ssl=1 600w, https:\/\/i0.wp.com\/coolmarket.ba\/wp-content\/uploads\/2024\/07\/Grijanje-Vodoinstalacije-klimatizacija-2.png?resize=64%2C24&amp;ssl=1 64w\" sizes=\"(max-width: 1170px) 100vw, 1170px\" \/><\/p>\n<p>&nbsp;<\/p>\n<p><strong>CoolMarket<\/strong> je va\u0161 pouzdani partner za prodaju, ugradnju i odr\u017eavanje klima ure\u0111aja, toplotnih pumpi te sistema za vodu i grijanje. Na\u0161a stru\u010dnost osigurava kvalitetne proizvode i vrhunske usluge kako bi va\u0161 dom ili poslovni prostor bio udoban i funkcionalan. Kontaktirajte nas za sve potrebe vezane za klimatizaciju, grijanje i vodoinstalacije. Dostupni smo na Viber i Whatsapp\u00a0 +387 62 53 53 50<\/p>\n<\/div>","protected":false},"excerpt":{"rendered":"<table class=\"table productDetailsTopAttrbutes\">\n<tbody>\n<tr>\n<td>Tip klime<\/td>\n<td>Inverter<\/td>\n<\/tr>\n<tr>\n<td>Kapacitet hla\u0111enja (Btu\/h)<\/td>\n<td>24000<\/td>\n<\/tr>\n<tr>\n<td>Kapacitet grijanja Btu\/h<\/td>\n<td>24000<\/td>\n<\/tr>\n<tr>\n<td>Snaga hla\u0111enja (W)<\/td>\n<td>2350<\/td>\n<\/tr>\n<tr>\n<td>Snaga grejanja (W)<\/td>\n<td>2126<\/td>\n<\/tr>\n<tr>\n<td>Nivo buke unutra\u0161nje jedinice (db)<\/td>\n<td>59<\/td>\n<\/tr>\n<tr>\n<td>Nivo buke spolja\u0161nje jedinice (db)<\/td>\n<td>65<\/td>\n<\/tr>\n<tr>\n<td>Tip gasa\/kg<\/td>\n<td>R32\/1500<\/td>\n<\/tr>\n<tr>\n<td>Tip klase hla\u0111enja<\/td>\n<td>A++<\/td>\n<\/tr>\n<tr>\n<td>Tip klase grejanja<\/td>\n<td>A+<\/td>\n<\/tr>\n<\/tbody>\n<\/table>","protected":false},"featured_media":14674,"template":"","meta":{"om_disable_all_campaigns":false,"_monsterinsights_skip_tracking":false,"_monsterinsights_sitenote_active":false,"_monsterinsights_sitenote_note":"","_monsterinsights_sitenote_category":0},"product_cat":[329,455,305,306],"product_tag":[475,458,459,476,461,473,462,463,464,477,309,330,350,465,337,311,352,467,327,312,468,469,328],"class_list":{"0":"post-15017","1":"product","2":"type-product","3":"status-publish","4":"has-post-thumbnail","6":"product_cat-24ke-inverteri","7":"product_cat-bosch","8":"product_cat-grijanje-i-hladenje","9":"product_cat-klima-uredaji","10":"product_tag-bosch-7kw","11":"product_tag-bosch-bih","12":"product_tag-bosch-bosna-i-hercegovina","13":"product_tag-bosch-inverter-24ka","14":"product_tag-bosch-klima-inverter","15":"product_tag-bosch-klima-uredaj","16":"product_tag-bosch-klima-zenica","17":"product_tag-bosch-zenica","18":"product_tag-montaza-bosch-klima","19":"product_tag-montaza-bosch-klime","20":"product_tag-montaza-klima","21":"product_tag-montaza-klima-uredjaja","22":"product_tag-montaza-klima-zenica","23":"product_tag-montaza-klime-zenica","24":"product_tag-prodaja-klima","25":"product_tag-prodaja-klima-uredaja","26":"product_tag-prodaja-klima-zenica","27":"product_tag-servis-bosch-klima","28":"product_tag-servis-klima","29":"product_tag-servis-klima-uredaja","30":"product_tag-servis-klima-zenica","31":"product_tag-servis-zenica","32":"product_tag-ugradnja-klima","34":"first","35":"outofstock","36":"taxable","37":"shipping-taxable","38":"product-type-simple"},"aioseo_notices":[],"_links":{"self":[{"href":"https:\/\/coolmarket.ba\/bs\/wp-json\/wp\/v2\/product\/15017","targetHints":{"allow":["GET"]}}],"collection":[{"href":"https:\/\/coolmarket.ba\/bs\/wp-json\/wp\/v2\/product"}],"about":[{"href":"https:\/\/coolmarket.ba\/bs\/wp-json\/wp\/v2\/types\/product"}],"wp:featuredmedia":[{"embeddable":true,"href":"https:\/\/coolmarket.ba\/bs\/wp-json\/wp\/v2\/media\/14674"}],"wp:attachment":[{"href":"https:\/\/coolmarket.ba\/bs\/wp-json\/wp\/v2\/media?parent=15017"}],"wp:term":[{"taxonomy":"product_cat","embeddable":true,"href":"https:\/\/coolmarket.ba\/bs\/wp-json\/wp\/v2\/product_cat?post=15017"},{"taxonomy":"product_tag","embeddable":true,"href":"https:\/\/coolmarket.ba\/bs\/wp-json\/wp\/v2\/product_tag?post=15017"}],"curies":[{"name":"wp","href":"https:\/\/api.w.org\/{rel}","templated":true}]}}