{"id":15010,"date":"2023-03-08T09:40:49","date_gmt":"2023-03-08T09:40:49","guid":{"rendered":"https:\/\/coolmarket.ba\/?post_type=product&#038;p=15010"},"modified":"2024-09-13T10:43:43","modified_gmt":"2024-09-13T10:43:43","slug":"azuri-klima-inverter-nora-inverter-azi-we50ve-5kw-18-ka","status":"publish","type":"product","link":"https:\/\/coolmarket.ba\/bs\/proizvod\/azuri-klima-inverter-nora-inverter-azi-we50ve-5kw-18-ka\/","title":{"rendered":"AZURI KLIMA INVERTER Nora &#8211; Inverter AZI-WE50VE 5kW (18-ka)"},"content":{"rendered":"<div class=\"product-field product-field-type-S\">\n<p><span class=\"product-fields-title-wrapper\"><span class=\"product-fields-title\"><strong>Unutarnja jedinica:<\/strong><\/span><\/span><\/p>\n<div class=\"product-field-display\">AZI-WE50VE-I<\/div>\n<\/div>\n<div class=\"product-field product-field-type-S\">\n<p><span class=\"product-fields-title-wrapper\"><span class=\"product-fields-title\"><strong>Vanjska jedinica:<\/strong><\/span><\/span><\/p>\n<div class=\"product-field-display\">AZI-WE50VE-O<\/div>\n<\/div>\n<div class=\"product-field product-field-type-S\">\n<p><span class=\"product-fields-title-wrapper\"><span class=\"product-fields-title\"><strong>U\u010dinak hla\u0111enja (kW):<\/strong><\/span><\/span><\/p>\n<div class=\"product-field-display\">4,6<\/div>\n<\/div>\n<div class=\"product-field product-field-type-S\">\n<p><span class=\"product-fields-title-wrapper\"><span class=\"product-fields-title\"><strong>Raspon rashladnog u\u010dinka (min.-max.) (kW):<\/strong><\/span><\/span><\/p>\n<div class=\"product-field-display\">0,6 &#8211; 5,2<\/div>\n<\/div>\n<div class=\"product-field product-field-type-S\">\n<p><span class=\"product-fields-title-wrapper\"><span class=\"product-fields-title\"><strong>SEER \/ Energetska klasa:<\/strong><\/span><\/span><\/p>\n<div class=\"product-field-display\">6,1 A++<\/div>\n<\/div>\n<div class=\"product-field product-field-type-S\">\n<p><span class=\"product-fields-title-wrapper\"><span class=\"product-fields-title\"><strong>U\u010dinak grijanja (kW):<\/strong><\/span><\/span><\/p>\n<div class=\"product-field-display\">5,2<\/div>\n<\/div>\n<div class=\"product-field product-field-type-S\">\n<p><span class=\"product-fields-title-wrapper\"><span class=\"product-fields-title\"><strong>Raspon toplinskog u\u010dinka (min.-max.) (kW):<\/strong><\/span><\/span><\/p>\n<div class=\"product-field-display\">0,7 &#8211; 5,4<\/div>\n<\/div>\n<div class=\"product-field product-field-type-S\">\n<p><span class=\"product-fields-title-wrapper\"><span class=\"product-fields-title\"><strong>SCOP \/ Energetska klasa:<\/strong><\/span><\/span><\/p>\n<div class=\"product-field-display\">4,0 A+<\/div>\n<\/div>\n<div class=\"product-field product-field-type-S\">\n<p><span class=\"product-fields-title-wrapper\"><span class=\"product-fields-title\"><strong>Dimenzije unutarnje jedinice (V\u00d7\u0160\u00d7D) (mm):<\/strong><\/span><\/span><\/p>\n<div class=\"product-field-display\">300 x 970 x 225<\/div>\n<\/div>\n<div class=\"product-field product-field-type-S\">\n<p><span class=\"product-fields-title-wrapper\"><span class=\"product-fields-title\"><strong>Dimenzije vanjske jedinice (V\u00d7\u0160\u00d7D) (mm):<\/strong><\/span><\/span><\/p>\n<div class=\"product-field-display\">596 x 842 x 320<\/div>\n<\/div>\n<div class=\"product-field product-field-type-S\">\n<p><span class=\"product-fields-title-wrapper\"><span class=\"product-fields-title\"><strong>Te\u017eina unutarnje jedinice (kg):<\/strong><\/span><\/span><\/p>\n<div class=\"product-field-display\">&#8211;<\/div>\n<\/div>\n<div class=\"product-field product-field-type-S\">\n<p><span class=\"product-fields-title-wrapper\"><span class=\"product-fields-title\"><strong>Te\u017eina vanjske jedinice (kg):<\/strong><\/span><\/span><\/p>\n<div class=\"product-field-display\">&#8211;<\/div>\n<\/div>\n<div class=\"product-field product-field-type-S\">\n<p><span class=\"product-fields-title-wrapper\"><span class=\"product-fields-title\"><strong>Podru\u010dje rada &#8211; hla\u0111enje (\u00b0C):<\/strong><\/span><\/span><\/p>\n<div class=\"product-field-display\">-15 \/ +43<\/div>\n<\/div>\n<div class=\"product-field product-field-type-S\">\n<p><span class=\"product-fields-title-wrapper\"><span class=\"product-fields-title\"><strong>Podru\u010dje rada &#8211; grijanje (\u00b0C):<\/strong><\/span><\/span><\/p>\n<div class=\"product-field-display\">-15 \/ +24<\/div>\n<\/div>\n<div class=\"product-field product-field-type-S\">\n<p><span class=\"product-fields-title-wrapper\"><span class=\"product-fields-title\"><strong>Radna tvar:<\/strong><\/span><\/span><\/p>\n<div class=\"product-field-display\">R32<\/div>\n<\/div>\n<div class=\"product-field product-field-type-S\">\n<p><span class=\"product-fields-title-wrapper\"><span class=\"product-fields-title\"><strong>Jamstvo (mjeseci):<\/strong><\/span><\/span><\/p>\n<div class=\"product-field-display\">36<\/div>\n<\/div>\n<div>\n<p><img data-recalc-dims=\"1\" fetchpriority=\"high\" decoding=\"async\" class=\"size-full wp-image-15573 aligncenter\" src=\"https:\/\/i0.wp.com\/coolmarket.ba\/wp-content\/uploads\/2024\/07\/Grijanje-Vodoinstalacije-klimatizacija-2.png?resize=1170%2C433&#038;ssl=1\" alt=\"\" width=\"1170\" height=\"433\" srcset=\"https:\/\/i0.wp.com\/coolmarket.ba\/wp-content\/uploads\/2024\/07\/Grijanje-Vodoinstalacije-klimatizacija-2.png?w=1170&amp;ssl=1 1170w, https:\/\/i0.wp.com\/coolmarket.ba\/wp-content\/uploads\/2024\/07\/Grijanje-Vodoinstalacije-klimatizacija-2.png?resize=300%2C111&amp;ssl=1 300w, https:\/\/i0.wp.com\/coolmarket.ba\/wp-content\/uploads\/2024\/07\/Grijanje-Vodoinstalacije-klimatizacija-2.png?resize=1024%2C379&amp;ssl=1 1024w, https:\/\/i0.wp.com\/coolmarket.ba\/wp-content\/uploads\/2024\/07\/Grijanje-Vodoinstalacije-klimatizacija-2.png?resize=768%2C284&amp;ssl=1 768w, https:\/\/i0.wp.com\/coolmarket.ba\/wp-content\/uploads\/2024\/07\/Grijanje-Vodoinstalacije-klimatizacija-2.png?resize=18%2C7&amp;ssl=1 18w, https:\/\/i0.wp.com\/coolmarket.ba\/wp-content\/uploads\/2024\/07\/Grijanje-Vodoinstalacije-klimatizacija-2.png?resize=600%2C222&amp;ssl=1 600w, https:\/\/i0.wp.com\/coolmarket.ba\/wp-content\/uploads\/2024\/07\/Grijanje-Vodoinstalacije-klimatizacija-2.png?resize=64%2C24&amp;ssl=1 64w\" sizes=\"(max-width: 1170px) 100vw, 1170px\" \/><\/p>\n<p>&nbsp;<\/p>\n<p><strong>CoolMarket<\/strong> je va\u0161 pouzdani partner za prodaju, ugradnju i odr\u017eavanje klima ure\u0111aja, toplotnih pumpi te sistema za vodu i grijanje. Na\u0161a stru\u010dnost osigurava kvalitetne proizvode i vrhunske usluge kako bi va\u0161 dom ili poslovni prostor bio udoban i funkcionalan. Kontaktirajte nas za sve potrebe vezane za klimatizaciju, grijanje i vodoinstalacije. Dostupni smo na Viber i Whatsapp\u00a0 +387 62 53 53 50<\/p>\n<\/div>","protected":false},"excerpt":{"rendered":"<ul>\n<li>Wi-Fi su\u010delje<\/li>\n<li>Automatski rad<\/li>\n<li>Samodijagnoza<\/li>\n<li>Inteligentno odmrzavanje<\/li>\n<li>Inteligentno predzagrijavanje<\/li>\n<li>I-Feel funkcija<\/li>\n<li>Ugodan no\u0107ni na\u010din rada<\/li>\n<li>Odvla\u017eivanje<\/li>\n<\/ul>","protected":false},"featured_media":14669,"template":"","meta":{"om_disable_all_campaigns":false,"_monsterinsights_skip_tracking":false,"_monsterinsights_sitenote_active":false,"_monsterinsights_sitenote_note":"","_monsterinsights_sitenote_category":0},"product_cat":[307,441,305,306],"product_tag":[],"class_list":{"0":"post-15010","1":"product","2":"type-product","3":"status-publish","4":"has-post-thumbnail","6":"product_cat-18ke-inverteri","7":"product_cat-azuri","8":"product_cat-grijanje-i-hladenje","9":"product_cat-klima-uredaji","11":"first","12":"onbackorder","13":"taxable","14":"shipping-taxable","15":"product-type-simple"},"aioseo_notices":[],"_links":{"self":[{"href":"https:\/\/coolmarket.ba\/bs\/wp-json\/wp\/v2\/product\/15010","targetHints":{"allow":["GET"]}}],"collection":[{"href":"https:\/\/coolmarket.ba\/bs\/wp-json\/wp\/v2\/product"}],"about":[{"href":"https:\/\/coolmarket.ba\/bs\/wp-json\/wp\/v2\/types\/product"}],"wp:featuredmedia":[{"embeddable":true,"href":"https:\/\/coolmarket.ba\/bs\/wp-json\/wp\/v2\/media\/14669"}],"wp:attachment":[{"href":"https:\/\/coolmarket.ba\/bs\/wp-json\/wp\/v2\/media?parent=15010"}],"wp:term":[{"taxonomy":"product_cat","embeddable":true,"href":"https:\/\/coolmarket.ba\/bs\/wp-json\/wp\/v2\/product_cat?post=15010"},{"taxonomy":"product_tag","embeddable":true,"href":"https:\/\/coolmarket.ba\/bs\/wp-json\/wp\/v2\/product_tag?post=15010"}],"curies":[{"name":"wp","href":"https:\/\/api.w.org\/{rel}","templated":true}]}}