{"id":15008,"date":"2023-03-08T09:40:49","date_gmt":"2023-03-08T09:40:49","guid":{"rendered":"https:\/\/coolmarket.ba\/?post_type=product&#038;p=15008"},"modified":"2024-09-13T10:43:18","modified_gmt":"2024-09-13T10:43:18","slug":"azuri-klima-inverter-nora-inverter-azi-we25ve-2-5kw-9-ka-gree","status":"publish","type":"product","link":"https:\/\/coolmarket.ba\/bs\/proizvod\/azuri-klima-inverter-nora-inverter-azi-we25ve-2-5kw-9-ka-gree\/","title":{"rendered":"AZURI KLIMA INVERTER Nora &#8211; Inverter AZI-WE25VE 2.5kW (9-ka) (GREE)"},"content":{"rendered":"<div>Unutra\u0161nja zidna jedinica <a href=\"https:\/\/www.klimakoncept.hr\/hr\/serije-azuri-nora\/70,29\" target=\"_blank\" rel=\"noopener noreferrer\">Nora Inverter serije<\/a> sa sistemom grijanja\/hla\u0111enja, opremljena 4-brzinskim elektromotorom, izmjenjiva\u010dem topline s direktnom ekspanzijom freona, ukrasnom maskom, te svim potrebnim elementima za za\u0161titu, kontrolu i regulaciju ure\u0111aja i temperature, sistemom za inteligentno ponovno pokretanje, slijede\u0107ih tehni\u010dkih zna\u010dajki:<\/div>\n<div>&#8211; u\u010dinak hla\u0111enja: Qh = 2,50 (0,50 \u2013 3,35) kW<br \/>\n&#8211; u\u010dinak grijanja:\u00a0 \u00a0Qg = 2,80 (0,50 \u2013 3,50) kW<br \/>\n&#8211; radni medij: R32<br \/>\n&#8211; dimenzije \u0160 x V x D (mm):\u00a0 773 x 250 x 185<br \/>\n&#8211; masa: 8,5 kg<br \/>\n&#8211; razina zvu\u010dnog tlaka: 40\/37\/35\/28 dB(A)<br \/>\n&#8211; razina zvu\u010dne snage: 55\/49\/47\/40 dB(A)<br \/>\n&#8211; koli\u010dina zraka: V = 550-500-430-300 m3\/h<br \/>\n-standardno: WiFi su\u010delje za upravljanje preko interneta; be\u017ei\u010dni daljinski upravlja\u010d<br \/>\nProizvod: AZURI<br \/>\nTip: AZI-WE25VE\/I<\/div>\n<div><\/div>\n<div><\/div>\n<div>Vanjska jedinica split sistema (reverzibilna dizalica topline), za\u0161ti\u0107ena od vremenskih utjecaja, s ugra\u0111enim kompresorom s inverterskom regulacijom snage i potro\u0161nje, te svim potrebnim elementima za za\u0161titu, kontrolu i regulaciju ure\u0111aja i funkcionalan rad, sljede\u0107ih tehni\u010dkih zna\u010dajki:<\/div>\n<div>&#8211; u\u010dinak hla\u0111enja: Qh = 2,50 (0,50 &#8211; 3,35) kW<br \/>\n&#8211; u\u010dinak grijanja:\u00a0 \u00a0Qg = 2,80 (0,50 &#8211; 3,50) kW<br \/>\n&#8211; apsorbirana snaga hla\u0111enja: 781 (160 &#8211; 1400) W<br \/>\n&#8211; apsorbirana snaga grijanja: 777 (200 &#8211; 1500) W<br \/>\n&#8211; energetska u\u010dinkovitost: SEER = 6,10 (A++)<br \/>\nSCOP = 4,00 (A+)<br \/>\n&#8211; napajanje: 1 ph \/ 220~240 V \/ 50 Hz<br \/>\n&#8211; radni medij: R32<br \/>\n&#8211; dimenzije \u0160 \u00d7 V \u00d7 D (mm):\u00a0 776 x 540 x 320<br \/>\n&#8211; masa: 29 kg<br \/>\n&#8211; razina zvu\u010dnog tlaka: 52 dB (A)<br \/>\n&#8211; razina zvu\u010dne snage: 60 dB(A)<br \/>\n&#8211; podru\u010dje hla\u0111enja: -15\u00b0C do +43\u00b0C<br \/>\n&#8211; podru\u010dje grijanja:\u00a0 \u00a0-15\u00b0C do +24\u00b0C<br \/>\n&#8211; maksimalna dozvoljena duljina cijevnog razvoda: 15 m<br \/>\n&#8211; maksimalna dozvoljena visina cijevnog razvoda: 10 m<br \/>\n&#8211; priklju\u010dak R32 &#8211; teku\u0107a faza: 6,35 mm<br \/>\n&#8211; priklju\u010dak R32 &#8211; plinovita faza: 9,52 mm<\/div>\n<div><\/div>\n<div>\n<p><img data-recalc-dims=\"1\" fetchpriority=\"high\" decoding=\"async\" class=\"size-full wp-image-15573 aligncenter\" src=\"https:\/\/i0.wp.com\/coolmarket.ba\/wp-content\/uploads\/2024\/07\/Grijanje-Vodoinstalacije-klimatizacija-2.png?resize=1170%2C433&#038;ssl=1\" alt=\"\" width=\"1170\" height=\"433\" srcset=\"https:\/\/i0.wp.com\/coolmarket.ba\/wp-content\/uploads\/2024\/07\/Grijanje-Vodoinstalacije-klimatizacija-2.png?w=1170&amp;ssl=1 1170w, https:\/\/i0.wp.com\/coolmarket.ba\/wp-content\/uploads\/2024\/07\/Grijanje-Vodoinstalacije-klimatizacija-2.png?resize=300%2C111&amp;ssl=1 300w, https:\/\/i0.wp.com\/coolmarket.ba\/wp-content\/uploads\/2024\/07\/Grijanje-Vodoinstalacije-klimatizacija-2.png?resize=1024%2C379&amp;ssl=1 1024w, https:\/\/i0.wp.com\/coolmarket.ba\/wp-content\/uploads\/2024\/07\/Grijanje-Vodoinstalacije-klimatizacija-2.png?resize=768%2C284&amp;ssl=1 768w, https:\/\/i0.wp.com\/coolmarket.ba\/wp-content\/uploads\/2024\/07\/Grijanje-Vodoinstalacije-klimatizacija-2.png?resize=18%2C7&amp;ssl=1 18w, https:\/\/i0.wp.com\/coolmarket.ba\/wp-content\/uploads\/2024\/07\/Grijanje-Vodoinstalacije-klimatizacija-2.png?resize=600%2C222&amp;ssl=1 600w, https:\/\/i0.wp.com\/coolmarket.ba\/wp-content\/uploads\/2024\/07\/Grijanje-Vodoinstalacije-klimatizacija-2.png?resize=64%2C24&amp;ssl=1 64w\" sizes=\"(max-width: 1170px) 100vw, 1170px\" \/><\/p>\n<p>&nbsp;<\/p>\n<p><strong>CoolMarket<\/strong> je va\u0161 pouzdani partner za prodaju, ugradnju i odr\u017eavanje klima ure\u0111aja, toplotnih pumpi te sistema za vodu i grijanje. Na\u0161a stru\u010dnost osigurava kvalitetne proizvode i vrhunske usluge kako bi va\u0161 dom ili poslovni prostor bio udoban i funkcionalan. Kontaktirajte nas za sve potrebe vezane za klimatizaciju, grijanje i vodoinstalacije. Dostupni smo na Viber i Whatsapp\u00a0 +387 62 53 53 50<\/p>\n<\/div>","protected":false},"excerpt":{"rendered":"<div class=\"boxteh\">\n<p>Snaga hl: 2,5 kW<\/p>\n<p>Snaga gr:2,8 kW<\/p>\n<\/div>\n<div class=\"boxteh\">\n<p>Energetska klasa: A++<\/p>\n<\/div>\n<div class=\"boxteh\">\n<p>Prikladno za prostor: 25-30 m2<\/p>\n<\/div>","protected":false},"featured_media":14669,"template":"","meta":{"om_disable_all_campaigns":false,"_monsterinsights_skip_tracking":false,"_monsterinsights_sitenote_active":false,"_monsterinsights_sitenote_note":"","_monsterinsights_sitenote_category":0},"product_cat":[400,441,305,401,306,348],"product_tag":[],"class_list":{"0":"post-15008","1":"product","2":"type-product","3":"status-publish","4":"has-post-thumbnail","6":"product_cat-9ke-inverteri","7":"product_cat-azuri","8":"product_cat-grijanje-i-hladenje","9":"product_cat-klima-inverteri","10":"product_cat-klima-uredaji","11":"product_cat-klima-uredaji-klima-uredaji","13":"first","14":"onbackorder","15":"taxable","16":"shipping-taxable","17":"product-type-simple"},"aioseo_notices":[],"_links":{"self":[{"href":"https:\/\/coolmarket.ba\/bs\/wp-json\/wp\/v2\/product\/15008","targetHints":{"allow":["GET"]}}],"collection":[{"href":"https:\/\/coolmarket.ba\/bs\/wp-json\/wp\/v2\/product"}],"about":[{"href":"https:\/\/coolmarket.ba\/bs\/wp-json\/wp\/v2\/types\/product"}],"wp:featuredmedia":[{"embeddable":true,"href":"https:\/\/coolmarket.ba\/bs\/wp-json\/wp\/v2\/media\/14669"}],"wp:attachment":[{"href":"https:\/\/coolmarket.ba\/bs\/wp-json\/wp\/v2\/media?parent=15008"}],"wp:term":[{"taxonomy":"product_cat","embeddable":true,"href":"https:\/\/coolmarket.ba\/bs\/wp-json\/wp\/v2\/product_cat?post=15008"},{"taxonomy":"product_tag","embeddable":true,"href":"https:\/\/coolmarket.ba\/bs\/wp-json\/wp\/v2\/product_tag?post=15008"}],"curies":[{"name":"wp","href":"https:\/\/api.w.org\/{rel}","templated":true}]}}