{"id":15004,"date":"2023-03-08T09:40:48","date_gmt":"2023-03-08T09:40:48","guid":{"rendered":"https:\/\/coolmarket.ba\/?post_type=product&#038;p=15004"},"modified":"2024-08-04T20:01:07","modified_gmt":"2024-08-04T20:01:07","slug":"haier-jade-wifi-klima-inverter-as35jbjhra-w-1u35jejfra-35-kw-12ka","status":"publish","type":"product","link":"https:\/\/coolmarket.ba\/bs\/proizvod\/haier-jade-wifi-klima-inverter-as35jbjhra-w-1u35jejfra-35-kw-12ka\/","title":{"rendered":"HAIER JADE WiFi KLIMA INVERTER AS35JBJHRA-W\/1U35JEJFRA 3,5 KW (12ka)"},"content":{"rendered":"<div class=\"product-field product-field-type-S\">\n<p><span class=\"product-fields-title-wrapper\"><span class=\"product-fields-title\"><strong>Unutarnja jedinica:<\/strong><\/span><\/span><\/p>\n<div class=\"product-field-display\">AS35JBJHRA-W<\/div>\n<\/div>\n<div class=\"product-field product-field-type-S\">\n<p><span class=\"product-fields-title-wrapper\"><span class=\"product-fields-title\"><strong>Vanjska jedinica:<\/strong><\/span><\/span><\/p>\n<div class=\"product-field-display\">1U35JEJFRA<\/div>\n<\/div>\n<div class=\"product-field product-field-type-S\">\n<p><span class=\"product-fields-title-wrapper\"><span class=\"product-fields-title\"><strong>U\u010dinak hla\u0111enja (kW):<\/strong><\/span><\/span><\/p>\n<div class=\"product-field-display\">3,5<\/div>\n<\/div>\n<div class=\"product-field product-field-type-S\">\n<p><span class=\"product-fields-title-wrapper\"><span class=\"product-fields-title\"><strong>Raspon rashladnog u\u010dinka (min.-max.) (kW):<\/strong><\/span><\/span><\/p>\n<div class=\"product-field-display\">1,2 &#8211; 4,3<\/div>\n<\/div>\n<div class=\"product-field product-field-type-S\">\n<p><span class=\"product-fields-title-wrapper\"><span class=\"product-fields-title\"><strong>SEER \/ Energetska klasa:<\/strong><\/span><\/span><\/p>\n<div class=\"product-field-display\">8,7 A+++<\/div>\n<\/div>\n<div class=\"product-field product-field-type-S\">\n<p><span class=\"product-fields-title-wrapper\"><span class=\"product-fields-title\"><strong>U\u010dinak grijanja (kW):<\/strong><\/span><\/span><\/p>\n<div class=\"product-field-display\">4,2<\/div>\n<\/div>\n<div class=\"product-field product-field-type-S\">\n<p><span class=\"product-fields-title-wrapper\"><span class=\"product-fields-title\"><strong>Raspon toplinskog u\u010dinka (min.-max.) (kW):<\/strong><\/span><\/span><\/p>\n<div class=\"product-field-display\">1,3 &#8211; 5,8<\/div>\n<\/div>\n<div class=\"product-field product-field-type-S\">\n<p><span class=\"product-fields-title-wrapper\"><span class=\"product-fields-title\"><strong>SCOP \/ Energetska klasa:<\/strong><\/span><\/span><\/p>\n<div class=\"product-field-display\">5,1 A+++<\/div>\n<\/div>\n<div class=\"product-field product-field-type-S\">\n<p><span class=\"product-fields-title-wrapper\"><span class=\"product-fields-title\"><strong>Dimenzije unutarnje jedinice (V\u00d7\u0160\u00d7D) (mm):<\/strong><\/span><\/span><\/p>\n<div class=\"product-field-display\">320 x 980 x 215<\/div>\n<\/div>\n<div class=\"product-field product-field-type-S\">\n<p><span class=\"product-fields-title-wrapper\"><span class=\"product-fields-title\"><strong>Dimenzije vanjske jedinice (V\u00d7\u0160\u00d7D) (mm):<\/strong><\/span><\/span><\/p>\n<div class=\"product-field-display\">550 x 800 x 280<\/div>\n<\/div>\n<div class=\"product-field product-field-type-S\">\n<p><span class=\"product-fields-title-wrapper\"><span class=\"product-fields-title\"><strong>Te\u017eina unutarnje jedinice (kg):<\/strong><\/span><\/span><\/p>\n<div class=\"product-field-display\">12<\/div>\n<\/div>\n<div class=\"product-field product-field-type-S\">\n<p><span class=\"product-fields-title-wrapper\"><span class=\"product-fields-title\"><strong>Te\u017eina vanjske jedinice (kg):<\/strong><\/span><\/span><\/p>\n<div class=\"product-field-display\">34<\/div>\n<\/div>\n<div class=\"product-field product-field-type-S\">\n<p><span class=\"product-fields-title-wrapper\"><span class=\"product-fields-title\"><strong>Podru\u010dje rada &#8211; hla\u0111enje (\u00b0C):<\/strong><\/span><\/span><\/p>\n<div class=\"product-field-display\">-10 \/ +43<\/div>\n<\/div>\n<div class=\"product-field product-field-type-S\">\n<p><span class=\"product-fields-title-wrapper\"><span class=\"product-fields-title\"><strong>Podru\u010dje rada &#8211; grijanje (\u00b0C):<\/strong><\/span><\/span><\/p>\n<div class=\"product-field-display\">-15 \/ +24<\/div>\n<\/div>\n<div class=\"product-field product-field-type-S\">\n<p><span class=\"product-fields-title-wrapper\"><span class=\"product-fields-title\"><strong>Radna tvar:<\/strong><\/span><\/span><\/p>\n<div class=\"product-field-display\">R32<\/div>\n<\/div>\n<div class=\"product-field product-field-type-S\">\n<img data-recalc-dims=\"1\" fetchpriority=\"high\" decoding=\"async\" class=\"aligncenter wp-image-11703 size-full\" src=\"https:\/\/i0.wp.com\/elfix.ba\/wp-content\/uploads\/2023\/04\/Nasi-uposlenici-1.png?resize=1300%2C433&#038;ssl=1\" alt=\"\" width=\"1300\" height=\"433\" \/><\/p>\n<hr \/>\n<p>Ovla\u0161teni smo servis za monta\u017eu HAIER klima ure\u0111aja i toplotnih pumpi. Nudimo najve\u0107i izbor klima ure\u0111aja sa opcijom kupovine monta\u017ee, na na\u0161oj online trgovini, mogu\u0107e je i na rate sa Unicredit i Raiffaisen bankom. Na po\u010detnoj stranici unesite u filter informacije i tu \u0107ete prona\u0107i proizvode klima ure\u0111aja, u meniju kliknite na &#8220;Usluge&#8221; i prona\u0107i \u0107ete cijene usluga monta\u017ee u Zenici, savjetima o izboru klima ure\u0111aja, i na\u010dinu projekcije. Nudimo mogu\u0107nost BESPLATNE dostave za proizvode u vrijednosti od 1.000,00KM \u0161irom BiH.<\/p>\n<p>Garantni rok na HAIER klima ure\u0111aje je 36 mjeseci, uz obavezan godi\u0161nji servis. Garancija na ure\u0111aj se ne priznaje ukoliko ure\u0111aj nije montiran od strane ovla\u0161tenog servisa i po pravilima struke.<\/p>\n<p><strong>Ukoliko niste sigurni da je HAIER JADE odgovaraju\u0107a opcija potrebnog klima ure\u0111aja za va\u0161u namjenu, pro\u010ditajte na\u0161e savjete u \u010dlancima:<\/strong><\/p>\n<h5><span style=\"color: #800000\"><a style=\"color: #800000\" href=\"https:\/\/elfix.ba\/2021\/04\/03\/kako-odabrati-klimu\/\" target=\"_blank\" rel=\"noopener\">\u201cKako odabrati klima ure\u0111aj?\u201d\u00a0<\/a><\/span><\/h5>\n<h5><span style=\"color: #800000\"><a style=\"color: #800000\" href=\"http:\/\/kalkulator-klima-uredaja\/\">Kalkulator klima ure\u0111aja <\/a><\/span><\/h5>\n<p><strong>Ovla\u0161teni smo za monta\u017eu klima ure\u0111aja na podru\u010dju cijele Bosne i Hercegovine. Nije toliko va\u017eno gdje kupujete klimu, va\u017enije je ko vam vr\u0161i monta\u017eu. Trgovine nisu ovla\u0161tene da budu davaoc garancije, i trebaju da dodijele najbli\u017ei ovla\u0161teni servis koji ima ugovor da bi garancija na montirani ure\u0111aj bila validna.<\/strong><\/p>\n<p>Uz na\u0161u kupljenu klimu monta\u017eu vam mo\u017ee izvr\u0161iti na\u0161 servis ili najbli\u017ei ovla\u0161teni servis kojeg vam dodjelimo, samo u tom slu\u010daju garancija vrijedi. Monta\u017eu mo\u017eete kupiti uz kupljenu klimu, termin monta\u017ee je maximalno 10 radnih dana od dana kupovine. Dodajte Standardnu monta\u017eu kao proizvod u ko\u0161aricu, i platite skupa. Kontaktirat \u0107e vas call centar da potvrdi va\u0161u kupovinu i monta\u017eu.<\/p>\n<p><em><strong><span style=\"color: #ff0000\">Ukoliko monta\u017eu izvr\u0161i\u00a0neovla\u0161tena\u00a0osoba ili servis garancija na klima ure\u0111aj prestaje.<\/span><\/strong><\/em><\/p>\n<h3><strong>Ovla\u0161teni smo monta\u017eni servis klima ure\u0111aja za brendove:<\/strong><\/h3>\n<p data-wp-editing=\"1\"><a href=\"https:\/\/elfix.ba\/product-category\/kucanski-aparati\/klima-uredjaji\/fujitsu\/\"><img data-recalc-dims=\"1\" decoding=\"async\" class=\"alignnone wp-image-11390 size-thumbnail\" src=\"https:\/\/i0.wp.com\/elfix.ba\/wp-content\/uploads\/2023\/03\/1fujitsu-elfix-kategorije-brendovi-150x150.png?resize=150%2C150&#038;ssl=1\" alt=\"\" width=\"150\" height=\"150\" \/><\/a><a href=\"https:\/\/elfix.ba\/product-category\/kucanski-aparati\/klima-uredjaji\/mitsubishi-klima-uredjaji\/\"><img data-recalc-dims=\"1\" decoding=\"async\" class=\"alignnone wp-image-11391 size-thumbnail\" src=\"https:\/\/i0.wp.com\/elfix.ba\/wp-content\/uploads\/2023\/03\/1mitsubishi-elfix-kategorije-brendovi-150x150.png?resize=150%2C150&#038;ssl=1\" alt=\"\" width=\"150\" height=\"150\" \/><\/a><a href=\"https:\/\/elfix.ba\/shop\/?s=toshiba&amp;post_type=product&amp;filter_brend=toshiba\"><img data-recalc-dims=\"1\" loading=\"lazy\" decoding=\"async\" class=\"alignnone wp-image-11387 size-thumbnail\" src=\"https:\/\/i0.wp.com\/elfix.ba\/wp-content\/uploads\/2023\/03\/toshiba-elfix-kategorije-brendovi-150x150.png?resize=150%2C150&#038;ssl=1\" alt=\"\" width=\"150\" height=\"150\" \/><\/a><a href=\"https:\/\/elfix.ba\/shop\/page\/1\/?s=gree&amp;post_type=product&amp;filter_brend=gree\"><img data-recalc-dims=\"1\" loading=\"lazy\" decoding=\"async\" class=\"alignnone wp-image-11399 size-thumbnail\" src=\"https:\/\/i0.wp.com\/elfix.ba\/wp-content\/uploads\/2023\/03\/greeelfix-kategorije-brendovi-150x150.png?resize=150%2C150&#038;ssl=1\" alt=\"\" width=\"150\" height=\"150\" \/><\/a><a href=\"https:\/\/elfix.ba\/product-category\/kucanski-aparati\/klima-uredjaji\/hisense\/\"><img data-recalc-dims=\"1\" loading=\"lazy\" decoding=\"async\" class=\"alignnone wp-image-11403 size-thumbnail\" src=\"https:\/\/i0.wp.com\/elfix.ba\/wp-content\/uploads\/2023\/03\/hisense-elfix-kategorije-brendovi-150x150.png?resize=150%2C150&#038;ssl=1\" alt=\"\" width=\"150\" height=\"150\" \/><\/a><a href=\"https:\/\/elfix.ba\/shop\/?s=Midea&amp;post_type=product&amp;filter_brend=midea\"><img data-recalc-dims=\"1\" loading=\"lazy\" decoding=\"async\" class=\"alignnone wp-image-11419 size-thumbnail\" src=\"https:\/\/i0.wp.com\/elfix.ba\/wp-content\/uploads\/2023\/03\/midea-elfix-kategorije-brendovi-150x150.png?resize=150%2C150&#038;ssl=1\" alt=\"\" width=\"150\" height=\"150\" \/><\/a><a href=\"https:\/\/elfix.ba\/shop\/?s=haier&amp;post_type=product&amp;filter_brend=haier\"><img data-recalc-dims=\"1\" loading=\"lazy\" decoding=\"async\" class=\"alignnone wp-image-11415 size-thumbnail\" src=\"https:\/\/i0.wp.com\/elfix.ba\/wp-content\/uploads\/2023\/03\/haier-elfix-kategorije-brendovi-150x150.png?resize=150%2C150&#038;ssl=1\" alt=\"\" width=\"150\" height=\"150\" \/><\/a><a href=\"https:\/\/elfix.ba\/shop\/?s=azuri&amp;post_type=product&amp;filter_brend=azuri\"><img data-recalc-dims=\"1\" loading=\"lazy\" decoding=\"async\" class=\"alignnone wp-image-11423 size-thumbnail\" src=\"https:\/\/i0.wp.com\/elfix.ba\/wp-content\/uploads\/2023\/03\/azuri-elfix-kategorije-brendovi-150x150.png?resize=150%2C150&#038;ssl=1\" alt=\"\" width=\"150\" height=\"150\" \/><\/a><a href=\"https:\/\/elfix.ba\/?s=LG+Klima&amp;post_type=product\"><img data-recalc-dims=\"1\" loading=\"lazy\" decoding=\"async\" class=\"alignnone wp-image-11395 size-thumbnail\" src=\"https:\/\/i0.wp.com\/elfix.ba\/wp-content\/uploads\/2023\/03\/lg-elfix-kategorije-brendovi-150x150.png?resize=150%2C150&#038;ssl=1\" alt=\"\" width=\"150\" height=\"150\" \/><\/a><a href=\"https:\/\/elfix.ba\/shop\/?s=maxon&amp;post_type=product&amp;filter_brend=maxon\"><img data-recalc-dims=\"1\" loading=\"lazy\" decoding=\"async\" class=\"alignnone wp-image-11424 size-thumbnail\" src=\"https:\/\/i0.wp.com\/elfix.ba\/wp-content\/uploads\/2023\/03\/maxon-elfix-kategorije-brendovi-150x150.png?resize=150%2C150&#038;ssl=1\" alt=\"\" width=\"150\" height=\"150\" \/><\/a><\/p>\n<hr \/>\n<p>Potreban vam je klima ure\u0111aj, monta\u017ea, servis ili odr\u017eavanje?\u00a0 Mo\u017eete nas kontaktirati putem telefonskog poziva <strong>+387 61 887 444<\/strong> VIBER, WHATS UP ili putem emaila: elfixservice@gmail.com na\u0161 stru\u010dni tim \u0107e se potruditi u \u0161to kra\u0107em roku da odgovori na va\u0161e zahtjeve.<\/p>\n<\/div>","protected":false},"excerpt":{"rendered":"<p><strong>Haier<\/strong><br \/>\nBrand<\/p>\n<p><strong>A+++<\/strong><br \/>\nEnergetska klasa<\/p>\n<p><strong>4,20 kW<\/strong><br \/>\nSnaga grijanja<\/p>\n<p><strong>3,50 kW<\/strong><br \/>\nSnaga hla\u0111enja<\/p>\n<p><strong>40m2<\/strong><br \/>\nVeli\u010dina prostorije<\/p>","protected":false},"featured_media":14663,"template":"","meta":{"om_disable_all_campaigns":false,"_monsterinsights_skip_tracking":false,"_monsterinsights_sitenote_active":false,"_monsterinsights_sitenote_note":"","_monsterinsights_sitenote_category":0},"product_cat":[335,305,406,401,306,348],"product_tag":[],"class_list":{"0":"post-15004","1":"product","2":"type-product","3":"status-publish","4":"has-post-thumbnail","6":"product_cat-12ke-inverteri","7":"product_cat-grijanje-i-hladenje","8":"product_cat-haier","9":"product_cat-klima-inverteri","10":"product_cat-klima-uredaji","11":"product_cat-klima-uredaji-klima-uredaji","13":"first","14":"outofstock","15":"taxable","16":"shipping-taxable","17":"product-type-simple"},"aioseo_notices":[],"_links":{"self":[{"href":"https:\/\/coolmarket.ba\/bs\/wp-json\/wp\/v2\/product\/15004","targetHints":{"allow":["GET"]}}],"collection":[{"href":"https:\/\/coolmarket.ba\/bs\/wp-json\/wp\/v2\/product"}],"about":[{"href":"https:\/\/coolmarket.ba\/bs\/wp-json\/wp\/v2\/types\/product"}],"wp:featuredmedia":[{"embeddable":true,"href":"https:\/\/coolmarket.ba\/bs\/wp-json\/wp\/v2\/media\/14663"}],"wp:attachment":[{"href":"https:\/\/coolmarket.ba\/bs\/wp-json\/wp\/v2\/media?parent=15004"}],"wp:term":[{"taxonomy":"product_cat","embeddable":true,"href":"https:\/\/coolmarket.ba\/bs\/wp-json\/wp\/v2\/product_cat?post=15004"},{"taxonomy":"product_tag","embeddable":true,"href":"https:\/\/coolmarket.ba\/bs\/wp-json\/wp\/v2\/product_tag?post=15004"}],"curies":[{"name":"wp","href":"https:\/\/api.w.org\/{rel}","templated":true}]}}