{"id":15003,"date":"2023-03-08T09:40:48","date_gmt":"2023-03-08T09:40:48","guid":{"rendered":"https:\/\/coolmarket.ba\/?post_type=product&#038;p=15003"},"modified":"2024-09-13T10:47:36","modified_gmt":"2024-09-13T10:47:36","slug":"haier-tundra-green-plus-wifi-klima-inverter-as68tebhra-1u68reffra-7kw-24ka","status":"publish","type":"product","link":"https:\/\/coolmarket.ba\/bs\/proizvod\/haier-tundra-green-plus-wifi-klima-inverter-as68tebhra-1u68reffra-7kw-24ka\/","title":{"rendered":"HAIER TUNDRA GREEN PLUS WiFi AS68TEDHRA\/1U68RENFRA"},"content":{"rendered":"<div><\/div>\n<div>HAIER TUNDRA GREEN PLUS WI-FI\u00a0\u00a0\u00a0\u00a0\u00a0\u00a0\u00a0\u00a0 ASAS68TEDHRA\/1U68RENFRA<\/div>\n<div><\/div>\n<div><\/div>\n<div>Hla\u0111enje<\/div>\n<div>Nominalno (Min. &#8211; Max.)\u00a0 \u00a0 \u00a0 7.0(2.2-8.5) kW<br \/>\nEnergetska efikasnost \/ razred\u00a0\u00a0\u00a0 SEER koeficijent\u00a0 \u00a0 7.1\/3.23<br \/>\nSnaga elektri\u010dnog priklju\u010dka\u00a0\u00a0\u00a0\u00a0\u00a0\u00a0\u00a0 Nominalno (Min. &#8211; Max.)\u00a0 \u00a0 \u00a02.16(0.70-2.90) kW<br \/>\nTemperaturni raspon rada (Hla\u0111enje)\u00a0 \u00a0 Min. &#8211; Max.\u00a0 \u00a0 21-35 C(in)-15-43 C(out) \u2103<\/div>\n<div>Grijanje<\/div>\n<div>Nominalno (Min. &#8211; Max.)\u00a0 \u00a0 \u00a0 8.1(2.4-10.0) \u00a0\u00a0\u00a0\u00a0 kW<\/div>\n<div>Energetska efikasnost \/ razred\u00a0\u00a0\u00a0 SCOP koeficijent\u00a0 \u00a0 \u00a0 \u00a0 \u00a0 \u00a04.0\/3.71<\/div>\n<div>Snaga elektri\u010dnog priklju\u010dka &#8211; grijanje\u00a0\u00a0\u00a0\u00a0\u00a0 Nominalno (Min. &#8211; Max.)\u00a0 \u00a0 \u00a0 \u00a0 \u00a02.18(0.70-2.90) kW<\/div>\n<div>Temperaturni raspon rada (Grijanje) Min. &#8211; Max.\u00a0 \u00a0 \u00a0 \u00a010-27 C(in)-25-24\u00a0 C(out) \u2103<\/div>\n<div>Napajanje\u00a0 \u00a0Ph\/V\/Hz\u00a0 \u00a0 1\/230\/50<\/div>\n<div>Napajanje (pozicija)\u00a0 \u00a0 \u00a0 outdoor<\/div>\n<div><\/div>\n<div>Unutarnja jedinica<\/div>\n<div>Neto dimenzije\u00a0 \u0160\/D\/V\u00a0 \u00a0 1125\/240\/335 mm<\/div>\n<div>Dimenzije sa ambala\u017eom\u00a0 \u00a0\u0160\/D\/V\u00a0 \u00a0 \u00a01206\/342\/418 mm<\/div>\n<div>Neto\/bruto te\u017eina\u00a0 \u00a0 \u00a014\/17.5 kg<\/div>\n<div>Protok zraka(Hla\u0111enje\/grijanje)\u00a0 Max.\u00a0 \u00a01200 m3\/h<\/div>\n<div>Razina buke &#8211; zvu\u010dna snaga\u00a0 (H\/Mid\/Lo\/So)\u00a0 \u00a0 47\/43\/37\/30 dB(A)<\/div>\n<div><\/div>\n<div>Vanjska jedinica<\/div>\n<div>Neto dimenzije\u00a0 \u0160\/D\/V\u00a0 \u00a0 890\/353\/697 mm<\/div>\n<div>Dimenzije sa ambala\u017eom\u00a0 \u0160\/D\/V\u00a0 \u00a01046\/460\/780 mm<\/div>\n<div>Neto\/bruto te\u017eina\u00a0 \u00a0 51\/56 kg<\/div>\n<div>Protok zraka(Hla\u0111enje\/grijanje)\u00a0 Max.\u00a0 \u00a02900 m3\/h<\/div>\n<div>Razina buke &#8211; zvu\u010dna snaga\u00a0 \u00a0Hi\u00a0 \u00a0 \u00a052\/53 dB(A)<\/div>\n<div>Radna struja\u00a0\u00a0\u00a0\u00a0\u00a0\u00a0 Max.\u00a0 \u00a0 13 A<\/div>\n<div>Vrsta radne tvari\u00a0 \u00a0 \u00a0 R32<\/div>\n<div>Koli\u010dina radne tvari\u00a0 \u00a0R410\/R32\u00a0 \u00a0 1200 g<\/div>\n<div><\/div>\n<div>Promjeri cijevi<\/div>\n<div>Teku\u0107inski\u00a0 \u00a06.35 mm<\/div>\n<div>Plinski\u00a0 \u00a0 12.7 mm<\/div>\n<div><\/div>\n<div>Max. dozvoljena duljina cjevovoda\u00a0 \u00a0 \u00a025 m<\/div>\n<div>Max. visinska razlika\u00a0 \u00a0 \u00a015 m<\/div>\n<div>Me\u0111uveza\u00a0 \u00a0 \u00a0 \u00a04X1.5 mm2<\/div>\n<div>Razmak izme\u0111u nogica vanjske jedinice\u00a0 628 mm<\/div>\n<div><\/div>\n<div>\n<p><img data-recalc-dims=\"1\" fetchpriority=\"high\" decoding=\"async\" class=\"size-full wp-image-15573 aligncenter\" src=\"https:\/\/i0.wp.com\/coolmarket.ba\/wp-content\/uploads\/2024\/07\/Grijanje-Vodoinstalacije-klimatizacija-2.png?resize=1170%2C433&#038;ssl=1\" alt=\"\" width=\"1170\" height=\"433\" srcset=\"https:\/\/i0.wp.com\/coolmarket.ba\/wp-content\/uploads\/2024\/07\/Grijanje-Vodoinstalacije-klimatizacija-2.png?w=1170&amp;ssl=1 1170w, https:\/\/i0.wp.com\/coolmarket.ba\/wp-content\/uploads\/2024\/07\/Grijanje-Vodoinstalacije-klimatizacija-2.png?resize=300%2C111&amp;ssl=1 300w, https:\/\/i0.wp.com\/coolmarket.ba\/wp-content\/uploads\/2024\/07\/Grijanje-Vodoinstalacije-klimatizacija-2.png?resize=1024%2C379&amp;ssl=1 1024w, https:\/\/i0.wp.com\/coolmarket.ba\/wp-content\/uploads\/2024\/07\/Grijanje-Vodoinstalacije-klimatizacija-2.png?resize=768%2C284&amp;ssl=1 768w, https:\/\/i0.wp.com\/coolmarket.ba\/wp-content\/uploads\/2024\/07\/Grijanje-Vodoinstalacije-klimatizacija-2.png?resize=18%2C7&amp;ssl=1 18w, https:\/\/i0.wp.com\/coolmarket.ba\/wp-content\/uploads\/2024\/07\/Grijanje-Vodoinstalacije-klimatizacija-2.png?resize=600%2C222&amp;ssl=1 600w, https:\/\/i0.wp.com\/coolmarket.ba\/wp-content\/uploads\/2024\/07\/Grijanje-Vodoinstalacije-klimatizacija-2.png?resize=64%2C24&amp;ssl=1 64w\" sizes=\"(max-width: 1170px) 100vw, 1170px\" \/><\/p>\n<p>&nbsp;<\/p>\n<p><strong>CoolMarket<\/strong> je va\u0161 pouzdani partner za prodaju, ugradnju i odr\u017eavanje klima ure\u0111aja, toplotnih pumpi te sistema za vodu i grijanje. Na\u0161a stru\u010dnost osigurava kvalitetne proizvode i vrhunske usluge kako bi va\u0161 dom ili poslovni prostor bio udoban i funkcionalan. Kontaktirajte nas za sve potrebe vezane za klimatizaciju, grijanje i vodoinstalacije. Dostupni smo na Viber i Whatsapp\u00a0 +387 62 53 53 50<\/p>\n<\/div>","protected":false},"excerpt":{"rendered":"<ul>\n<li>Rashladni u\u010din 7,0 kW (2,2 &#8211; 8,5kW)<\/li>\n<li>U\u010din grijanja 8,1kW (2,4 &#8211; 10,0 kW)<\/li>\n<li>Prikladno za prostor: do 70m2<\/li>\n<li>Energetska klasa: A++<\/li>\n<li>Wi-fi upravljanje je uklju\u010deno u cijenu<\/li>\n<li>Radna tvar: R-32<\/li>\n<\/ul>","protected":false},"featured_media":14660,"template":"","meta":{"om_disable_all_campaigns":false,"_monsterinsights_skip_tracking":false,"_monsterinsights_sitenote_active":false,"_monsterinsights_sitenote_note":"","_monsterinsights_sitenote_category":0},"product_cat":[329,305,406,401,306],"product_tag":[],"class_list":{"0":"post-15003","1":"product","2":"type-product","3":"status-publish","4":"has-post-thumbnail","6":"product_cat-24ke-inverteri","7":"product_cat-grijanje-i-hladenje","8":"product_cat-haier","9":"product_cat-klima-inverteri","10":"product_cat-klima-uredaji","12":"first","13":"instock","14":"taxable","15":"shipping-taxable","16":"purchasable","17":"product-type-simple"},"aioseo_notices":[],"_links":{"self":[{"href":"https:\/\/coolmarket.ba\/bs\/wp-json\/wp\/v2\/product\/15003","targetHints":{"allow":["GET"]}}],"collection":[{"href":"https:\/\/coolmarket.ba\/bs\/wp-json\/wp\/v2\/product"}],"about":[{"href":"https:\/\/coolmarket.ba\/bs\/wp-json\/wp\/v2\/types\/product"}],"wp:featuredmedia":[{"embeddable":true,"href":"https:\/\/coolmarket.ba\/bs\/wp-json\/wp\/v2\/media\/14660"}],"wp:attachment":[{"href":"https:\/\/coolmarket.ba\/bs\/wp-json\/wp\/v2\/media?parent=15003"}],"wp:term":[{"taxonomy":"product_cat","embeddable":true,"href":"https:\/\/coolmarket.ba\/bs\/wp-json\/wp\/v2\/product_cat?post=15003"},{"taxonomy":"product_tag","embeddable":true,"href":"https:\/\/coolmarket.ba\/bs\/wp-json\/wp\/v2\/product_tag?post=15003"}],"curies":[{"name":"wp","href":"https:\/\/api.w.org\/{rel}","templated":true}]}}