{"id":15001,"date":"2023-03-08T09:40:48","date_gmt":"2023-03-08T09:40:48","guid":{"rendered":"https:\/\/coolmarket.ba\/?post_type=product&#038;p=15001"},"modified":"2024-09-13T10:46:45","modified_gmt":"2024-09-13T10:46:45","slug":"haier-tide-green-wifi-klima-inverter-35kw-12ka","status":"publish","type":"product","link":"https:\/\/coolmarket.ba\/bs\/proizvod\/haier-tide-green-wifi-klima-inverter-35kw-12ka\/","title":{"rendered":"HAIER TIDE GREEN WiFi KLIMA INVERTER 3,5kW (12ka)"},"content":{"rendered":"<p><strong>Specifikacije<\/strong><\/p>\n<p><strong>HLA\u0110ENJE<\/strong><br \/>\nKapacitet (Nominalno (Min.-Max.)) (kW): 3,5 (0,8-3,7)<br \/>\nEnergetski razred (SEER koeficijent): 6,1 \/ 3,23 (A++)<br \/>\nSnaga el.priklju\u010dka (Nominalno (Min.-Max.) (kW): 1,11 (0,3-1,6)<br \/>\nTemperaturni raspon rada (Hla\u0111enje) (Min.-Max.) (\u00b0C): -15-43<br \/>\nKapacitet (Nominalno (Min.-Max.) (kW): 3,6 (0,8-4,2)<br \/>\nEnergetski razred (SCOP koeficijent): 4,1 \/ 3,71 (A+)<br \/>\nSnaga el.priklju\u010dka (Grijanje) (Min.-Max.) (kW): 0,99 (0,4-1,6)<br \/>\nTemperaturni raspon rada (Grijanje) (Min.-Max.) (\u00b0C): -25-24<br \/>\nNapajanje (Ph\/V\/Hz): 1\/230\/50<br \/>\nNapajanje (pozicija):3\u00d71,5 m2 (vanjska)<\/p>\n<p><strong>UNUTARNJA JEDINICA<\/strong><br \/>\nNeto dimenzije (\u0160\/D\/V) (mm): 820\/195\/280<br \/>\nDimenzije s ambala\u017eom (\u0160\/D\/V) (mm): 909\/279\/355<br \/>\nNeto\/bruto te\u017eina (kg): 8,8\/11,0<br \/>\nProtok zraka (Hla\u0111enje\/Grijanje) max (m3\/h): 550<br \/>\nOdvla\u017eivanje (lit\/h): 1,6<br \/>\nRazina buke \u2013 zvu\u010dna snaga (H\/Mid\/Lo\/So) (db(A)): 37\/33\/29\/19<\/p>\n<p><strong>VANJSKA JEDINICA<\/strong><br \/>\nNeto dimenzije (\u0160\/D\/V) (mm): 780\/245\/540<br \/>\nDimenzije s ambala\u017eom (\u0160\/D\/V) (mm): 920\/361\/620<br \/>\nNeto\/bruto te\u017eina (kg): 28\/31<br \/>\nProtok zraka (Hla\u0111enje\/Grijanje) max (m3\/h): 1900<br \/>\nRazina buke \u2013 zvu\u010dna snaga (H\/Mid\/Lo\/So) (db(A)): 50\/51<br \/>\nRadna struja (max.) (A): 7,1<br \/>\nVrsta radne tvari: R32<br \/>\nKoli\u010dina radne tvari (g): 620<br \/>\n<strong>PROMJERI CIJEVI<\/strong><br \/>\nTeku\u0107inski (mm): 6,35<br \/>\nPlinski (mm): 9,52<br \/>\nMax.dozvoljena duljina cjevovoda (m): 15<br \/>\nMax.visinska razlika (m): 10<br \/>\nMe\u0111uveza (mm2): 4\u00d71,5<br \/>\nRazmak nogica (mm): 440<\/p>\n<p><strong>Tihi, skoro ne\u010dujni na\u010din rada<\/strong><br \/>\nTi\u0161ina koja osigurava mir u Va\u0161em domu, a opet stvara ugodu klimatiziranog prostora. Funkcija\u00a0<em>Super Quiet<\/em>\u00a0optimizira rad i smanjuje razinu buke do razine \u0161apata (18 dB). Zbog navedene funkcije\u00a0<strong>klima ure\u0111aj Tide odli\u010dan je odabir za spava\u0107e sobe<\/strong>. Jeste li znali? Istra\u017eivanje rada u Haier laboratorijima rezultiralo je pobolj\u0161anom konstrukcijom ventilatora ve\u0107eg promjera i rasporeda lopatica kojim se osigurava vrlo tihi rad ure\u0111aja.<\/p>\n<p><strong>Inteligentno strujanje zraka<\/strong><br \/>\nStrujanje zraka je namje\u0161teno na najbolji mogu\u0107i na\u010din kako bi Vi osjetili samo ugodu. Ova funkcija donosi tehnologiju dvostrukog ispu\u0161tanja zraka.\u00a0<strong>Strujanje zraka usmjerava se automatski prema gore kad se hladi ili prema dolje pri grijanju<\/strong>. Zrak se automatski \u0161iri u velikoj prostoriji i na taj na\u010din se izbjegava direktan ispuh zraka na tijelo.<\/p>\n<p><strong>Ugodnost u Va\u0161em domu<\/strong><br \/>\nDok je stanje mirovanja uklju\u010deno, klima ure\u0111aj je postavljen na blagu temperaturu, a radni zvuk je pode\u0161en na najni\u017eu razinu. To Vam prije svega omogu\u0107uje miran i ugodan san.<\/p>\n<p><img data-recalc-dims=\"1\" fetchpriority=\"high\" decoding=\"async\" class=\"size-full wp-image-15573 aligncenter\" src=\"https:\/\/i0.wp.com\/coolmarket.ba\/wp-content\/uploads\/2024\/07\/Grijanje-Vodoinstalacije-klimatizacija-2.png?resize=1170%2C433&#038;ssl=1\" alt=\"\" width=\"1170\" height=\"433\" srcset=\"https:\/\/i0.wp.com\/coolmarket.ba\/wp-content\/uploads\/2024\/07\/Grijanje-Vodoinstalacije-klimatizacija-2.png?w=1170&amp;ssl=1 1170w, https:\/\/i0.wp.com\/coolmarket.ba\/wp-content\/uploads\/2024\/07\/Grijanje-Vodoinstalacije-klimatizacija-2.png?resize=300%2C111&amp;ssl=1 300w, https:\/\/i0.wp.com\/coolmarket.ba\/wp-content\/uploads\/2024\/07\/Grijanje-Vodoinstalacije-klimatizacija-2.png?resize=1024%2C379&amp;ssl=1 1024w, https:\/\/i0.wp.com\/coolmarket.ba\/wp-content\/uploads\/2024\/07\/Grijanje-Vodoinstalacije-klimatizacija-2.png?resize=768%2C284&amp;ssl=1 768w, https:\/\/i0.wp.com\/coolmarket.ba\/wp-content\/uploads\/2024\/07\/Grijanje-Vodoinstalacije-klimatizacija-2.png?resize=18%2C7&amp;ssl=1 18w, https:\/\/i0.wp.com\/coolmarket.ba\/wp-content\/uploads\/2024\/07\/Grijanje-Vodoinstalacije-klimatizacija-2.png?resize=600%2C222&amp;ssl=1 600w, https:\/\/i0.wp.com\/coolmarket.ba\/wp-content\/uploads\/2024\/07\/Grijanje-Vodoinstalacije-klimatizacija-2.png?resize=64%2C24&amp;ssl=1 64w\" sizes=\"(max-width: 1170px) 100vw, 1170px\" \/><\/p>\n<p>&nbsp;<\/p>\n<p><strong>CoolMarket<\/strong> je va\u0161 pouzdani partner za prodaju, ugradnju i odr\u017eavanje klima ure\u0111aja, toplotnih pumpi te sistema za vodu i grijanje. Na\u0161a stru\u010dnost osigurava kvalitetne proizvode i vrhunske usluge kako bi va\u0161 dom ili poslovni prostor bio udoban i funkcionalan. Kontaktirajte nas za sve potrebe vezane za klimatizaciju, grijanje i vodoinstalacije. Dostupni smo na Viber i Whatsapp\u00a0 +387 62 53 53 50<\/p>","protected":false},"excerpt":{"rendered":"<p><strong>Haier<\/strong><br \/>\nBrand<\/p>\n<p><strong>A++<\/strong><br \/>\nEnergetska klasa<\/p>\n<p><strong>3,60 kW<\/strong><br \/>\nSnaga grijanja<\/p>\n<p><strong>3,50 kW<\/strong><br \/>\nSnaga hla\u0111enja<\/p>\n<p><strong>40m2<\/strong><br \/>\nVeli\u010dina prostorije<\/p>","protected":false},"featured_media":14645,"template":"","meta":{"om_disable_all_campaigns":false,"_monsterinsights_skip_tracking":false,"_monsterinsights_sitenote_active":false,"_monsterinsights_sitenote_note":"","_monsterinsights_sitenote_category":0},"product_cat":[335,305,401,306,348],"product_tag":[],"class_list":{"0":"post-15001","1":"product","2":"type-product","3":"status-publish","4":"has-post-thumbnail","6":"product_cat-12ke-inverteri","7":"product_cat-grijanje-i-hladenje","8":"product_cat-klima-inverteri","9":"product_cat-klima-uredaji","10":"product_cat-klima-uredaji-klima-uredaji","12":"first","13":"instock","14":"taxable","15":"shipping-taxable","16":"product-type-simple"},"aioseo_notices":[],"_links":{"self":[{"href":"https:\/\/coolmarket.ba\/bs\/wp-json\/wp\/v2\/product\/15001","targetHints":{"allow":["GET"]}}],"collection":[{"href":"https:\/\/coolmarket.ba\/bs\/wp-json\/wp\/v2\/product"}],"about":[{"href":"https:\/\/coolmarket.ba\/bs\/wp-json\/wp\/v2\/types\/product"}],"wp:featuredmedia":[{"embeddable":true,"href":"https:\/\/coolmarket.ba\/bs\/wp-json\/wp\/v2\/media\/14645"}],"wp:attachment":[{"href":"https:\/\/coolmarket.ba\/bs\/wp-json\/wp\/v2\/media?parent=15001"}],"wp:term":[{"taxonomy":"product_cat","embeddable":true,"href":"https:\/\/coolmarket.ba\/bs\/wp-json\/wp\/v2\/product_cat?post=15001"},{"taxonomy":"product_tag","embeddable":true,"href":"https:\/\/coolmarket.ba\/bs\/wp-json\/wp\/v2\/product_tag?post=15001"}],"curies":[{"name":"wp","href":"https:\/\/api.w.org\/{rel}","templated":true}]}}