{"id":14999,"date":"2023-03-08T09:40:48","date_gmt":"2023-03-08T09:40:48","guid":{"rendered":"https:\/\/coolmarket.ba\/?post_type=product&#038;p=14999"},"modified":"2024-09-13T10:46:17","modified_gmt":"2024-09-13T10:46:17","slug":"haier-klima-inverter-tibio-hsu18ht203-r2-5kw-18ka","status":"publish","type":"product","link":"https:\/\/coolmarket.ba\/bs\/proizvod\/haier-klima-inverter-tibio-hsu18ht203-r2-5kw-18ka\/","title":{"rendered":"HAIER KLIMA INVERTER TIBIO HSU18HT203\/R2 5kW (18ka)"},"content":{"rendered":"<table class=\"table attrbutes mb0\">\n<thead>\n<tr>\n<td colspan=\"2\">Specifikacije<\/td>\n<\/tr>\n<\/thead>\n<tbody>\n<tr>\n<td>Performanse, hla\u0111enje<\/td>\n<td>5.2 kW<\/td>\n<\/tr>\n<tr>\n<td>Performanse, grijanje<\/td>\n<td>5.3 kW<\/td>\n<\/tr>\n<tr>\n<td>Snaga, hla\u0111enje<\/td>\n<td>1.61 kW<\/td>\n<\/tr>\n<tr>\n<td>Snaga potro\u0161ena grijanjem<\/td>\n<td>1.46 kW<\/td>\n<\/tr>\n<tr>\n<td>Energetska u\u010dinkovitost EER<\/td>\n<td>3.25<\/td>\n<\/tr>\n<tr>\n<td>U\u010dinkovitost COP-a<\/td>\n<td>3.21<\/td>\n<\/tr>\n<tr>\n<td>Razina buke unutarnjeg bloka<\/td>\n<td>31-36-39-42 dB<\/td>\n<\/tr>\n<tr>\n<td>Razina buke vanjskog bloka<\/td>\n<td>55 dB<\/td>\n<\/tr>\n<tr>\n<td>Vrsta rashladnog sredstva<\/td>\n<td>Freon R410<\/td>\n<\/tr>\n<tr>\n<td>Dimenzije unutarnjeg bloka<\/td>\n<td>1008 x 225 x 318 mm<\/td>\n<\/tr>\n<tr>\n<td>Veli\u010dina vanjskog bloka<\/td>\n<td>780 x 245 x 640 mm<\/td>\n<\/tr>\n<tr>\n<td>Te\u017eina unutarnjeg bloka<\/td>\n<td>12 kg<\/td>\n<\/tr>\n<tr>\n<td>Masa vanjskog bloka<\/td>\n<td>41.7kg<\/td>\n<\/tr>\n<\/tbody>\n<\/table>\n<p>&nbsp;<\/p>\n<p><img data-recalc-dims=\"1\" fetchpriority=\"high\" decoding=\"async\" class=\"size-full wp-image-15573 aligncenter\" src=\"https:\/\/i0.wp.com\/coolmarket.ba\/wp-content\/uploads\/2024\/07\/Grijanje-Vodoinstalacije-klimatizacija-2.png?resize=1170%2C433&#038;ssl=1\" alt=\"\" width=\"1170\" height=\"433\" srcset=\"https:\/\/i0.wp.com\/coolmarket.ba\/wp-content\/uploads\/2024\/07\/Grijanje-Vodoinstalacije-klimatizacija-2.png?w=1170&amp;ssl=1 1170w, https:\/\/i0.wp.com\/coolmarket.ba\/wp-content\/uploads\/2024\/07\/Grijanje-Vodoinstalacije-klimatizacija-2.png?resize=300%2C111&amp;ssl=1 300w, https:\/\/i0.wp.com\/coolmarket.ba\/wp-content\/uploads\/2024\/07\/Grijanje-Vodoinstalacije-klimatizacija-2.png?resize=1024%2C379&amp;ssl=1 1024w, https:\/\/i0.wp.com\/coolmarket.ba\/wp-content\/uploads\/2024\/07\/Grijanje-Vodoinstalacije-klimatizacija-2.png?resize=768%2C284&amp;ssl=1 768w, https:\/\/i0.wp.com\/coolmarket.ba\/wp-content\/uploads\/2024\/07\/Grijanje-Vodoinstalacije-klimatizacija-2.png?resize=18%2C7&amp;ssl=1 18w, https:\/\/i0.wp.com\/coolmarket.ba\/wp-content\/uploads\/2024\/07\/Grijanje-Vodoinstalacije-klimatizacija-2.png?resize=600%2C222&amp;ssl=1 600w, https:\/\/i0.wp.com\/coolmarket.ba\/wp-content\/uploads\/2024\/07\/Grijanje-Vodoinstalacije-klimatizacija-2.png?resize=64%2C24&amp;ssl=1 64w\" sizes=\"(max-width: 1170px) 100vw, 1170px\" \/><\/p>\n<p>&nbsp;<\/p>\n<p><strong>CoolMarket<\/strong> je va\u0161 pouzdani partner za prodaju, ugradnju i odr\u017eavanje klima ure\u0111aja, toplotnih pumpi te sistema za vodu i grijanje. Na\u0161a stru\u010dnost osigurava kvalitetne proizvode i vrhunske usluge kako bi va\u0161 dom ili poslovni prostor bio udoban i funkcionalan. Kontaktirajte nas za sve potrebe vezane za klimatizaciju, grijanje i vodoinstalacije. Dostupni smo na Viber i Whatsapp\u00a0 +387 62 53 53 50<\/p>","protected":false},"excerpt":{"rendered":"<p><strong>Haier<\/strong><br \/>\nBrand<\/p>\n<p><strong>A<\/strong><br \/>\nEnergetska klasa<\/p>\n<p><strong>5,10 kW<\/strong><br \/>\nSnaga grijanja<\/p>\n<p><strong>5,10 kW<\/strong><br \/>\nSnaga hla\u0111enja<\/p>\n<p><strong>50m2<\/strong><br \/>\nVeli\u010dina prostorije<\/p>","protected":false},"featured_media":14657,"template":"","meta":{"om_disable_all_campaigns":false,"_monsterinsights_skip_tracking":false,"_monsterinsights_sitenote_active":false,"_monsterinsights_sitenote_note":"","_monsterinsights_sitenote_category":0},"product_cat":[386,305,306],"product_tag":[],"class_list":{"0":"post-14999","1":"product","2":"type-product","3":"status-publish","4":"has-post-thumbnail","6":"product_cat-18ke-klime","7":"product_cat-grijanje-i-hladenje","8":"product_cat-klima-uredaji","10":"first","11":"instock","12":"taxable","13":"shipping-taxable","14":"purchasable","15":"product-type-simple"},"aioseo_notices":[],"_links":{"self":[{"href":"https:\/\/coolmarket.ba\/bs\/wp-json\/wp\/v2\/product\/14999","targetHints":{"allow":["GET"]}}],"collection":[{"href":"https:\/\/coolmarket.ba\/bs\/wp-json\/wp\/v2\/product"}],"about":[{"href":"https:\/\/coolmarket.ba\/bs\/wp-json\/wp\/v2\/types\/product"}],"wp:featuredmedia":[{"embeddable":true,"href":"https:\/\/coolmarket.ba\/bs\/wp-json\/wp\/v2\/media\/14657"}],"wp:attachment":[{"href":"https:\/\/coolmarket.ba\/bs\/wp-json\/wp\/v2\/media?parent=14999"}],"wp:term":[{"taxonomy":"product_cat","embeddable":true,"href":"https:\/\/coolmarket.ba\/bs\/wp-json\/wp\/v2\/product_cat?post=14999"},{"taxonomy":"product_tag","embeddable":true,"href":"https:\/\/coolmarket.ba\/bs\/wp-json\/wp\/v2\/product_tag?post=14999"}],"curies":[{"name":"wp","href":"https:\/\/api.w.org\/{rel}","templated":true}]}}