{"id":14998,"date":"2023-03-08T09:40:48","date_gmt":"2023-03-08T09:40:48","guid":{"rendered":"https:\/\/coolmarket.ba\/?post_type=product&#038;p=14998"},"modified":"2024-09-13T10:45:51","modified_gmt":"2024-09-13T10:45:51","slug":"haier-klima-on-off-tibio-hsu-09ht203-r2-2-5kw-9ka","status":"publish","type":"product","link":"https:\/\/coolmarket.ba\/bs\/proizvod\/haier-klima-on-off-tibio-hsu-09ht203-r2-2-5kw-9ka\/","title":{"rendered":"Haier KLIMA ON\/OFF Tibio HSU-09HT203\/R2 2.5kW (9ka)"},"content":{"rendered":"<ul class=\"params\">\n<li>\n<table class=\"kuredjaji_table table_specifikacija\" width=\"648\">\n<tbody>\n<tr>\n<td class=\"first_column\" rowspan=\"3\">Model<\/td>\n<td>unutra\u0161nja jedinica<\/td>\n<td>HSU-09HT203\/R2<\/td>\n<\/tr>\n<tr>\n<td>vanjska jedinica<\/td>\n<td>HSU-09HUN103\/R2<\/td>\n<\/tr>\n<tr>\n<td>zemlja porijekla<\/td>\n<td>Kina<\/td>\n<\/tr>\n<tr>\n<td class=\"first_column\">Hla\u0111enje<\/td>\n<td>potro\u0161nja pri hla\u0111enju(kW)<\/td>\n<td>0.8<\/td>\n<\/tr>\n<tr>\n<td class=\"first_column\">Grejanje<\/td>\n<td>potro\u0161nja pri grijanju(kW)<\/td>\n<td>0.7<\/td>\n<\/tr>\n<tr>\n<td class=\"first_column\" rowspan=\"2\">Dodatne funkcije<\/td>\n<td>uklanjanje vlage<\/td>\n<td>da<\/td>\n<\/tr>\n<tr>\n<td>WiFi<\/td>\n<td>Ne<\/td>\n<\/tr>\n<tr>\n<td class=\"first_column\" rowspan=\"5 \">Unutra\u0161nja jedinica<\/td>\n<td>protok vazduha (m3\/h)<\/td>\n<td>500<\/td>\n<\/tr>\n<tr>\n<td>dimenzije Vx\u0160xD (mm)<\/td>\n<td>280x820x195<\/td>\n<\/tr>\n<tr>\n<td>te\u017eina (kg)<\/td>\n<td>9<\/td>\n<\/tr>\n<tr>\n<td>display za o\u010ditavanje temperature<\/td>\n<td>Da<\/td>\n<\/tr>\n<tr>\n<td>nivo zvu\u010dne snage &#8211; buka (dB)<\/td>\n<td>31<\/td>\n<\/tr>\n<tr>\n<td class=\"first_column\" rowspan=\"3\">Vanjska jedinica<\/td>\n<td>dimenzije Vx\u0160xD (mm)<\/td>\n<td>432x696x256<\/td>\n<\/tr>\n<tr>\n<td>te\u017eina (kg)<\/td>\n<td>25.6<\/td>\n<\/tr>\n<tr>\n<td>nivo zvu\u010dne snage &#8211; buka (dB)<\/td>\n<td>53<\/td>\n<\/tr>\n<tr>\n<td class=\"first_column\" rowspan=\"2\">Freon<\/td>\n<td>tip freona<\/td>\n<td>R410A<\/td>\n<\/tr>\n<tr>\n<td>koli\u010dina freona u sistemu (gr)<\/td>\n<td>700gr<\/td>\n<\/tr>\n<tr>\n<td class=\"first_column\">Opseg rada<\/td>\n<td>spolja\u0161nji temperaturni opseg<\/td>\n<td>od -7\u00b0C do +43\u00b0C<\/td>\n<\/tr>\n<tr>\n<td class=\"first_column\">Instalacija<\/td>\n<td>maksimalno rastojanje unutr\/spolj. jed.(m)<\/td>\n<td>15m<\/td>\n<\/tr>\n<tr>\n<td class=\"first_column\">Filteri<\/td>\n<td class=\"\">vrste<\/td>\n<\/tr>\n<\/tbody>\n<\/table>\n<\/li>\n<\/ul>\n<p>&nbsp;<\/p>\n<p>&nbsp;<\/p>\n<p class=\"param\">GLAVNI<\/p>\n<ul class=\"params\">\n<li>Snaga hla\u0111enja, kW:2,5 kW<\/li>\n<li>Snaga grijanja, kW:2,5 kW<\/li>\n<li>U prostorijama prije (m\u00b2):27<\/li>\n<li>Potro\u0161nja energije tijekom hla\u0111enja (kW):0.77<\/li>\n<li>Potro\u0161nja energije u grijanju (kW):0.77<\/li>\n<li>Napon napajanja (B):220v<\/li>\n<li>Razred energetske u\u010dinkovitosti (A, B, C, D, F, G):A\/ A<\/li>\n<li>Za vi\u0161e informacija:Wi-Fi kontrola (nije obavezno); Super tiho (25 db); Autorstart; 24 &#8211; sat vremena; Turbo na\u010din rada; Udoban san; Inteligentni protok zraka (gore\/dolje) 12m protok zraka; Samodijagnoza; Samo\u010di\u0161\u0107enje;<\/li>\n<\/ul>\n<p class=\"param\">NA\u010cINI RADA<\/p>\n<ul class=\"params\">\n<li>Na\u010dini rada:hla\u0111enje\/grijanje\/pra\u017enjenje\/ventilacija<\/li>\n<li>Koeffe, koeffe. Energije. EER (hla\u0111enje):3,23<\/li>\n<li>Koeffe, koeffe. Energije. U\u010dinkovitost COP-a (grijanje):3,65<\/li>\n<li>Frekvencija (Hz):50 Hz<\/li>\n<li>Performanse zraka (m3\/h):500<\/li>\n<\/ul>\n<p class=\"param\">DIMENZIJE<\/p>\n<ul class=\"params\">\n<li>Dimenzije unutarnje jedinice podijeljenog sustava (mm):820x195x280 mm<\/li>\n<li>Dimenzije vanjskog bloka podijeljenog sustava (mm):695x245x430 mm<\/li>\n<li>Neto te\u017eina (KG):32.4<\/li>\n<\/ul>\n<p><img data-recalc-dims=\"1\" fetchpriority=\"high\" decoding=\"async\" class=\"size-full wp-image-15573 aligncenter\" src=\"https:\/\/i0.wp.com\/coolmarket.ba\/wp-content\/uploads\/2024\/07\/Grijanje-Vodoinstalacije-klimatizacija-2.png?resize=1170%2C433&#038;ssl=1\" alt=\"\" width=\"1170\" height=\"433\" srcset=\"https:\/\/i0.wp.com\/coolmarket.ba\/wp-content\/uploads\/2024\/07\/Grijanje-Vodoinstalacije-klimatizacija-2.png?w=1170&amp;ssl=1 1170w, https:\/\/i0.wp.com\/coolmarket.ba\/wp-content\/uploads\/2024\/07\/Grijanje-Vodoinstalacije-klimatizacija-2.png?resize=300%2C111&amp;ssl=1 300w, https:\/\/i0.wp.com\/coolmarket.ba\/wp-content\/uploads\/2024\/07\/Grijanje-Vodoinstalacije-klimatizacija-2.png?resize=1024%2C379&amp;ssl=1 1024w, https:\/\/i0.wp.com\/coolmarket.ba\/wp-content\/uploads\/2024\/07\/Grijanje-Vodoinstalacije-klimatizacija-2.png?resize=768%2C284&amp;ssl=1 768w, https:\/\/i0.wp.com\/coolmarket.ba\/wp-content\/uploads\/2024\/07\/Grijanje-Vodoinstalacije-klimatizacija-2.png?resize=18%2C7&amp;ssl=1 18w, https:\/\/i0.wp.com\/coolmarket.ba\/wp-content\/uploads\/2024\/07\/Grijanje-Vodoinstalacije-klimatizacija-2.png?resize=600%2C222&amp;ssl=1 600w, https:\/\/i0.wp.com\/coolmarket.ba\/wp-content\/uploads\/2024\/07\/Grijanje-Vodoinstalacije-klimatizacija-2.png?resize=64%2C24&amp;ssl=1 64w\" sizes=\"(max-width: 1170px) 100vw, 1170px\" \/><\/p>\n<p>&nbsp;<\/p>\n<p><strong>CoolMarket<\/strong> je va\u0161 pouzdani partner za prodaju, ugradnju i odr\u017eavanje klima ure\u0111aja, toplotnih pumpi te sistema za vodu i grijanje. Na\u0161a stru\u010dnost osigurava kvalitetne proizvode i vrhunske usluge kako bi va\u0161 dom ili poslovni prostor bio udoban i funkcionalan. Kontaktirajte nas za sve potrebe vezane za klimatizaciju, grijanje i vodoinstalacije. Dostupni smo na Viber i Whatsapp\u00a0 +387 62 53 53 50<\/p>","protected":false},"excerpt":{"rendered":"<p><strong>Haier<\/strong><br \/>\nBrand<\/p>\n<p><strong>A<\/strong><br \/>\nEnergetska klasa<\/p>\n<p><strong>2,50 kW<\/strong><br \/>\nSnaga grijanja<\/p>\n<p><strong>2,70 kW<\/strong><br \/>\nSnaga hla\u0111enja<\/p>\n<p><strong>30m2<\/strong><br \/>\nVeli\u010dina prostorije<\/p>","protected":false},"featured_media":14657,"template":"","meta":{"om_disable_all_campaigns":false,"_monsterinsights_skip_tracking":false,"_monsterinsights_sitenote_active":false,"_monsterinsights_sitenote_note":"","_monsterinsights_sitenote_category":0},"product_cat":[347,305,349,306,348],"product_tag":[425,426,427,428,429,430,431,432,433,434,435,436,309,350,337,327,328,353],"class_list":{"0":"post-14998","1":"product","2":"type-product","3":"status-publish","4":"has-post-thumbnail","6":"product_cat-9ke-klime","7":"product_cat-grijanje-i-hladenje","8":"product_cat-klima-on-off","9":"product_cat-klima-uredaji","10":"product_cat-klima-uredaji-klima-uredaji","11":"product_tag-haier-bih","12":"product_tag-haier-klima","13":"product_tag-haier-klima-9ka","14":"product_tag-haier-klima-on-off","15":"product_tag-haier-on-off-klima-uredaj","16":"product_tag-haier-ovlasteni-prodajni-zastupnik","17":"product_tag-haier-ovlasteni-servis","18":"product_tag-haier-tibio","19":"product_tag-haier-tibio-2-5kw","20":"product_tag-haier-zenica","21":"product_tag-klima-on-off","22":"product_tag-montaza-haier-klime","23":"product_tag-montaza-klima","24":"product_tag-montaza-klima-zenica","25":"product_tag-prodaja-klima","26":"product_tag-servis-klima","27":"product_tag-ugradnja-klima","28":"product_tag-ugradnja-klima-zenica","30":"first","31":"outofstock","32":"taxable","33":"shipping-taxable","34":"product-type-simple"},"aioseo_notices":[],"_links":{"self":[{"href":"https:\/\/coolmarket.ba\/bs\/wp-json\/wp\/v2\/product\/14998","targetHints":{"allow":["GET"]}}],"collection":[{"href":"https:\/\/coolmarket.ba\/bs\/wp-json\/wp\/v2\/product"}],"about":[{"href":"https:\/\/coolmarket.ba\/bs\/wp-json\/wp\/v2\/types\/product"}],"wp:featuredmedia":[{"embeddable":true,"href":"https:\/\/coolmarket.ba\/bs\/wp-json\/wp\/v2\/media\/14657"}],"wp:attachment":[{"href":"https:\/\/coolmarket.ba\/bs\/wp-json\/wp\/v2\/media?parent=14998"}],"wp:term":[{"taxonomy":"product_cat","embeddable":true,"href":"https:\/\/coolmarket.ba\/bs\/wp-json\/wp\/v2\/product_cat?post=14998"},{"taxonomy":"product_tag","embeddable":true,"href":"https:\/\/coolmarket.ba\/bs\/wp-json\/wp\/v2\/product_tag?post=14998"}],"curies":[{"name":"wp","href":"https:\/\/api.w.org\/{rel}","templated":true}]}}