{"id":14996,"date":"2023-03-08T09:40:47","date_gmt":"2023-03-08T09:40:47","guid":{"rendered":"https:\/\/coolmarket.ba\/?post_type=product&#038;p=14996"},"modified":"2024-09-13T10:49:48","modified_gmt":"2024-09-13T10:49:48","slug":"haier-flexis-plus-wifi-klima-inverter-as35s2sf1fa-1u35s2sm1fa-3-5kw-12ka-2","status":"publish","type":"product","link":"https:\/\/coolmarket.ba\/bs\/proizvod\/haier-flexis-plus-wifi-klima-inverter-as35s2sf1fa-1u35s2sm1fa-3-5kw-12ka-2\/","title":{"rendered":"HAIER FLEXIS PLUS WiFi AS35S2SF1FA\/1U35S2SM1FA BIJELA"},"content":{"rendered":"<p><strong>Specifikacije<\/strong><\/p>\n<p><strong>HLA\u0110ENJE<\/strong><br \/>\nKapacitet (Nominalno (Min.-Max.)) (kW): 3,5 (1,0-4,0)<br \/>\nEnergetski razred (SEER koeficijent): 8,5 (A+++)<br \/>\nSnaga el.priklju\u010dka (Nominalno (Min.-Max.) (kW): 0,88 (0,3-1,5)<br \/>\nTemperaturni raspon rada (Hla\u0111enje) (Min.-Max.) (\u00b0C): -20-43<br \/>\nKapacitet (Nominalno (Min.-Max.) (kW): 4,2 (1,0-5,2)<br \/>\nEnergetski razred (SCOP koeficijent): 4,6 (A++)<br \/>\nSnaga el.priklju\u010dka (Grijanje) (Min.-Max.) (kW): 1,1 (0,5-1,6)<br \/>\nTemperaturni raspon rada (Grijanje) (Min.-Max.) (\u00b0C): -20-24<br \/>\nNapajanje (Ph\/V\/Hz): 1\/230\/50<br \/>\nNapajanje (pozicija): vanjska (3*1,5)<\/p>\n<p><strong>UNUTARNJA JEDINICA<\/strong><br \/>\nNeto dimenzije (\u0160\/D\/V) (mm): 866\/196\/301<br \/>\nDimenzije s ambala\u017eom (\u0160\/D\/V) (mm): 952\/283\/389<br \/>\nNeto\/bruto te\u017eina (kg): 9,5\/12<br \/>\nProtok zraka (Hla\u0111enje\/Grijanje) max (m3\/h): 650<br \/>\nOdvla\u017eivanje (lit\/h): 1,6<br \/>\nRazina buke \u2013 zvu\u010dna snaga (H\/Mid\/Lo\/So) (db(A)): 39\/33\/26\/17<\/p>\n<p><strong>VANJSKA JEDINICA<\/strong><br \/>\nNeto dimenzije (\u0160\/D\/V) (mm): 800\/280\/550<br \/>\nDimenzije s ambala\u017eom (\u0160\/D\/V) (mm): 954\/409\/625<br \/>\nNeto\/bruto te\u017eina (kg): 31,5\/34<br \/>\nProtok zraka (Hla\u0111enje\/Grijanje) max (m3\/h): 1800<br \/>\nRazina buke \u2013 zvu\u010dna snaga (Hi) (db(A)): 48<br \/>\nRadna struja (max.) (A): 7,2<br \/>\nVrsta radne tvari: R32<br \/>\nKoli\u010dina radne tvari (g): 940<br \/>\n<strong>PROMJERI CIJEVI<\/strong><br \/>\nTeku\u0107inski (mm): 6,35<br \/>\nPlinski (mm): 9,52<br \/>\nMax.dozvoljena duljina cjevovoda (m): 15<br \/>\nMax.visinska razlika (m): 10<br \/>\nMe\u0111uveza (mm2): 4*1,5<br \/>\nRazmak nogica (mm): 510<\/p>\n<p><strong>Eco senzor<\/strong><br \/>\nHaier je unaprijedio funkcije koje su vezane uz senzor za skeniranje prostora. Uz novi\u00a0<em>Eco Sensor<\/em>\u00a0posti\u017ee se maksimalna udobnost jer se strujanje zraka regulira prema trenuta\u010dnom stanju u prostoriji (broj osoba i njihove pozicije). Uz novi senzor posti\u017ee se dodatna u\u0161teda jer se\u00a0<strong>klima ure\u0111aj gasi ako neko vrijeme niste prisutni u prostoriji<\/strong>.<\/p>\n<p><strong>3M Purify Filter<\/strong><br \/>\nDodatni 3M filter koji osigurava 1<strong>00% pro\u010di\u0161\u0107en zrak u Va\u0161em domu<\/strong>\u00a0od vlasi kose, sitne pra\u0161ine, peludi i ostalih vidljivih i nevidljivih \u010destica.<\/p>\n<p><strong>Antibakterijski panel<\/strong><br \/>\nPanel unutarnje jedinice modela Flexis Plus izra\u0111en je od posebnog materijala koji ima\u00a0<strong>trajno antibakterijsko djelovanje<\/strong>\u00a0(navedno vrijedi za modele u mat izvedbi).<\/p>\n<p>&nbsp;<\/p>\n<p><img data-recalc-dims=\"1\" fetchpriority=\"high\" decoding=\"async\" class=\"size-full wp-image-15573 aligncenter\" src=\"https:\/\/i0.wp.com\/coolmarket.ba\/wp-content\/uploads\/2024\/07\/Grijanje-Vodoinstalacije-klimatizacija-2.png?resize=1170%2C433&#038;ssl=1\" alt=\"\" width=\"1170\" height=\"433\" srcset=\"https:\/\/i0.wp.com\/coolmarket.ba\/wp-content\/uploads\/2024\/07\/Grijanje-Vodoinstalacije-klimatizacija-2.png?w=1170&amp;ssl=1 1170w, https:\/\/i0.wp.com\/coolmarket.ba\/wp-content\/uploads\/2024\/07\/Grijanje-Vodoinstalacije-klimatizacija-2.png?resize=300%2C111&amp;ssl=1 300w, https:\/\/i0.wp.com\/coolmarket.ba\/wp-content\/uploads\/2024\/07\/Grijanje-Vodoinstalacije-klimatizacija-2.png?resize=1024%2C379&amp;ssl=1 1024w, https:\/\/i0.wp.com\/coolmarket.ba\/wp-content\/uploads\/2024\/07\/Grijanje-Vodoinstalacije-klimatizacija-2.png?resize=768%2C284&amp;ssl=1 768w, https:\/\/i0.wp.com\/coolmarket.ba\/wp-content\/uploads\/2024\/07\/Grijanje-Vodoinstalacije-klimatizacija-2.png?resize=18%2C7&amp;ssl=1 18w, https:\/\/i0.wp.com\/coolmarket.ba\/wp-content\/uploads\/2024\/07\/Grijanje-Vodoinstalacije-klimatizacija-2.png?resize=600%2C222&amp;ssl=1 600w, https:\/\/i0.wp.com\/coolmarket.ba\/wp-content\/uploads\/2024\/07\/Grijanje-Vodoinstalacije-klimatizacija-2.png?resize=64%2C24&amp;ssl=1 64w\" sizes=\"(max-width: 1170px) 100vw, 1170px\" \/><\/p>\n<p>&nbsp;<\/p>\n<p><strong>CoolMarket<\/strong> je va\u0161 pouzdani partner za prodaju, ugradnju i odr\u017eavanje klima ure\u0111aja, toplotnih pumpi te sistema za vodu i grijanje. Na\u0161a stru\u010dnost osigurava kvalitetne proizvode i vrhunske usluge kako bi va\u0161 dom ili poslovni prostor bio udoban i funkcionalan. Kontaktirajte nas za sve potrebe vezane za klimatizaciju, grijanje i vodoinstalacije. Dostupni smo na Viber i Whatsapp\u00a0 +387 62 53 53 50<\/p>","protected":false},"excerpt":{"rendered":"<p><strong>Haier<\/strong><br \/>\nBrand<\/p>\n<p><strong>A+++<\/strong><br \/>\nEnergetska klasa<\/p>\n<p><strong>4,20 kW<\/strong><br \/>\nSnaga grijanja<\/p>\n<p><strong>3,50 kW<\/strong><br \/>\nSnaga hla\u0111enja<\/p>\n<p><strong>40m2<\/strong><br \/>\nVeli\u010dina prostorije<\/p>","protected":false},"featured_media":14650,"template":"","meta":{"om_disable_all_campaigns":false,"_monsterinsights_skip_tracking":false,"_monsterinsights_sitenote_active":false,"_monsterinsights_sitenote_note":"","_monsterinsights_sitenote_category":0},"product_cat":[335,305,406,401,306,348],"product_tag":[412,413,414,415,417],"class_list":{"0":"post-14996","1":"product","2":"type-product","3":"status-publish","4":"has-post-thumbnail","6":"product_cat-12ke-inverteri","7":"product_cat-grijanje-i-hladenje","8":"product_cat-haier","9":"product_cat-klima-inverteri","10":"product_cat-klima-uredaji","11":"product_cat-klima-uredaji-klima-uredaji","12":"product_tag-bih","13":"product_tag-haier","14":"product_tag-inverter","15":"product_tag-klima","16":"product_tag-zenica","18":"first","19":"onbackorder","20":"taxable","21":"shipping-taxable","22":"purchasable","23":"product-type-simple"},"aioseo_notices":[],"_links":{"self":[{"href":"https:\/\/coolmarket.ba\/bs\/wp-json\/wp\/v2\/product\/14996","targetHints":{"allow":["GET"]}}],"collection":[{"href":"https:\/\/coolmarket.ba\/bs\/wp-json\/wp\/v2\/product"}],"about":[{"href":"https:\/\/coolmarket.ba\/bs\/wp-json\/wp\/v2\/types\/product"}],"wp:featuredmedia":[{"embeddable":true,"href":"https:\/\/coolmarket.ba\/bs\/wp-json\/wp\/v2\/media\/14650"}],"wp:attachment":[{"href":"https:\/\/coolmarket.ba\/bs\/wp-json\/wp\/v2\/media?parent=14996"}],"wp:term":[{"taxonomy":"product_cat","embeddable":true,"href":"https:\/\/coolmarket.ba\/bs\/wp-json\/wp\/v2\/product_cat?post=14996"},{"taxonomy":"product_tag","embeddable":true,"href":"https:\/\/coolmarket.ba\/bs\/wp-json\/wp\/v2\/product_tag?post=14996"}],"curies":[{"name":"wp","href":"https:\/\/api.w.org\/{rel}","templated":true}]}}