{"id":14994,"date":"2023-03-08T09:40:47","date_gmt":"2023-03-08T09:40:47","guid":{"rendered":"https:\/\/coolmarket.ba\/?post_type=product&#038;p=14994"},"modified":"2024-09-13T10:49:17","modified_gmt":"2024-09-13T10:49:17","slug":"haier-flexis-plus-wifi-klima-inverter-as50s2sf1fa-1u50s2sj2fa-5kw-18ka","status":"publish","type":"product","link":"https:\/\/coolmarket.ba\/bs\/proizvod\/haier-flexis-plus-wifi-klima-inverter-as50s2sf1fa-1u50s2sj2fa-5kw-18ka\/","title":{"rendered":"HAIER FLEXIS PLUS WiFi KLIMA INVERTER AS50S2SF1FA\/1U50S2SJ2FA 5kW (18ka) BIJELA"},"content":{"rendered":"<p><strong>Specifikacije<\/strong><\/p>\n<p>Haier Flexis poznat je po pametnoj funkciju ECO SENSOR te ima mogu\u0107nost skeniranja prostora kojeg klimatizira. Posti\u017ee se maksimalna udobnost jer se strujanje zrak regulira prema trenuta\u010dnom stanju u prostoriji (broj osoba i njihove pozicije). Uz ECO senzor posti\u017ee se dodatna u\u0161teda jer se klima ure\u0111aj gasi ako neko vrijeme nema osoba u prostoriji. Haier Flexis dolazi s novom radnom tvari R32 koja koristi 30% manje radne tvari, nema \u0161tetnog utjecaja na ozon i pove\u0107ana je energetska efikasnost.<\/p>\n<p><strong>Model Unutarnja FLEXIS 5,2<\/strong><\/p>\n<p><strong>HLA\u0110ENJE<\/strong><\/p>\n<p>Kapacitet Nominalno (Min. \u2013 Max.) kW: 5,2 (1,4-7,0\uff09<br \/>\nEnergetska efikasnost \/ razred SEER koeficijent: U\u0161teda energije 7,2 (A++)<br \/>\nSnaga elektri\u010dnog priklju\u010dka Nominalno (Min. \u2013 Max.) kW: 1.41 (0.5-2.0)<br \/>\nTemperaturni raspon rada (Hla\u0111enje) Min. \u2013 Max. C:\u201d21-35C (in)\/-10-43C (out)\u201d<\/p>\n<p><strong>GRIJANJE<\/strong><\/p>\n<p>Kapacitet Nominalno (Min. \u2013 Max.) kW: 6,0 (1,4-6,9\uff09<br \/>\nEnergetska efikasnost \/ razred SCOP koeficijent: U\u0161teda energije 4,6 (A++)<br \/>\nSnaga elektri\u010dnog priklju\u010dka \u2013 grijanje Nominalno (Min. \u2013 Max.) kW: 1,61 (0,52-2,35\uff09<br \/>\nTemperaturni raspon rada (Grijanje) Min. \u2013 Max. \u2103: \u201c10-27\u2103(in)\/-15-24\u2103(out)\u201d<br \/>\nNapajanje Ph\/V\/Hz: 1\/230\/50<br \/>\nNapajanje (pozicija): Vanjska (3\u00d72,5)<\/p>\n<p><strong>UNUTARNJA JEDINICA<\/strong><\/p>\n<p>Neto dimenzije \u0160\/D\/V mm: 1009\/223\/327<br \/>\nDimenzije sa ambala\u017eom \u0160\/D\/V mm: 1085\/296\/405<br \/>\nNeto\/bruto te\u017eina kg: 11,9\/14,9<br \/>\nProtok zraka(Hla\u0111enje\/grijanje) Max. m3\/h: 900<br \/>\nOdvla\u017eivanje lit\/h: 2<br \/>\nRazina buke \u2013 zvu\u010dna snaga (H\/Mid\/Lo\/So) dB(A): 41\/37\/33\/28<\/p>\n<p><strong>VANJSKA JEDINICA<\/strong><\/p>\n<p>Neto dimenzije \u0160\/D\/V mm: 820\/338\/614<br \/>\nDimenzije sa ambala\u017eom \u0160\/D\/V mm: 963\/413\/685<br \/>\nNeto\/bruto te\u017eina kg: 37,8\/41,5<br \/>\nProtok zraka(Hla\u0111enje\/grijanje) Max. m3\/h: 2500<br \/>\nRazina buke \u2013 zvu\u010dna snaga Hi dB(A): 51<br \/>\nRadna struja Max. A: 10,9<br \/>\nVrsta radne tvari R410\/R32: R32<br \/>\nKoli\u010dina radne tvari R410\/R32 g: 950<br \/>\nPromjeri cijevi Teku\u0107inski mm: 6,35<br \/>\nPlinski mm: 12,7<br \/>\n\u201cMax. dozvoljena duljina\u00a0cjevovoda\u201d m: 25<br \/>\nMax. visinska razlika m: 15<br \/>\nMe\u0111uveza mm2: 4\u00d71,5<br \/>\nRazmak nogica mm: 590<br \/>\nWI-FI OPCIJA<\/p>\n<p><img data-recalc-dims=\"1\" fetchpriority=\"high\" decoding=\"async\" class=\"size-full wp-image-15573 aligncenter\" src=\"https:\/\/i0.wp.com\/coolmarket.ba\/wp-content\/uploads\/2024\/07\/Grijanje-Vodoinstalacije-klimatizacija-2.png?resize=1170%2C433&#038;ssl=1\" alt=\"\" width=\"1170\" height=\"433\" srcset=\"https:\/\/i0.wp.com\/coolmarket.ba\/wp-content\/uploads\/2024\/07\/Grijanje-Vodoinstalacije-klimatizacija-2.png?w=1170&amp;ssl=1 1170w, https:\/\/i0.wp.com\/coolmarket.ba\/wp-content\/uploads\/2024\/07\/Grijanje-Vodoinstalacije-klimatizacija-2.png?resize=300%2C111&amp;ssl=1 300w, https:\/\/i0.wp.com\/coolmarket.ba\/wp-content\/uploads\/2024\/07\/Grijanje-Vodoinstalacije-klimatizacija-2.png?resize=1024%2C379&amp;ssl=1 1024w, https:\/\/i0.wp.com\/coolmarket.ba\/wp-content\/uploads\/2024\/07\/Grijanje-Vodoinstalacije-klimatizacija-2.png?resize=768%2C284&amp;ssl=1 768w, https:\/\/i0.wp.com\/coolmarket.ba\/wp-content\/uploads\/2024\/07\/Grijanje-Vodoinstalacije-klimatizacija-2.png?resize=18%2C7&amp;ssl=1 18w, https:\/\/i0.wp.com\/coolmarket.ba\/wp-content\/uploads\/2024\/07\/Grijanje-Vodoinstalacije-klimatizacija-2.png?resize=600%2C222&amp;ssl=1 600w, https:\/\/i0.wp.com\/coolmarket.ba\/wp-content\/uploads\/2024\/07\/Grijanje-Vodoinstalacije-klimatizacija-2.png?resize=64%2C24&amp;ssl=1 64w\" sizes=\"(max-width: 1170px) 100vw, 1170px\" \/><\/p>\n<p>&nbsp;<\/p>\n<p><strong>CoolMarket<\/strong> je va\u0161 pouzdani partner za prodaju, ugradnju i odr\u017eavanje klima ure\u0111aja, toplotnih pumpi te sistema za vodu i grijanje. Na\u0161a stru\u010dnost osigurava kvalitetne proizvode i vrhunske usluge kako bi va\u0161 dom ili poslovni prostor bio udoban i funkcionalan. Kontaktirajte nas za sve potrebe vezane za klimatizaciju, grijanje i vodoinstalacije. Dostupni smo na Viber i Whatsapp\u00a0 +387 62 53 53 50<\/p>","protected":false},"excerpt":{"rendered":"<p><strong>Haier<\/strong><br \/>\nBrand<\/p>\n<p><strong>A++<\/strong><br \/>\nEnergetska klasa<\/p>\n<p><strong>5,20 kW<\/strong><br \/>\nSnaga grijanja<\/p>\n<p><strong>6,00 kW<\/strong><br \/>\nSnaga hla\u0111enja<\/p>\n<p><strong>50m2<\/strong><br \/>\nVeli\u010dina prostorije<\/p>","protected":false},"featured_media":14648,"template":"","meta":{"om_disable_all_campaigns":false,"_monsterinsights_skip_tracking":false,"_monsterinsights_sitenote_active":false,"_monsterinsights_sitenote_note":"","_monsterinsights_sitenote_category":0},"product_cat":[307,305,406,306],"product_tag":[],"class_list":{"0":"post-14994","1":"product","2":"type-product","3":"status-publish","4":"has-post-thumbnail","6":"product_cat-18ke-inverteri","7":"product_cat-grijanje-i-hladenje","8":"product_cat-haier","9":"product_cat-klima-uredaji","11":"first","12":"instock","13":"taxable","14":"shipping-taxable","15":"purchasable","16":"product-type-simple"},"aioseo_notices":[],"_links":{"self":[{"href":"https:\/\/coolmarket.ba\/bs\/wp-json\/wp\/v2\/product\/14994","targetHints":{"allow":["GET"]}}],"collection":[{"href":"https:\/\/coolmarket.ba\/bs\/wp-json\/wp\/v2\/product"}],"about":[{"href":"https:\/\/coolmarket.ba\/bs\/wp-json\/wp\/v2\/types\/product"}],"wp:featuredmedia":[{"embeddable":true,"href":"https:\/\/coolmarket.ba\/bs\/wp-json\/wp\/v2\/media\/14648"}],"wp:attachment":[{"href":"https:\/\/coolmarket.ba\/bs\/wp-json\/wp\/v2\/media?parent=14994"}],"wp:term":[{"taxonomy":"product_cat","embeddable":true,"href":"https:\/\/coolmarket.ba\/bs\/wp-json\/wp\/v2\/product_cat?post=14994"},{"taxonomy":"product_tag","embeddable":true,"href":"https:\/\/coolmarket.ba\/bs\/wp-json\/wp\/v2\/product_tag?post=14994"}],"curies":[{"name":"wp","href":"https:\/\/api.w.org\/{rel}","templated":true}]}}