{"id":14990,"date":"2023-03-08T09:40:29","date_gmt":"2023-03-08T09:40:29","guid":{"rendered":"https:\/\/coolmarket.ba\/?post_type=product&#038;p=14990"},"modified":"2024-09-13T10:50:16","modified_gmt":"2024-09-13T10:50:16","slug":"haier-tundra-green-plus-wifi-klima-inverter-as35tadhra-1u35meefra-3-6kw-12-ka","status":"publish","type":"product","link":"https:\/\/coolmarket.ba\/bs\/proizvod\/haier-tundra-green-plus-wifi-klima-inverter-as35tadhra-1u35meefra-3-6kw-12-ka\/","title":{"rendered":"HAIER TUNDRA GREEN PLUS WiFi AS35TADHRA\/1U35MEEFRA"},"content":{"rendered":"<p><strong>Specifikacije<\/strong><\/p>\n<p><strong>HLA\u0110ENJE<\/strong><br \/>\nKapacitet (Nominalno (Min.-Max.)) (kW): 3,6 (1,0-4,0)<br \/>\nEnergetski razred (SEER koeficijent): 6,4 \/ 3,23 (A++)<br \/>\nSnaga el.priklju\u010dka (Nominalno (Min.-Max.) (kW): 1,11 (0,3-1,6)<br \/>\nTemperaturni raspon rada (Hla\u0111enje) (Min.-Max.) (\u00b0C): -15-43<br \/>\nKapacitet (Nominalno (Min.-Max.) (kW): 3,7 (1,1-4,6)<br \/>\nEnergetski razred (SCOP koeficijent): 4,1 \/ 3,71 (A+)<br \/>\nSnaga el.priklju\u010dka (Grijanje) (Min.-Max.) (kW): 0,99 (0,4-1,6)<br \/>\nTemperaturni raspon rada (Grijanje) (Min.-Max.) (\u00b0C): -25-24<br \/>\nNapajanje (Ph\/V\/Hz): 1\/230\/50<br \/>\nNapajanje (pozicija): vanjska (3*1,5)<\/p>\n<p><strong>UNUTARNJA JEDINICA<\/strong><br \/>\nNeto dimenzije (\u0160\/D\/V) (mm): 820\/195\/280<br \/>\nDimenzije s ambala\u017eom (\u0160\/D\/V) (mm): 909\/279\/355<br \/>\nNeto\/bruto te\u017eina (kg): 8,8\/11,0<br \/>\nProtok zraka (Hla\u0111enje\/Grijanje) max (m3\/h): 550<br \/>\nOdvla\u017eivanje (lit\/h): 1,6<br \/>\nRazina buke \u2013 zvu\u010dna snaga (H\/Mid\/Lo\/So) (db(A)):38\/33\/29\/21<\/p>\n<p><strong>VANJSKA JEDINICA<\/strong><br \/>\nNeto dimenzije (\u0160\/D\/V) (mm): 800\/280\/550<br \/>\nDimenzije s ambala\u017eom (\u0160\/D\/V) (mm): 954\/409\/625<br \/>\nNeto\/bruto te\u017eina (kg): 28\/31<br \/>\nProtok zraka (Hla\u0111enje\/Grijanje) max (m3\/h): 1900<br \/>\nRazina buke \u2013 zvu\u010dna snaga (Hi) (db(A)): 48\/49<br \/>\nRadna struja (max.) (A): 7,1<br \/>\nVrsta radne tvari: R32<br \/>\nKoli\u010dina radne tvari (g): 620<br \/>\n<strong>PROMJERI CIJEVI<\/strong><br \/>\nTeku\u0107inski (mm): 6,35<br \/>\nPlinski (mm): 9,52<br \/>\nMax.dozvoljena duljina cjevovoda (m): 15<br \/>\nMax.visinska razlika (m): 10<br \/>\nMe\u0111uveza (mm2): 4*1,5<br \/>\nRazmak nogica (mm): 500<\/p>\n<p><strong>Samo\u010di\u0161\u0107enje klima ure\u0111aja \u2013 99,9% dezinficirani zrak<\/strong><br \/>\nHaier klima ure\u0111aji imaju posebno razvijeni sustav za dezinfekciju zraka koji se vra\u0107a u prostoriju. Jeste li znali?\u00a0<strong>Haier klima ure\u0111aji imaju ionski srebrni premaz na ispariva\u010du uz pomo\u0107 kojeg se dobiva 99,9% dezinficirani zrak<\/strong>. Ionsko srebro djeluje kao antiseptik jer su njegovi ioni aktivni i mogu prodrijeti kroz membrane bakterija.<\/p>\n<p><strong>PID inverter tehnologija<\/strong><br \/>\nHaier je razvio\u00a0<strong>5. generaciju kompresora s kojim se posti\u017ee jo\u0161 ve\u0107a u\u0161teda<\/strong>\u00a0i preciznije odre\u0111ivanje \u017eeljene temperature.<\/p>\n<p>&nbsp;<\/p>\n<p><img data-recalc-dims=\"1\" fetchpriority=\"high\" decoding=\"async\" class=\"size-full wp-image-15573 aligncenter\" src=\"https:\/\/i0.wp.com\/coolmarket.ba\/wp-content\/uploads\/2024\/07\/Grijanje-Vodoinstalacije-klimatizacija-2.png?resize=1170%2C433&#038;ssl=1\" alt=\"\" width=\"1170\" height=\"433\" srcset=\"https:\/\/i0.wp.com\/coolmarket.ba\/wp-content\/uploads\/2024\/07\/Grijanje-Vodoinstalacije-klimatizacija-2.png?w=1170&amp;ssl=1 1170w, https:\/\/i0.wp.com\/coolmarket.ba\/wp-content\/uploads\/2024\/07\/Grijanje-Vodoinstalacije-klimatizacija-2.png?resize=300%2C111&amp;ssl=1 300w, https:\/\/i0.wp.com\/coolmarket.ba\/wp-content\/uploads\/2024\/07\/Grijanje-Vodoinstalacije-klimatizacija-2.png?resize=1024%2C379&amp;ssl=1 1024w, https:\/\/i0.wp.com\/coolmarket.ba\/wp-content\/uploads\/2024\/07\/Grijanje-Vodoinstalacije-klimatizacija-2.png?resize=768%2C284&amp;ssl=1 768w, https:\/\/i0.wp.com\/coolmarket.ba\/wp-content\/uploads\/2024\/07\/Grijanje-Vodoinstalacije-klimatizacija-2.png?resize=18%2C7&amp;ssl=1 18w, https:\/\/i0.wp.com\/coolmarket.ba\/wp-content\/uploads\/2024\/07\/Grijanje-Vodoinstalacije-klimatizacija-2.png?resize=600%2C222&amp;ssl=1 600w, https:\/\/i0.wp.com\/coolmarket.ba\/wp-content\/uploads\/2024\/07\/Grijanje-Vodoinstalacije-klimatizacija-2.png?resize=64%2C24&amp;ssl=1 64w\" sizes=\"(max-width: 1170px) 100vw, 1170px\" \/><\/p>\n<p>&nbsp;<\/p>\n<p><strong>CoolMarket<\/strong> je va\u0161 pouzdani partner za prodaju, ugradnju i odr\u017eavanje klima ure\u0111aja, toplotnih pumpi te sistema za vodu i grijanje. Na\u0161a stru\u010dnost osigurava kvalitetne proizvode i vrhunske usluge kako bi va\u0161 dom ili poslovni prostor bio udoban i funkcionalan. Kontaktirajte nas za sve potrebe vezane za klimatizaciju, grijanje i vodoinstalacije. Dostupni smo na Viber i Whatsapp\u00a0 +387 62 53 53 50<\/p>","protected":false},"excerpt":{"rendered":"<p><strong>Haier<\/strong><br \/>\nBrand<\/p>\n<p><strong>A++<\/strong><br \/>\nEnergetska klasa<\/p>\n<p><strong>3,70 kW<\/strong><br \/>\nSnaga grijanja<\/p>\n<p><strong>3,60 kW<\/strong><br \/>\nSnaga hla\u0111enja<\/p>\n<p><strong>40m2<\/strong><br \/>\nVeli\u010dina prostorije<\/p>","protected":false},"featured_media":14645,"template":"","meta":{"om_disable_all_campaigns":false,"_monsterinsights_skip_tracking":false,"_monsterinsights_sitenote_active":false,"_monsterinsights_sitenote_note":"","_monsterinsights_sitenote_category":0},"product_cat":[335,305,406,401,306,348],"product_tag":[412,413,414,415,416,417],"class_list":{"0":"post-14990","1":"product","2":"type-product","3":"status-publish","4":"has-post-thumbnail","6":"product_cat-12ke-inverteri","7":"product_cat-grijanje-i-hladenje","8":"product_cat-haier","9":"product_cat-klima-inverteri","10":"product_cat-klima-uredaji","11":"product_cat-klima-uredaji-klima-uredaji","12":"product_tag-bih","13":"product_tag-haier","14":"product_tag-inverter","15":"product_tag-klima","16":"product_tag-montaza","17":"product_tag-zenica","19":"first","20":"onbackorder","21":"taxable","22":"shipping-taxable","23":"purchasable","24":"product-type-simple"},"aioseo_notices":[],"_links":{"self":[{"href":"https:\/\/coolmarket.ba\/bs\/wp-json\/wp\/v2\/product\/14990","targetHints":{"allow":["GET"]}}],"collection":[{"href":"https:\/\/coolmarket.ba\/bs\/wp-json\/wp\/v2\/product"}],"about":[{"href":"https:\/\/coolmarket.ba\/bs\/wp-json\/wp\/v2\/types\/product"}],"wp:featuredmedia":[{"embeddable":true,"href":"https:\/\/coolmarket.ba\/bs\/wp-json\/wp\/v2\/media\/14645"}],"wp:attachment":[{"href":"https:\/\/coolmarket.ba\/bs\/wp-json\/wp\/v2\/media?parent=14990"}],"wp:term":[{"taxonomy":"product_cat","embeddable":true,"href":"https:\/\/coolmarket.ba\/bs\/wp-json\/wp\/v2\/product_cat?post=14990"},{"taxonomy":"product_tag","embeddable":true,"href":"https:\/\/coolmarket.ba\/bs\/wp-json\/wp\/v2\/product_tag?post=14990"}],"curies":[{"name":"wp","href":"https:\/\/api.w.org\/{rel}","templated":true}]}}