{"id":14987,"date":"2023-03-08T09:40:03","date_gmt":"2023-03-08T09:40:03","guid":{"rendered":"https:\/\/coolmarket.ba\/?post_type=product&#038;p=14987"},"modified":"2024-09-13T10:51:39","modified_gmt":"2024-09-13T10:51:39","slug":"toshiba-suzumi-plus-klima-inverter-ras-b18n3kv2-e-ras-18n3av2-e-5kw-18ka","status":"publish","type":"product","link":"https:\/\/coolmarket.ba\/bs\/proizvod\/toshiba-suzumi-plus-klima-inverter-ras-b18n3kv2-e-ras-18n3av2-e-5kw-18ka\/","title":{"rendered":"TOSHIBA SUZUMI PLUS KLIMA INVERTER RAS-B18N3KV2-E \/ RAS-18N3AV2-E 5kW (18ka)"},"content":{"rendered":"<div id=\"div_specifikacija\">\n<h4><a href=\"https:\/\/www.toshiba-klima.at\/hr\/detalji-o-proizvodu\/daiseikai-9-R32-innen.html\"><img data-recalc-dims=\"1\" fetchpriority=\"high\" decoding=\"async\" class=\"size-large wp-image-7629 aligncenter\" src=\"https:\/\/i0.wp.com\/elfix.ba\/wp-content\/uploads\/2021\/04\/toshiba-logo-png-transparent-1024x228.png?resize=660%2C147&#038;ssl=1\" alt=\"\" width=\"660\" height=\"147\" \/><\/a><\/h4>\n<h2>Toshiba klima inverter RAS-B18N3KV2-E \/ RAS-18N3AV2-E SUZUMI PLUS Karakteristike<\/h2>\n<table class=\"kuredjaji_table table_specifikacija\">\n<tbody>\n<tr>\n<td class=\"first_column\" rowspan=\"3\">Model<\/td>\n<td>unutra\u0161nja jedinica<\/td>\n<td>RAS-B18N3KV2-E<\/td>\n<\/tr>\n<tr>\n<td>spolja\u0161nja jedinica<\/td>\n<td>RAS-18N3AV2-E<\/td>\n<\/tr>\n<tr>\n<td>zemlja porekla<\/td>\n<td>Japan<\/td>\n<\/tr>\n<tr>\n<td class=\"first_column\">Hla\u0111enje<\/td>\n<td>potro\u0161nja pri hla\u0111enju(kW)<\/td>\n<td>1.1<\/td>\n<\/tr>\n<tr>\n<td class=\"first_column\">Grejanje<\/td>\n<td>potro\u0161nja pri grejanju(kW)<\/td>\n<td>1.05<\/td>\n<\/tr>\n<tr>\n<td class=\"first_column\" rowspan=\"2\">Dodatne funkcije<\/td>\n<td>uklanjanje vlage<\/td>\n<td>1<\/td>\n<\/tr>\n<tr>\n<td>jonizator<\/td>\n<td>Ne<\/td>\n<\/tr>\n<tr>\n<td class=\"first_column\" rowspan=\"5 \">Unutra\u0161nja jedinica<\/td>\n<td>protok vazduha (m3\/h)<\/td>\n<td>990<\/td>\n<\/tr>\n<tr>\n<td>dimenzije Vx\u0160xD (mm)<\/td>\n<td>320x1050x243<\/td>\n<\/tr>\n<tr>\n<td>te\u017eina (kg)<\/td>\n<td>10<\/td>\n<\/tr>\n<tr>\n<td>display za o\u010ditavanje temperature<\/td>\n<td>Da<\/td>\n<\/tr>\n<tr>\n<td>nivo zvu\u010dne snage &#8211; buka (dB)<\/td>\n<td>65<\/td>\n<\/tr>\n<tr>\n<td class=\"first_column\" rowspan=\"3\">Spolja\u0161nja jedinica<\/td>\n<td>dimenzije Vx\u0160xD (mm)<\/td>\n<td><\/td>\n<\/tr>\n<tr>\n<td>te\u017eina (kg)<\/td>\n<td><\/td>\n<\/tr>\n<tr>\n<td>nivo zvu\u010dne snage &#8211; buka (dB)<\/td>\n<td><\/td>\n<\/tr>\n<tr>\n<td class=\"first_column\" rowspan=\"2\">Freon<\/td>\n<td>tip freona<\/td>\n<td>R410A<\/td>\n<\/tr>\n<tr>\n<td>koli\u010dina freona u sistemu (g)1<\/td>\n<td>0<\/td>\n<\/tr>\n<tr>\n<td class=\"first_column\">Opseg rada<\/td>\n<td>spolja\u0161nji temperaturni opseg<\/td>\n<td>od -15\u00b0C do +46\u00b0C<\/td>\n<\/tr>\n<tr>\n<td class=\"first_column\">Instalacija<\/td>\n<td>maksimalno rastojanje unutr\/spolj. jed.(m)<\/td>\n<td><\/td>\n<\/tr>\n<tr>\n<td class=\"first_column\">Filteri<\/td>\n<td class=\"\">vrste<\/td>\n<td class=\"\">IAQ sistem filtera<\/td>\n<\/tr>\n<\/tbody>\n<\/table>\n<div><\/div>\n<div class=\"clear\"><\/div>\n<\/div>\n<p><img data-recalc-dims=\"1\" decoding=\"async\" class=\"size-full wp-image-15573 aligncenter\" src=\"https:\/\/i0.wp.com\/coolmarket.ba\/wp-content\/uploads\/2024\/07\/Grijanje-Vodoinstalacije-klimatizacija-2.png?resize=1170%2C433&#038;ssl=1\" alt=\"\" width=\"1170\" height=\"433\" srcset=\"https:\/\/i0.wp.com\/coolmarket.ba\/wp-content\/uploads\/2024\/07\/Grijanje-Vodoinstalacije-klimatizacija-2.png?w=1170&amp;ssl=1 1170w, https:\/\/i0.wp.com\/coolmarket.ba\/wp-content\/uploads\/2024\/07\/Grijanje-Vodoinstalacije-klimatizacija-2.png?resize=300%2C111&amp;ssl=1 300w, https:\/\/i0.wp.com\/coolmarket.ba\/wp-content\/uploads\/2024\/07\/Grijanje-Vodoinstalacije-klimatizacija-2.png?resize=1024%2C379&amp;ssl=1 1024w, https:\/\/i0.wp.com\/coolmarket.ba\/wp-content\/uploads\/2024\/07\/Grijanje-Vodoinstalacije-klimatizacija-2.png?resize=768%2C284&amp;ssl=1 768w, https:\/\/i0.wp.com\/coolmarket.ba\/wp-content\/uploads\/2024\/07\/Grijanje-Vodoinstalacije-klimatizacija-2.png?resize=18%2C7&amp;ssl=1 18w, https:\/\/i0.wp.com\/coolmarket.ba\/wp-content\/uploads\/2024\/07\/Grijanje-Vodoinstalacije-klimatizacija-2.png?resize=600%2C222&amp;ssl=1 600w, https:\/\/i0.wp.com\/coolmarket.ba\/wp-content\/uploads\/2024\/07\/Grijanje-Vodoinstalacije-klimatizacija-2.png?resize=64%2C24&amp;ssl=1 64w\" sizes=\"(max-width: 1170px) 100vw, 1170px\" \/><\/p>\n<p>&nbsp;<\/p>\n<p><strong>CoolMarket<\/strong> je va\u0161 pouzdani partner za prodaju, ugradnju i odr\u017eavanje klima ure\u0111aja, toplotnih pumpi te sistema za vodu i grijanje. Na\u0161a stru\u010dnost osigurava kvalitetne proizvode i vrhunske usluge kako bi va\u0161 dom ili poslovni prostor bio udoban i funkcionalan. Kontaktirajte nas za sve potrebe vezane za klimatizaciju, grijanje i vodoinstalacije. Dostupni smo na Viber i Whatsapp\u00a0 +387 62 53 53 50<\/p>","protected":false},"excerpt":{"rendered":"<div class=\"cp-attr-item\">\n<figure class=\"cp-attr-img\"><img decoding=\"async\" src=\"https:\/\/klimatizacija.hr\/upload\/catalog\/attributes\/ucinak-hladenja_5a2a794525dfd.svg\" alt=\"\" \/><\/figure>\n<div class=\"cp-attr-title\"><strong>U\u010din hla\u0111enja (kW) &#8211;<\/strong> 5,0<\/div>\n<\/div>\n<div class=\"cp-attr-item\">\n<figure class=\"cp-attr-img\"><img decoding=\"async\" src=\"https:\/\/klimatizacija.hr\/upload\/catalog\/attributes\/ucinak-grijanja_5a2a79727808e.svg\" alt=\"\" \/><\/figure>\n<div class=\"cp-attr-title\"><strong>U\u010din grijanja (kW) &#8211; <\/strong>5,8<\/div>\n<\/div>\n<div class=\"cp-attr-item\">\n<figure class=\"cp-attr-img\"><img decoding=\"async\" src=\"https:\/\/klimatizacija.hr\/upload\/catalog\/attributes\/a-_5a4369a999e91.png\" alt=\"\" \/><\/figure>\n<div class=\"cp-attr-title\"><strong>Energetski razred &#8211;\u00a0<\/strong>A++<\/div>\n<\/div>","protected":false},"featured_media":14643,"template":"","meta":{"om_disable_all_campaigns":false,"_monsterinsights_skip_tracking":false,"_monsterinsights_sitenote_active":false,"_monsterinsights_sitenote_note":"","_monsterinsights_sitenote_category":0},"product_cat":[307,305,306,404],"product_tag":[],"class_list":{"0":"post-14987","1":"product","2":"type-product","3":"status-publish","4":"has-post-thumbnail","6":"product_cat-18ke-inverteri","7":"product_cat-grijanje-i-hladenje","8":"product_cat-klima-uredaji","9":"product_cat-toshiba","11":"first","12":"outofstock","13":"taxable","14":"shipping-taxable","15":"product-type-simple"},"aioseo_notices":[],"_links":{"self":[{"href":"https:\/\/coolmarket.ba\/bs\/wp-json\/wp\/v2\/product\/14987","targetHints":{"allow":["GET"]}}],"collection":[{"href":"https:\/\/coolmarket.ba\/bs\/wp-json\/wp\/v2\/product"}],"about":[{"href":"https:\/\/coolmarket.ba\/bs\/wp-json\/wp\/v2\/types\/product"}],"wp:featuredmedia":[{"embeddable":true,"href":"https:\/\/coolmarket.ba\/bs\/wp-json\/wp\/v2\/media\/14643"}],"wp:attachment":[{"href":"https:\/\/coolmarket.ba\/bs\/wp-json\/wp\/v2\/media?parent=14987"}],"wp:term":[{"taxonomy":"product_cat","embeddable":true,"href":"https:\/\/coolmarket.ba\/bs\/wp-json\/wp\/v2\/product_cat?post=14987"},{"taxonomy":"product_tag","embeddable":true,"href":"https:\/\/coolmarket.ba\/bs\/wp-json\/wp\/v2\/product_tag?post=14987"}],"curies":[{"name":"wp","href":"https:\/\/api.w.org\/{rel}","templated":true}]}}