{"id":14984,"date":"2023-03-08T09:40:01","date_gmt":"2023-03-08T09:40:01","guid":{"rendered":"https:\/\/coolmarket.ba\/?post_type=product&#038;p=14984"},"modified":"2024-09-13T10:57:09","modified_gmt":"2024-09-13T10:57:09","slug":"toshiba-seiya-klima-inverter-ras-24j2kvg-e-ras-24j2avg-e-7kw-24ka","status":"publish","type":"product","link":"https:\/\/coolmarket.ba\/bs\/proizvod\/toshiba-seiya-klima-inverter-ras-24j2kvg-e-ras-24j2avg-e-7kw-24ka\/","title":{"rendered":"TOSHIBA SEIYA KLIMA INVERTER &#8211; RAS-24J2KVG-E\/RAS-24J2AVG-E 7kW (24ka)"},"content":{"rendered":"<div>\n<h4><a href=\"https:\/\/www.toshiba-klima.at\/hr\/detalji-o-proizvodu\/daiseikai-9-R32-innen.html\"><img data-recalc-dims=\"1\" fetchpriority=\"high\" decoding=\"async\" class=\"size-large wp-image-7629 aligncenter\" src=\"https:\/\/i0.wp.com\/elfix.ba\/wp-content\/uploads\/2021\/04\/toshiba-logo-png-transparent-1024x228.png?resize=660%2C147&#038;ssl=1\" alt=\"\" width=\"660\" height=\"147\" \/><\/a><\/h4>\n<\/div>\n<div class=\"cd-tech-spec-title\"><strong>Tehni\u010dke karakteristike<\/strong><\/div>\n<div class=\"cd-tech-container\">\n<div class=\"cd-tech-spec-row fz0\">\n<div class=\"cd-tech-spec-attr-title\"><strong>Wi-fi &#8211;<\/strong>\u00a0Wi-fi ready<\/div>\n<\/div>\n<div class=\"cd-tech-spec-row fz0\">\n<div class=\"cd-tech-spec-attr-title\"><strong>Radna tvar<\/strong> &#8211; R32<\/div>\n<\/div>\n<div class=\"cd-tech-spec-row fz0\">\n<div class=\"cd-tech-spec-attr-title\"><strong>Raspon rashladnog u\u010dina (kW) &#8211; <\/strong>1,6 &#8211; 7,2<\/div>\n<\/div>\n<div class=\"cd-tech-spec-row fz0\">\n<div class=\"cd-tech-spec-attr-title\"><strong>SEER \/ Energetski razred HL &#8211; <\/strong>6,1 \/ A++<\/div>\n<\/div>\n<div class=\"cd-tech-spec-row fz0\">\n<div class=\"cd-tech-spec-attr-title\"><strong>Raspon u\u010dina grijanja (kW) &#8211; <\/strong>1,6 &#8211; 8,1<\/div>\n<\/div>\n<div class=\"cd-tech-spec-row fz0\">\n<div class=\"cd-tech-spec-attr-title\"><strong>SCOP \/ Energetski razred GR &#8211; <\/strong>4,0 \/ A+<\/div>\n<\/div>\n<div class=\"cd-tech-spec-row fz0\">\n<div class=\"cd-tech-spec-attr-title\"><strong>Razina buke &#8211; hla\u0111enje UJ (dBA) &#8211; <\/strong>35\/48<\/div>\n<\/div>\n<div class=\"cd-tech-spec-row fz0\">\n<div class=\"cd-tech-spec-attr-title\"><strong>Razina buke &#8211; grijanje UJ (dBA) &#8211; <\/strong>35\/43<\/div>\n<\/div>\n<div class=\"cd-tech-spec-row fz0\">\n<div class=\"cd-tech-spec-attr-title\"><strong>Dimenzije unut. jed (V\u00d7\u0160\u00d7D) mm &#8211; <\/strong>320\u00d71050\u00d7250<\/div>\n<\/div>\n<div class=\"cd-tech-spec-row fz0\">\n<div class=\"cd-tech-spec-attr-title\"><strong>Te\u017eina unut. jed. (Kg) &#8211; <\/strong>14<\/div>\n<\/div>\n<div class=\"cd-tech-spec-row fz0\">\n<div class=\"cd-tech-spec-attr-title\"><strong>Promjer cijevi &#8211; teku\u0107. (mm\/&#8221;) &#8211; <\/strong>6,35 (1\/4&#8243;)<\/div>\n<\/div>\n<div class=\"cd-tech-spec-row fz0\">\n<div class=\"cd-tech-spec-attr-title\"><strong>Promjer cijevi &#8211; plin (mm\/&#8221;) &#8211; <\/strong>12,70 (1\/2&#8243;)<\/div>\n<\/div>\n<div class=\"cd-tech-spec-row fz0\">\n<div class=\"cd-tech-spec-attr-title\"><strong>Maksimalna duljina cijevi (m) &#8211;\u00a0<\/strong>20<\/div>\n<\/div>\n<div class=\"cd-tech-spec-row fz0\">\n<div class=\"cd-tech-spec-attr-title\"><strong>Maksimalna vis. razlika (m) &#8211; <\/strong>12<\/div>\n<\/div>\n<div class=\"cd-tech-spec-row fz0\">\n<div class=\"cd-tech-spec-attr-title\"><strong>Napon priklju\u010dka &#8211; <\/strong>230 V \/ 50 Hz<\/div>\n<\/div>\n<div class=\"cd-tech-spec-row fz0\">\n<div class=\"cd-tech-spec-attr-title\"><strong>Jamstvo &#8211; <\/strong>36 mjeseci<\/div>\n<div>\n<div class=\"cd-tech-spec-attr-title\"><strong>Te\u017eina vanj. jed. (Kg) &#8211;<\/strong> 38<\/div>\n<\/div>\n<\/div>\n<div class=\"cd-tech-spec-row fz0\">\n<div class=\"cd-tech-spec-attr-title\"><strong>Dimenzije vanj. jed (V\u00d7\u0160\u00d7D) mm &#8211;\u00a0<\/strong>550x780x290<\/div>\n<\/div>\n<div class=\"cd-tech-spec-row fz0\">\n<div class=\"cd-tech-spec-attr-title\"><strong>Razina buke vanjske jed. (dBA) &#8211; <\/strong>55<\/div>\n<\/div>\n<div>\n<p><strong>Seiya Inverter<\/strong>\u00a0predstavlja savr\u0161en ulazak u svijet klimatizacije. Po\u010detni model Toshibine palete opremljen je \u0161tedljivim inverterskim kompresorom i svim funkcionalnostima na koje su navikli korisnici premium branda poput Toshibe. Uz to, svoj rad obavlja koriste\u0107i najnoviji\u00a0<strong>rashladni medij R32<\/strong>\u00a0koji ne samo da je ekolo\u0161ki prihvatljiviji, ve\u0107 i donosi dodatnu u\u0161tedu u potro\u0161nji elektri\u010dne energije.<\/p>\n<p>No, nisu samo odli\u010dne zna\u010dajke te koje ovaj model \u010dine odli\u010dnim, tu je i primjer neprestanog rada na inovacijama koje \u0107e se pobrinuti za maksimalnu udobnost i mir. Seiya smanjuje razinu buke dvjema funkcijama tihog rada:\u00a0<strong>QUIET<\/strong>\u00a0na unutarnjoj jedinici omogu\u0107ava vam neometani mir no\u0107u, a\u00a0<strong>SILENT<\/strong>\u00a0na vanjskoj jedinici va\u0161im susjedima. I to sve samo jednim pritiskom gumba!<\/p>\n<p>Uz tih i ekonomi\u010dan rad, Seiya ure\u0111aji osigurati \u0107e vam i odli\u010dnu kvalitetu zraka zahvaljuju\u0107i\u00a0<strong>\u201eIAQ\u201c<\/strong>\u00a0filteru i izmjenjiva\u010du topline\u00a0<strong>Magic Coil\u00ae<\/strong>. Izmjenjiva\u010d topline unutarnje jedinice uvijek se odr\u017eava \u010distim i suhim s pomo\u0107u posebnog premaza zajedno s funkcijom samo\u010di\u0161\u0107enja nakon zavr\u0161etka rada. Nema \u0161anse za razvoj neugodnih mirisa i bakterija.<\/p>\n<p>Kako bi lako i pouzdano upravljali svojim novim klima ure\u0111ajem tu je infracrveni daljinski upravlja\u010d i mogu\u0107nost kupnje opcionalnog\u00a0<strong>WiFi su\u010delja<\/strong>\u00a0pomo\u0107u kojeg ure\u0111ajem mo\u017eete upravljati va\u0161im pametnim telefonom ili tabletom.<\/p>\n<p>Klima ure\u0111aj\u00a0<strong>Toshiba Seiya Inverter 6.5 kW<\/strong>\u00a0sastoji se od unutarnje jedinice oznake\u00a0<strong>RAS-24J2KVG-E<\/strong>, vanjske jedinice\u00a0<strong>RAS-24J2AVG-E<\/strong>\u00a0i infracrvenog daljinskog upravlja\u010da.<\/p>\n<p><img data-recalc-dims=\"1\" decoding=\"async\" class=\"size-full wp-image-15573 aligncenter\" src=\"https:\/\/i0.wp.com\/coolmarket.ba\/wp-content\/uploads\/2024\/07\/Grijanje-Vodoinstalacije-klimatizacija-2.png?resize=1170%2C433&#038;ssl=1\" alt=\"\" width=\"1170\" height=\"433\" srcset=\"https:\/\/i0.wp.com\/coolmarket.ba\/wp-content\/uploads\/2024\/07\/Grijanje-Vodoinstalacije-klimatizacija-2.png?w=1170&amp;ssl=1 1170w, https:\/\/i0.wp.com\/coolmarket.ba\/wp-content\/uploads\/2024\/07\/Grijanje-Vodoinstalacije-klimatizacija-2.png?resize=300%2C111&amp;ssl=1 300w, https:\/\/i0.wp.com\/coolmarket.ba\/wp-content\/uploads\/2024\/07\/Grijanje-Vodoinstalacije-klimatizacija-2.png?resize=1024%2C379&amp;ssl=1 1024w, https:\/\/i0.wp.com\/coolmarket.ba\/wp-content\/uploads\/2024\/07\/Grijanje-Vodoinstalacije-klimatizacija-2.png?resize=768%2C284&amp;ssl=1 768w, https:\/\/i0.wp.com\/coolmarket.ba\/wp-content\/uploads\/2024\/07\/Grijanje-Vodoinstalacije-klimatizacija-2.png?resize=18%2C7&amp;ssl=1 18w, https:\/\/i0.wp.com\/coolmarket.ba\/wp-content\/uploads\/2024\/07\/Grijanje-Vodoinstalacije-klimatizacija-2.png?resize=600%2C222&amp;ssl=1 600w, https:\/\/i0.wp.com\/coolmarket.ba\/wp-content\/uploads\/2024\/07\/Grijanje-Vodoinstalacije-klimatizacija-2.png?resize=64%2C24&amp;ssl=1 64w\" sizes=\"(max-width: 1170px) 100vw, 1170px\" \/><\/p>\n<p>&nbsp;<\/p>\n<p><strong>CoolMarket<\/strong> je va\u0161 pouzdani partner za prodaju, ugradnju i odr\u017eavanje klima ure\u0111aja, toplotnih pumpi te sistema za vodu i grijanje. Na\u0161a stru\u010dnost osigurava kvalitetne proizvode i vrhunske usluge kako bi va\u0161 dom ili poslovni prostor bio udoban i funkcionalan. Kontaktirajte nas za sve potrebe vezane za klimatizaciju, grijanje i vodoinstalacije. Dostupni smo na Viber i Whatsapp\u00a0 +387 62 53 53 50<\/p>\n<\/div>\n<\/div>","protected":false},"excerpt":{"rendered":"<div class=\"cp-attr-item\">\n<figure class=\"cp-attr-img\"><img decoding=\"async\" src=\"https:\/\/klimatizacija.hr\/upload\/catalog\/attributes\/ucinak-hladenja_5a2a794525dfd.svg\" alt=\"\" \/><\/figure>\n<div class=\"cp-attr-title\"><strong>U\u010din hla\u0111enja (kW) &#8211;<\/strong> 6,5<\/div>\n<\/div>\n<div class=\"cp-attr-item\">\n<figure class=\"cp-attr-img\"><img decoding=\"async\" src=\"https:\/\/klimatizacija.hr\/upload\/catalog\/attributes\/ucinak-grijanja_5a2a79727808e.svg\" alt=\"\" \/><\/figure>\n<div class=\"cp-attr-title\"><strong>U\u010din grijanja (kW) &#8211; <\/strong>7,0<\/div>\n<\/div>\n<div class=\"cp-attr-item\">\n<figure class=\"cp-attr-img\"><img decoding=\"async\" src=\"https:\/\/klimatizacija.hr\/upload\/catalog\/attributes\/a-_5a4369a999e91.png\" alt=\"\" \/><\/figure>\n<div class=\"cp-attr-title\"><strong>Energetski razred &#8211;\u00a0<\/strong>A++<\/div>\n<\/div>\n<div class=\"cp-attr-item\">\n<figure class=\"cp-attr-img\"><img decoding=\"async\" src=\"https:\/\/klimatizacija.hr\/upload\/catalog\/attributes\/home_5a2a95ac2a249.svg\" alt=\"\" \/><\/figure>\n<div class=\"cp-attr-title\"><strong>Veli\u010dina prostora (m2) &#8211;\u00a0<\/strong>55-65<\/div>\n<\/div>","protected":false},"featured_media":14639,"template":"","meta":{"om_disable_all_campaigns":false,"_monsterinsights_skip_tracking":false,"_monsterinsights_sitenote_active":false,"_monsterinsights_sitenote_note":"","_monsterinsights_sitenote_category":0},"product_cat":[329,305,306,404],"product_tag":[],"class_list":{"0":"post-14984","1":"product","2":"type-product","3":"status-publish","4":"has-post-thumbnail","6":"product_cat-24ke-inverteri","7":"product_cat-grijanje-i-hladenje","8":"product_cat-klima-uredaji","9":"product_cat-toshiba","11":"first","12":"onbackorder","13":"taxable","14":"shipping-taxable","15":"purchasable","16":"product-type-simple"},"aioseo_notices":[],"_links":{"self":[{"href":"https:\/\/coolmarket.ba\/bs\/wp-json\/wp\/v2\/product\/14984","targetHints":{"allow":["GET"]}}],"collection":[{"href":"https:\/\/coolmarket.ba\/bs\/wp-json\/wp\/v2\/product"}],"about":[{"href":"https:\/\/coolmarket.ba\/bs\/wp-json\/wp\/v2\/types\/product"}],"wp:featuredmedia":[{"embeddable":true,"href":"https:\/\/coolmarket.ba\/bs\/wp-json\/wp\/v2\/media\/14639"}],"wp:attachment":[{"href":"https:\/\/coolmarket.ba\/bs\/wp-json\/wp\/v2\/media?parent=14984"}],"wp:term":[{"taxonomy":"product_cat","embeddable":true,"href":"https:\/\/coolmarket.ba\/bs\/wp-json\/wp\/v2\/product_cat?post=14984"},{"taxonomy":"product_tag","embeddable":true,"href":"https:\/\/coolmarket.ba\/bs\/wp-json\/wp\/v2\/product_tag?post=14984"}],"curies":[{"name":"wp","href":"https:\/\/api.w.org\/{rel}","templated":true}]}}