{"id":14977,"date":"2023-03-08T09:40:00","date_gmt":"2023-03-08T09:40:00","guid":{"rendered":"https:\/\/coolmarket.ba\/?post_type=product&#038;p=14977"},"modified":"2024-08-04T20:00:56","modified_gmt":"2024-08-04T20:00:56","slug":"maxon-fresh-plus-mx-24hc009i","status":"publish","type":"product","link":"https:\/\/coolmarket.ba\/bs\/proizvod\/maxon-fresh-plus-mx-24hc009i\/","title":{"rendered":"MAXON FRESH PLUS MX-24HC009i"},"content":{"rendered":"<p><strong>MX-24HC009i FRESH INVERTER\/ WI-FI \/ R32 \/ IONIZATOR \/ VISOKA ENERGETSKA U\u010cINKOVITOST<\/strong><\/p>\n<p><strong>KARAKTERISTIKE:<\/strong><\/p>\n<p>&#8211; DC visoko u\u010dnkoviti INVERTER<\/p>\n<p>&#8211; ekolo\u0161ki rashladni medij R32<\/p>\n<p>&#8211; hla\u0111enje\/ grijanje\/ odvla\u017eivanje<\/p>\n<p>&#8211; automatski na\u010din rada<\/p>\n<p>&#8211; horizontalno i vertikalno usmjeravanje zraka<\/p>\n<p>&#8211; filtriranje zraka<\/p>\n<p>&#8211; eko filter<\/p>\n<p>&#8211; tihi rad<\/p>\n<p>&#8211; timer<\/p>\n<p>&#8211; turbo za brzo grijanje\/hla\u0111enje<\/p>\n<p>&#8211;\u00a0 ionizator<\/p>\n<p>&#8211; LCD zaslon\u00a0na unutarnjoj jedinici s prikazom temperature i uklju\u010denih funkcija<\/p>\n<p>&#8211; LCD zaslon na daljinskom upravlja\u010du<\/p>\n<p>&#8211; auto restart u slu\u010daju nestanka struje<\/p>\n<p>Spoj modernog dizajna i tehnologije koji \u0107e svaki dom u\u010diniti jo\u0161 udobnijim. Ure\u0111aj je unaprije\u0111en s novom radnom tvari R32 koja nema \u0161tetni utjecaj na ozon i koristi 30% manje rashladnog sredstva.<\/p>\n<p>Brand: Maxon<\/p>\n<p>Energetska klasa A++<\/p>\n<p>Snaga grijanja &gt; 5.5 kW<\/p>\n<p>Snaga hla\u0111enja &gt; 5.5 kW<\/p>\n<p>Veli\u010dina prostorije &gt;50 m2<\/p>\n<p>SEER: 6,1<\/p>\n<p>Auto restart:\u00a0DA<\/p>\n<p>Dimenzije unutarnje jedinice:\u00a01040x220x327<\/p>\n<p>Dimenzije vanjske jedinice:\u00a0845x363x702<\/p>\n<p>Energetska klasa:\u00a0A++<\/p>\n<p>Filtriranje zraka:\u00a0DA<\/p>\n<p>Funkcija samo\u010di\u0161\u0107enja:\u00a0DA<\/p>\n<p>Ionizator zraka:\u00a0DA<\/p>\n<p>Jamstvo (godina):\u00a0Osnovno 2 godine<\/p>\n<p>Odvla\u017eivanje:\u00a0DA<\/p>\n<p>Rashladni medij:\u00a0R32<\/p>\n<p>Razina buke (zvu\u010dna snaga &#8211; min.):\u00a028<\/p>\n<p>Sleep:\u00a0DA<\/p>\n<p>Snaga grijanja:\u00a0&gt; 5.5 kW<\/p>\n<p>Snaga hla\u0111enja:\u00a0&gt; 5.5 kW<\/p>\n<p>Supertihi rad:\u00a0DA<\/p>\n<p>Timer:\u00a0DA<\/p>\n<p>Tip display-a:\u00a0LED<\/p>\n<p>Tip ure\u0111aja:\u00a0Inverter monosplit<\/p>\n<p>Veli\u010dina prostorije:\u00a0&gt;50 m2<\/p>\n<p>Wi-Fi: DA<\/p>\n<p>Za\u0161tita od smrzavanja:\u00a0DA<\/p>","protected":false},"excerpt":{"rendered":"<p><strong>Maxon<\/strong><br \/>\nBrand<\/p>\n<p><strong>A++<\/strong><br \/>\nEnergetska klasa<\/p>\n<p><strong>6,80 kW<\/strong><br \/>\nSnaga grijanja<\/p>\n<p><strong>7,20 kW<\/strong><br \/>\nSnaga hla\u0111enja<\/p>\n<p><strong>60m2<\/strong><br \/>\nVeli\u010dina prostorije<\/p>","protected":false},"featured_media":14636,"template":"","meta":{"om_disable_all_campaigns":false,"_monsterinsights_skip_tracking":false,"_monsterinsights_sitenote_active":false,"_monsterinsights_sitenote_note":"","_monsterinsights_sitenote_category":0},"product_cat":[329,305,306,402],"product_tag":[],"class_list":{"0":"post-14977","1":"product","2":"type-product","3":"status-publish","4":"has-post-thumbnail","6":"product_cat-24ke-inverteri","7":"product_cat-grijanje-i-hladenje","8":"product_cat-klima-uredaji","9":"product_cat-maxon","11":"first","12":"onbackorder","13":"taxable","14":"shipping-taxable","15":"purchasable","16":"product-type-simple"},"aioseo_notices":[],"_links":{"self":[{"href":"https:\/\/coolmarket.ba\/bs\/wp-json\/wp\/v2\/product\/14977","targetHints":{"allow":["GET"]}}],"collection":[{"href":"https:\/\/coolmarket.ba\/bs\/wp-json\/wp\/v2\/product"}],"about":[{"href":"https:\/\/coolmarket.ba\/bs\/wp-json\/wp\/v2\/types\/product"}],"wp:featuredmedia":[{"embeddable":true,"href":"https:\/\/coolmarket.ba\/bs\/wp-json\/wp\/v2\/media\/14636"}],"wp:attachment":[{"href":"https:\/\/coolmarket.ba\/bs\/wp-json\/wp\/v2\/media?parent=14977"}],"wp:term":[{"taxonomy":"product_cat","embeddable":true,"href":"https:\/\/coolmarket.ba\/bs\/wp-json\/wp\/v2\/product_cat?post=14977"},{"taxonomy":"product_tag","embeddable":true,"href":"https:\/\/coolmarket.ba\/bs\/wp-json\/wp\/v2\/product_tag?post=14977"}],"curies":[{"name":"wp","href":"https:\/\/api.w.org\/{rel}","templated":true}]}}