{"id":14971,"date":"2023-03-08T09:40:00","date_gmt":"2023-03-08T09:40:00","guid":{"rendered":"https:\/\/coolmarket.ba\/?post_type=product&#038;p=14971"},"modified":"2024-09-13T10:58:53","modified_gmt":"2024-09-13T10:58:53","slug":"maxon-fresh-klima-inverter-25kw-9ka","status":"publish","type":"product","link":"https:\/\/coolmarket.ba\/bs\/proizvod\/maxon-fresh-klima-inverter-25kw-9ka\/","title":{"rendered":"MAXON FRESH KLIMA INVERTER 2,5kW (9ka)"},"content":{"rendered":"<div class=\"col-6\">\n<table>\n<tbody>\n<tr>\n<th class=\"left\">Brand<\/th>\n<td class=\"right\">Maxon<\/td>\n<\/tr>\n<tr>\n<th class=\"left\">Auto restart<\/th>\n<td class=\"right\">DA<\/td>\n<\/tr>\n<tr>\n<th class=\"left\">Dimenzije unutarnje jedinice<\/th>\n<td class=\"right\">770x240x180<\/td>\n<\/tr>\n<tr>\n<th class=\"left\">Dimenzije vanjske jedinice<\/th>\n<td class=\"right\">700x552x256<\/td>\n<\/tr>\n<tr>\n<th class=\"left\">Energetska klasa<\/th>\n<td class=\"right\">A++<\/td>\n<\/tr>\n<\/tbody>\n<\/table>\n<\/div>\n<div class=\"col-6\">\n<table>\n<tbody>\n<tr>\n<th class=\"left\">Filtriranje zraka<\/th>\n<td class=\"right\">DA<\/td>\n<\/tr>\n<tr>\n<th class=\"left\">Funkcija samo\u010di\u0161\u0107enja<\/th>\n<td class=\"right\">DA<\/td>\n<\/tr>\n<tr>\n<th class=\"left\">Grani\u010dne vrijednosti<\/th>\n<td class=\"right\">N\/A<\/td>\n<\/tr>\n<tr>\n<th class=\"left\">Ionizator zraka<\/th>\n<td class=\"right\">DA<\/td>\n<\/tr>\n<tr>\n<th class=\"left\">Jamstvo (godina)<\/th>\n<td class=\"right\">2<\/td>\n<\/tr>\n<\/tbody>\n<\/table>\n<\/div>\n<div class=\"col-6\">\n<table>\n<tbody>\n<tr>\n<th class=\"left\">Odvla\u017eivanje<\/th>\n<td class=\"right\">DA<\/td>\n<\/tr>\n<tr>\n<th class=\"left\">Pametne funkcije<\/th>\n<td class=\"right\">N\/A<\/td>\n<\/tr>\n<tr>\n<th class=\"left\">Rashladni medij<\/th>\n<td class=\"right\">R410<\/td>\n<\/tr>\n<tr>\n<th class=\"left\">Razina buke<\/th>\n<td class=\"right\">26<\/td>\n<\/tr>\n<tr>\n<th class=\"left\">Sleep<\/th>\n<td class=\"right\">DA<\/td>\n<\/tr>\n<tr>\n<th class=\"left\">Tip ure\u0111aja<\/th>\n<td class=\"right\">Inverter monosplit<\/td>\n<\/tr>\n<tr>\n<th class=\"left\">Veli\u010dina prostorije<\/th>\n<td class=\"right\">30 m2<\/td>\n<\/tr>\n<tr>\n<th class=\"left\">Wi-Fi<\/th>\n<td class=\"right\">NE<\/td>\n<\/tr>\n<\/tbody>\n<\/table>\n<table style=\"height: 139px;\" width=\"228\">\n<tbody>\n<tr>\n<th class=\"left\">Snaga grijanja<\/th>\n<td class=\"right\">2,50 kW<\/td>\n<\/tr>\n<tr>\n<th class=\"left\">Snaga hla\u0111enja<\/th>\n<td class=\"right\">2,50 kW<\/td>\n<\/tr>\n<tr>\n<th class=\"left\">Supertihi rad<\/th>\n<td class=\"right\">DA<\/td>\n<\/tr>\n<tr>\n<th class=\"left\">Timer<\/th>\n<td class=\"right\">DA<\/td>\n<\/tr>\n<tr>\n<th class=\"left\">Tip display-a<\/th>\n<td class=\"right\">LED<\/td>\n<\/tr>\n<tr>\n<th class=\"left\">Za\u0161tita od smrzavanja<\/th>\n<td class=\"right\">DA<\/td>\n<\/tr>\n<\/tbody>\n<\/table>\n<\/div>\n<div class=\"col-6\">\n<p><img data-recalc-dims=\"1\" fetchpriority=\"high\" decoding=\"async\" class=\"size-full wp-image-15573 aligncenter\" src=\"https:\/\/i0.wp.com\/coolmarket.ba\/wp-content\/uploads\/2024\/07\/Grijanje-Vodoinstalacije-klimatizacija-2.png?resize=1170%2C433&#038;ssl=1\" alt=\"\" width=\"1170\" height=\"433\" srcset=\"https:\/\/i0.wp.com\/coolmarket.ba\/wp-content\/uploads\/2024\/07\/Grijanje-Vodoinstalacije-klimatizacija-2.png?w=1170&amp;ssl=1 1170w, https:\/\/i0.wp.com\/coolmarket.ba\/wp-content\/uploads\/2024\/07\/Grijanje-Vodoinstalacije-klimatizacija-2.png?resize=300%2C111&amp;ssl=1 300w, https:\/\/i0.wp.com\/coolmarket.ba\/wp-content\/uploads\/2024\/07\/Grijanje-Vodoinstalacije-klimatizacija-2.png?resize=1024%2C379&amp;ssl=1 1024w, https:\/\/i0.wp.com\/coolmarket.ba\/wp-content\/uploads\/2024\/07\/Grijanje-Vodoinstalacije-klimatizacija-2.png?resize=768%2C284&amp;ssl=1 768w, https:\/\/i0.wp.com\/coolmarket.ba\/wp-content\/uploads\/2024\/07\/Grijanje-Vodoinstalacije-klimatizacija-2.png?resize=18%2C7&amp;ssl=1 18w, https:\/\/i0.wp.com\/coolmarket.ba\/wp-content\/uploads\/2024\/07\/Grijanje-Vodoinstalacije-klimatizacija-2.png?resize=600%2C222&amp;ssl=1 600w, https:\/\/i0.wp.com\/coolmarket.ba\/wp-content\/uploads\/2024\/07\/Grijanje-Vodoinstalacije-klimatizacija-2.png?resize=64%2C24&amp;ssl=1 64w\" sizes=\"(max-width: 1170px) 100vw, 1170px\" \/><\/p>\n<p>&nbsp;<\/p>\n<p><strong>CoolMarket<\/strong> je va\u0161 pouzdani partner za prodaju, ugradnju i odr\u017eavanje klima ure\u0111aja, toplotnih pumpi te sistema za vodu i grijanje. Na\u0161a stru\u010dnost osigurava kvalitetne proizvode i vrhunske usluge kako bi va\u0161 dom ili poslovni prostor bio udoban i funkcionalan. Kontaktirajte nas za sve potrebe vezane za klimatizaciju, grijanje i vodoinstalacije. Dostupni smo na Viber i Whatsapp\u00a0 +387 62 53 53 50<\/p>\n<\/div>","protected":false},"excerpt":{"rendered":"<p><strong>Maxon<\/strong><br \/>\nBrand<\/p>\n<p><strong>A++<\/strong><br \/>\nEnergetska klasa<\/p>\n<p><strong>2,50 kW<\/strong><br \/>\nSnaga grijanja<\/p>\n<p><strong>2,50 kW<\/strong><br \/>\nSnaga hla\u0111enja<\/p>\n<p><strong>30 m2<\/strong><br \/>\nVeli\u010dina prostorije<\/p>","protected":false},"featured_media":14634,"template":"","meta":{"om_disable_all_campaigns":false,"_monsterinsights_skip_tracking":false,"_monsterinsights_sitenote_active":false,"_monsterinsights_sitenote_note":"","_monsterinsights_sitenote_category":0},"product_cat":[400,305,401,306,348,402],"product_tag":[],"class_list":{"0":"post-14971","1":"product","2":"type-product","3":"status-publish","4":"has-post-thumbnail","6":"product_cat-9ke-inverteri","7":"product_cat-grijanje-i-hladenje","8":"product_cat-klima-inverteri","9":"product_cat-klima-uredaji","10":"product_cat-klima-uredaji-klima-uredaji","11":"product_cat-maxon","13":"first","14":"outofstock","15":"taxable","16":"shipping-taxable","17":"product-type-simple"},"aioseo_notices":[],"_links":{"self":[{"href":"https:\/\/coolmarket.ba\/bs\/wp-json\/wp\/v2\/product\/14971","targetHints":{"allow":["GET"]}}],"collection":[{"href":"https:\/\/coolmarket.ba\/bs\/wp-json\/wp\/v2\/product"}],"about":[{"href":"https:\/\/coolmarket.ba\/bs\/wp-json\/wp\/v2\/types\/product"}],"wp:featuredmedia":[{"embeddable":true,"href":"https:\/\/coolmarket.ba\/bs\/wp-json\/wp\/v2\/media\/14634"}],"wp:attachment":[{"href":"https:\/\/coolmarket.ba\/bs\/wp-json\/wp\/v2\/media?parent=14971"}],"wp:term":[{"taxonomy":"product_cat","embeddable":true,"href":"https:\/\/coolmarket.ba\/bs\/wp-json\/wp\/v2\/product_cat?post=14971"},{"taxonomy":"product_tag","embeddable":true,"href":"https:\/\/coolmarket.ba\/bs\/wp-json\/wp\/v2\/product_tag?post=14971"}],"curies":[{"name":"wp","href":"https:\/\/api.w.org\/{rel}","templated":true}]}}