{"id":14969,"date":"2023-03-08T09:39:35","date_gmt":"2023-03-08T09:39:35","guid":{"rendered":"https:\/\/coolmarket.ba\/?post_type=product&#038;p=14969"},"modified":"2024-09-13T11:04:32","modified_gmt":"2024-09-13T11:04:32","slug":"lg-dualcool-inverter-compressor-klima-standard-ii-s12et-35kw-12ka","status":"publish","type":"product","link":"https:\/\/coolmarket.ba\/bs\/proizvod\/lg-dualcool-inverter-compressor-klima-standard-ii-s12et-35kw-12ka\/","title":{"rendered":"LG DUALCOOL INVERTER COMPRESSOR KLIMA STANDARD II S12ET 3,5kW (12ka)"},"content":{"rendered":"<h3>Smart ThinQ<\/h3>\n<p>Pristupite klima-ure\u0111aju u bilo kojem trenutku i s bilo kojeg mjesta uporabom ure\u0111aja s Wi-Fi vezom i ekskluzivne LG-eve aplikacije za kontrolu ku\u0107anskih ure\u0111aja.<\/p>\n<h3><img data-recalc-dims=\"1\" fetchpriority=\"high\" decoding=\"async\" src=\"https:\/\/i0.wp.com\/elfix.ba\/wp-content\/uploads\/2021\/03\/image_5c65383c0e2b3.png?resize=1000%2C775&#038;ssl=1\" width=\"1000\" height=\"775\" \/><\/h3>\n<h3>DUAL Inverter Compressor\u2122 s 10 godina jamstva<\/h3>\n<p>LG Dual Inverter Compressor\u2122 rje\u0161ava probleme neu\u010dinkovitosti i buke, \u0161to rezultira klimatskim ure\u0111ajem koji hladi br\u017ee, traje dulje i radi ti\u0161e. Uz 10-godi\u0161nje jamstvo na kompresor, korisnici \u0107e u\u017eivati \u200b\u200bu blagodatima LG klima-ure\u0111aja dulje vrijeme.<\/p>\n<p><img data-recalc-dims=\"1\" decoding=\"async\" src=\"https:\/\/i0.wp.com\/elfix.ba\/wp-content\/uploads\/2021\/03\/image_5c6535ea96079.png?resize=1000%2C663&#038;ssl=1\" width=\"1000\" height=\"663\" \/><\/p>\n<h3>U\u0161teda energije i brzo hla\u0111enje<\/h3>\n<p>Inverterski kompresor stalno prilago\u0111ava brzinu rada kompresora kako bi odr\u017eao \u017eeljenu razinu temperature. Dodatno, DUAL Inverter Compressor\u2122 \u0161tedi vi\u0161e energije od uobi\u010dajenog kompresora. Zahvaljuju\u0107i DUAL Inverter kompresoru zrak se izbacuje dalje i br\u017ee.<\/p>\n<p><img data-recalc-dims=\"1\" decoding=\"async\" src=\"https:\/\/i0.wp.com\/elfix.ba\/wp-content\/uploads\/2021\/03\/image_5c65360c826a5.png?resize=1000%2C802&#038;ssl=1\" width=\"1000\" height=\"802\" \/><\/p>\n<h3>Dual Inverter Compressor\u2122<\/h3>\n<p>Kompresori na uobi\u010dajenim klima-ure\u0111ajima se isklju\u010duju i uklju\u010duju kako bi prilagodili temperaturu, tro\u0161e\u0107i veliku koli\u010dinu energije. Dual Inverter Compressor\u2122 stalno pode\u0161ava brzinu kompresora kako bi odr\u017eao \u017eeljene razine temperature. Ova minimalna fluktuacija \u0161tedi energiju i osigurava ve\u0107u udobnost hla\u0111enja.<\/p>\n<p><img data-recalc-dims=\"1\" loading=\"lazy\" decoding=\"async\" src=\"https:\/\/i0.wp.com\/elfix.ba\/wp-content\/uploads\/2021\/03\/image_5c65362bf3618.png?resize=1000%2C638&#038;ssl=1\" width=\"1000\" height=\"638\" \/><\/p>\n<h3>Jednostavan i moderan dizajn sa skrivenim zaslonom<\/h3>\n<p>Tanki i moderni dizajn LG klima-ure\u0111aja omogu\u0107uje jednostavnu instalaciju i prakti\u010dno \u010di\u0161\u0107enje pomo\u0107u EZ kliznog filtra . Nadalje, veliki skriveni zaslon savr\u0161en je za prakti\u010dnu provjeru potro\u0161nje energije.<\/p>\n<p><img data-recalc-dims=\"1\" loading=\"lazy\" decoding=\"async\" src=\"https:\/\/i0.wp.com\/elfix.ba\/wp-content\/uploads\/2021\/03\/image_5c653674cff6a.png?resize=1000%2C1025&#038;ssl=1\" width=\"1000\" height=\"1025\" \/><\/p>\n<h3>Niska razina buke<\/h3>\n<p>LG-evi klima-ure\u0111aji rade gotovo ne\u010dujno zahvaljuju\u0107i jedinstvenom LG-evom uko\u0161enom ventilatoru i DUAL Inverter kompresoru koji eliminiraju nepotrebne zvukove i omogu\u0107avaju nesmetan rad.<\/p>\n<p><img data-recalc-dims=\"1\" loading=\"lazy\" decoding=\"async\" src=\"https:\/\/i0.wp.com\/elfix.ba\/wp-content\/uploads\/2021\/03\/image_5c6536b683281.png?resize=1000%2C663&#038;ssl=1\" width=\"1000\" height=\"663\" \/><\/p>\n<h3>Aktivna energetska regulacija<\/h3>\n<p>Funkcija aktivne energetske regulacije pru\u017ea mogu\u0107nost odabira razine potro\u0161nje energije u skladu sa situacijom. U\u017eivajte u hladnoj i ugodnoj atmosferi uz u\u0161tedu energije.<\/p>\n<p><img data-recalc-dims=\"1\" loading=\"lazy\" decoding=\"async\" src=\"https:\/\/i0.wp.com\/elfix.ba\/wp-content\/uploads\/2021\/03\/image_5c6537c51bd75.png?resize=1000%2C750&#038;ssl=1\" width=\"1000\" height=\"750\" \/><\/p>\n<h3>Opcija optimalnog strujanja zraka (Comfort Air)<\/h3>\n<p>Opcija optimalnog strujanja zraka (Comfort Air) na prakti\u010dan na\u010din postavlja krilce u unaprijed postavljeni polo\u017eaj koji sprje\u010dava da zrak iz klima-ure\u0111aja pu\u0161e izravno u osobe u prostoriji.<\/p>\n<p><img data-recalc-dims=\"1\" loading=\"lazy\" decoding=\"async\" src=\"https:\/\/i0.wp.com\/elfix.ba\/wp-content\/uploads\/2021\/03\/image_5c6537e4ae716.png?resize=1000%2C688&#038;ssl=1\" width=\"1000\" height=\"688\" \/><\/p>\n<h3>Visokou\u010dinkovito rashladno sredstvo R32<\/h3>\n<p>R32 je ekolo\u0161ki prihvatljivo, visokou\u010dinkovito rashladno sredstvo. Kako je koli\u010dina rashladnog sredstva R32 znatno ni\u017ea u usporedbi s R410A, ono ima manji potencijal globalnog zagrijavanja i minimalno o\u0161te\u0107uje oznoski omota\u010d. Visoki stupnjevi kompresije R32 omogu\u0107uju ve\u0107i kapacitet u usporedbi s postoje\u0107im sredstvima R12 i R410A.<\/p>\n<p><img data-recalc-dims=\"1\" loading=\"lazy\" decoding=\"async\" src=\"https:\/\/i0.wp.com\/elfix.ba\/wp-content\/uploads\/2021\/03\/image_5c65409898d36.png?resize=1000%2C643&#038;ssl=1\" width=\"1000\" height=\"643\" \/><\/p>\n<h3>Brza i jednostavna instalacija<\/h3>\n<p>LG klima-ure\u0111aji dizajnirani su za jednostavnu i u\u010dinkovitu instalaciju, bez obzira na okru\u017eenje i broj osoba koje sudjeluju u postupku instalacije. Smanjenjem broja radnika i vremena potrebnog za instalaciju sada je mogu\u0107e instalirati vi\u0161e jedinica u manje vremena.<\/p>\n<p><img data-recalc-dims=\"1\" loading=\"lazy\" decoding=\"async\" src=\"https:\/\/i0.wp.com\/elfix.ba\/wp-content\/uploads\/2021\/03\/image_5c6540bde8760.png?resize=1000%2C663&#038;ssl=1\" width=\"1000\" height=\"663\" \/><\/p>\n<h3>Dimenzije:<\/h3>\n<p><img data-recalc-dims=\"1\" loading=\"lazy\" decoding=\"async\" src=\"https:\/\/i0.wp.com\/elfix.ba\/wp-content\/uploads\/2021\/03\/image_5c6541eb35cd1.png?resize=728%2C507&#038;ssl=1\" width=\"728\" height=\"507\" \/><\/p>\n<h3>Karakteristike:<\/h3>\n<p>Vrsta proizvoda &#8211; SIRIUS<\/p>\n<h4>Kapacitet hla\u0111enja<\/h4>\n<p>Min\/Nom\/Maks. (W)<\/p>\n<p>890\/3500\/4040<\/p>\n<h4>Kapacitet grijanja<\/h4>\n<p>Min\/Nom.\/Maks. (W)<\/p>\n<p>890\/4000\/5100<\/p>\n<h4>Ulazna snaga<\/h4>\n<p>Hla\u0111enje (W) &#8211; 1080<\/p>\n<p>Grijanje +7\u00b0C (W) &#8211; 1050<\/p>\n<h4>Napajanje<\/h4>\n<p>\u00f8,V,Hz &#8211; 1\/220 &#8211; 240\/50<\/p>\n<h4>E.E.R<\/h4>\n<p>Hla\u0111enje (W\/W) &#8211; 3.24<\/p>\n<h4>S.E.E.R<\/h4>\n<p>(W\/W) &#8211; 6.6<\/p>\n<h4>C.O.P<\/h4>\n<p>Grijanje (W\/W) &#8211; 3.81<\/p>\n<h4>S.C.O.P<\/h4>\n<p>(W\/W) &#8211; 4<\/p>\n<h4>Energetski razred<\/h4>\n<p>Hla\u0111enje<\/p>\n<p>A++ (A++ &#8211; E scale)<\/p>\n<p>Grijanje<\/p>\n<p>A+ (A++ &#8211; E scale)<\/p>\n<h4>Godi\u0161nja potro\u0161nja energije<\/h4>\n<p>Hla\u0111enje (kWh) &#8211; 186<\/p>\n<p>Grijanje (kWh) &#8211; 875<\/p>\n<h4>Zvu\u010dni tlak<\/h4>\n<p>Hla\u0111enje (No\u0107ni rad\/Nisko\/Srednje\/Visoko) (dBA)<\/p>\n<p>19\/27\/35\/41\/45<\/p>\n<p>Grijanje (Nisko\/Srednje\/Visoko) (dBA)<\/p>\n<p>27\/35\/41\/45<\/p>\n<p>Vanjska, hla\u0111enje (Visok) (dBA) &#8211; 48<\/p>\n<p>Vanjska, grijanje (Visok) (dBA) &#8211; 50<\/p>\n<h4>Ja\u010dina zvuka<\/h4>\n<p>Hla\u0111enje (Visok) (dBA) &#8211; 65<\/p>\n<h4>Brzina protoka zraka<\/h4>\n<p>Hla\u0111enje (Sleep, Nizak, Srednji, Visok) (m3\/min)<\/p>\n<p>4.2\/7.5\/10.0\/12.5<\/p>\n<p>Grijanje (Nizak, Srednji, Visok)<\/p>\n<p>5.6\/7.2\/10.0\/13.0<\/p>\n<p>Unutarnja, maks. (m3\/min) &#8211; 12.50<\/p>\n<p>Vanjska, maks. (m3\/min) &#8211; 27<\/p>\n<h4>Brzina odvla\u017eivanja<\/h4>\n<p>l\/h.(pts\/h.) &#8211; 1.3<\/p>\n<h4>Radna ja\u010dina struje<\/h4>\n<p>Hla\u0111enje (procjena, maks. ) (A)<\/p>\n<p>4.7\/6.0<\/p>\n<p>Grijanje (procjena, maks.) (A)<\/p>\n<p>4.7\/7.0<\/p>\n<h4>Po\u010detna struja<\/h4>\n<p>Hla\u0111enje (A) &#8211; 1.1<\/p>\n<p>Grijanje (A) &#8211; 1.1<\/p>\n<h4>Osigura\u010d (A)<\/h4>\n<p>A &#8211; 15<\/p>\n<h4>Naponski kabel<\/h4>\n<p>N x mm\u00b2\u00a0 3 x 1<\/p>\n<h4>Kabel za el. napajanje i za prijenos<\/h4>\n<p>N x mm\u00b2<\/p>\n<p>4 x 1.0 (Uklju\u010duju\u0107i uzemljenje)<\/p>\n<h4>Neto te\u017eina<\/h4>\n<p>Unutarnja (kg) &#8211; 8.7<\/p>\n<h4>Dimenzije (\u0160 x V x D)<\/h4>\n<p>Unutarnja (mm)<\/p>\n<p>837 x 308 x 189<\/p>\n<p><img data-recalc-dims=\"1\" loading=\"lazy\" decoding=\"async\" class=\"size-full wp-image-15573 aligncenter\" src=\"https:\/\/i0.wp.com\/coolmarket.ba\/wp-content\/uploads\/2024\/07\/Grijanje-Vodoinstalacije-klimatizacija-2.png?resize=1170%2C433&#038;ssl=1\" alt=\"\" width=\"1170\" height=\"433\" srcset=\"https:\/\/i0.wp.com\/coolmarket.ba\/wp-content\/uploads\/2024\/07\/Grijanje-Vodoinstalacije-klimatizacija-2.png?w=1170&amp;ssl=1 1170w, https:\/\/i0.wp.com\/coolmarket.ba\/wp-content\/uploads\/2024\/07\/Grijanje-Vodoinstalacije-klimatizacija-2.png?resize=300%2C111&amp;ssl=1 300w, https:\/\/i0.wp.com\/coolmarket.ba\/wp-content\/uploads\/2024\/07\/Grijanje-Vodoinstalacije-klimatizacija-2.png?resize=1024%2C379&amp;ssl=1 1024w, https:\/\/i0.wp.com\/coolmarket.ba\/wp-content\/uploads\/2024\/07\/Grijanje-Vodoinstalacije-klimatizacija-2.png?resize=768%2C284&amp;ssl=1 768w, https:\/\/i0.wp.com\/coolmarket.ba\/wp-content\/uploads\/2024\/07\/Grijanje-Vodoinstalacije-klimatizacija-2.png?resize=18%2C7&amp;ssl=1 18w, https:\/\/i0.wp.com\/coolmarket.ba\/wp-content\/uploads\/2024\/07\/Grijanje-Vodoinstalacije-klimatizacija-2.png?resize=600%2C222&amp;ssl=1 600w, https:\/\/i0.wp.com\/coolmarket.ba\/wp-content\/uploads\/2024\/07\/Grijanje-Vodoinstalacije-klimatizacija-2.png?resize=64%2C24&amp;ssl=1 64w\" sizes=\"(max-width: 1170px) 100vw, 1170px\" \/><\/p>\n<p>&nbsp;<\/p>\n<p><strong>CoolMarket<\/strong> je va\u0161 pouzdani partner za prodaju, ugradnju i odr\u017eavanje klima ure\u0111aja, toplotnih pumpi te sistema za vodu i grijanje. Na\u0161a stru\u010dnost osigurava kvalitetne proizvode i vrhunske usluge kako bi va\u0161 dom ili poslovni prostor bio udoban i funkcionalan. Kontaktirajte nas za sve potrebe vezane za klimatizaciju, grijanje i vodoinstalacije. Dostupni smo na Viber i Whatsapp\u00a0 +387 62 53 53 50<\/p>","protected":false},"excerpt":{"rendered":"<ul>\n<li><strong>Kapacitet hla\u0111enja<\/strong><\/li>\n<\/ul>\n<p>Min\/Nom\/Maks. (W)<\/p>\n<p>890\/3500\/4040<\/p>\n<ul>\n<li><strong>Kapacitet grijanja<\/strong><\/li>\n<\/ul>\n<p>Min\/Nom.\/Maks. (W)<\/p>\n<p>890\/4000\/5100<\/p>\n<ul>\n<li><strong>Ulazna snaga<\/strong><\/li>\n<\/ul>\n<p>Hla\u0111enje (W) &#8211; 1080<\/p>\n<p>Grijanje +7\u00b0C (W) &#8211; 1050<\/p>","protected":false},"featured_media":14624,"template":"","meta":{"om_disable_all_campaigns":false,"_monsterinsights_skip_tracking":false,"_monsterinsights_sitenote_active":false,"_monsterinsights_sitenote_note":"","_monsterinsights_sitenote_category":0},"product_cat":[335,305,306,387],"product_tag":[395,389,396,397,398,399,394],"class_list":{"0":"post-14969","1":"product","2":"type-product","3":"status-publish","4":"has-post-thumbnail","6":"product_cat-12ke-inverteri","7":"product_cat-grijanje-i-hladenje","8":"product_cat-klima-uredaji","9":"product_cat-lg","10":"product_tag-klima-inverter","11":"product_tag-lg","12":"product_tag-lg-inverter-bih","13":"product_tag-lg-klima-bih","14":"product_tag-lg-klima-zenica","15":"product_tag-ovlastena-trgovina","16":"product_tag-ovlasteni-servis","18":"first","19":"onbackorder","20":"taxable","21":"shipping-taxable","22":"product-type-simple"},"aioseo_notices":[],"_links":{"self":[{"href":"https:\/\/coolmarket.ba\/bs\/wp-json\/wp\/v2\/product\/14969","targetHints":{"allow":["GET"]}}],"collection":[{"href":"https:\/\/coolmarket.ba\/bs\/wp-json\/wp\/v2\/product"}],"about":[{"href":"https:\/\/coolmarket.ba\/bs\/wp-json\/wp\/v2\/types\/product"}],"wp:featuredmedia":[{"embeddable":true,"href":"https:\/\/coolmarket.ba\/bs\/wp-json\/wp\/v2\/media\/14624"}],"wp:attachment":[{"href":"https:\/\/coolmarket.ba\/bs\/wp-json\/wp\/v2\/media?parent=14969"}],"wp:term":[{"taxonomy":"product_cat","embeddable":true,"href":"https:\/\/coolmarket.ba\/bs\/wp-json\/wp\/v2\/product_cat?post=14969"},{"taxonomy":"product_tag","embeddable":true,"href":"https:\/\/coolmarket.ba\/bs\/wp-json\/wp\/v2\/product_tag?post=14969"}],"curies":[{"name":"wp","href":"https:\/\/api.w.org\/{rel}","templated":true}]}}