{"id":14968,"date":"2023-03-08T09:39:35","date_gmt":"2023-03-08T09:39:35","guid":{"rendered":"https:\/\/coolmarket.ba\/?post_type=product&#038;p=14968"},"modified":"2024-09-13T11:04:07","modified_gmt":"2024-09-13T11:04:07","slug":"lg-dualcool-inverter-compressor-klima-standard-ii-s18et-5kw-18ka","status":"publish","type":"product","link":"https:\/\/coolmarket.ba\/bs\/proizvod\/lg-dualcool-inverter-compressor-klima-standard-ii-s18et-5kw-18ka\/","title":{"rendered":"LG DUALCOOL INVERTER COMPRESSOR KLIMA STANDARD II S18ET 5kW (18ka)"},"content":{"rendered":"<h3>DUAL Inverter Compressor\u2122 s 10 godina jamstva<\/h3>\n<p>LG Dual Inverter Compressor\u2122 rje\u0161ava probleme neu\u010dinkovitosti i buke, \u0161to rezultira klima-ure\u0111ajem koji hladi br\u017ee, traje dulje i radi ti\u0161e. Uz 10-godi\u0161nje jamstvo na kompresor, korisnici \u0107e u\u017eivati \u200b\u200bu blagodatima LG klima-ure\u0111aja dulje vrijeme.<\/p>\n<p><img data-recalc-dims=\"1\" fetchpriority=\"high\" decoding=\"async\" src=\"https:\/\/i0.wp.com\/elfix.ba\/wp-content\/uploads\/2021\/03\/image_5c892d8e16178.png?resize=1000%2C663&#038;ssl=1\" width=\"1000\" height=\"663\" \/><\/p>\n<h3>Pristupite klima-ure\u0111aju<\/h3>\n<p>u bilo kojem trenutku i s bilo kojeg mjesta uporabom ure\u0111aja s Wi-Fi vezom i ekskluzivne LG-eve aplikacije za kontrolu ku\u0107anskih ure\u0111aja.<\/p>\n<p><img data-recalc-dims=\"1\" decoding=\"async\" src=\"https:\/\/i0.wp.com\/elfix.ba\/wp-content\/uploads\/2021\/03\/image_5c892feeeeaf0.png?resize=1000%2C775&#038;ssl=1\" width=\"1000\" height=\"775\" \/><\/p>\n<h3>U\u0161teda energije i brzo hla\u0111enje<\/h3>\n<p>Inverterski kompresor stalno prilago\u0111ava brzinu rada kompresora kako bi odr\u017eao \u017eeljenu razinu temperature. Dodatno, DUAL Inverter Compressor\u2122 \u0161tedi vi\u0161e energije od uobi\u010dajenog kompresora.<\/p>\n<p><img data-recalc-dims=\"1\" decoding=\"async\" src=\"https:\/\/i0.wp.com\/elfix.ba\/wp-content\/uploads\/2021\/03\/image_5c892ed550f2e.png?resize=1000%2C802&#038;ssl=1\" width=\"1000\" height=\"802\" \/><\/p>\n<h3>Dual Inverter Compressor\u2122<\/h3>\n<p>Kompresori na uobi\u010dajenim klima-ure\u0111ajima se isklju\u010duju i uklju\u010duju kako bi prilagodili temperaturu, tro\u0161e\u0107i veliku koli\u010dinu energije. Dual Inverter Compressor\u2122 stalno pode\u0161ava brzinu kompresora kako bi odr\u017eao \u017eeljene razine temperature. Ova minimalna fluktuacija \u0161tedi energiju i osigurava ve\u0107u udobnost hla\u0111enja.<\/p>\n<p><img data-recalc-dims=\"1\" loading=\"lazy\" decoding=\"async\" src=\"https:\/\/i0.wp.com\/elfix.ba\/wp-content\/uploads\/2021\/03\/image_5c892ef118d2a.png?resize=1000%2C638&#038;ssl=1\" width=\"1000\" height=\"638\" \/><\/p>\n<h3>Jednostavan i moderan dizajn sa skrivenim zaslonom<\/h3>\n<p>Tanki i moderni dizajn LG klima-ure\u0111aja omogu\u0107uje jednostavnu instalaciju i prakti\u010dno \u010di\u0161\u0107enje pomo\u0107u EZ kliznog filtra . Nadalje, veliki skriveni zaslon savr\u0161en je za prakti\u010dnu provjeru potro\u0161nje energije.<\/p>\n<p><img data-recalc-dims=\"1\" loading=\"lazy\" decoding=\"async\" src=\"https:\/\/i0.wp.com\/elfix.ba\/wp-content\/uploads\/2021\/03\/image_5c892f0f2a2c1.png?resize=1000%2C1025&#038;ssl=1\" width=\"1000\" height=\"1025\" \/><\/p>\n<h5>*Stvarna slika proizvoda mo\u017ee se razlikovati od slike prikazane gore.<\/h5>\n<h3>Niska razina buke<\/h3>\n<p>LG-evi klima-ure\u0111aji rade gotovo ne\u010dujno zahvaljuju\u0107i jedinstvenom LG-evom uko\u0161enom ventilatoru i DUAL Inverter kompresoru koji eliminiraju nepotrebne zvukove i omogu\u0107avaju nesmetan rad.<\/p>\n<p><img data-recalc-dims=\"1\" loading=\"lazy\" decoding=\"async\" src=\"https:\/\/i0.wp.com\/elfix.ba\/wp-content\/uploads\/2021\/03\/image_5c892f3a6636d.png?resize=1000%2C663&#038;ssl=1\" width=\"1000\" height=\"663\" \/><\/p>\n<h3>Aktivna energetska regulacija<\/h3>\n<p>Funkcija aktivne energetske regulacije pru\u017ea mogu\u0107nost odabira razine potro\u0161nje energije u skladu sa situacijom. U\u017eivajte u hladnoj i ugodnoj atmosferi uz u\u0161tedu energije.<\/p>\n<p><img data-recalc-dims=\"1\" loading=\"lazy\" decoding=\"async\" src=\"https:\/\/i0.wp.com\/elfix.ba\/wp-content\/uploads\/2021\/03\/image_5c892f9695654.png?resize=1000%2C750&#038;ssl=1\" width=\"1000\" height=\"750\" \/><\/p>\n<h3>Opcija optimalnog strujanja zraka (Comfort Air)<\/h3>\n<p>Opcija optimalnog strujanja zraka (Comfort Air) na prakti\u010dan na\u010din postavlja krilce u unaprijed postavljeni polo\u017eaj koji sprje\u010dava da zrak iz klima-ure\u0111aja pu\u0161e izravno u osobe u prostoriji.<\/p>\n<p><img data-recalc-dims=\"1\" loading=\"lazy\" decoding=\"async\" src=\"https:\/\/i0.wp.com\/elfix.ba\/wp-content\/uploads\/2021\/03\/image_5c892faa8dc6f.png?resize=1000%2C688&#038;ssl=1\" width=\"1000\" height=\"688\" \/><\/p>\n<h3>Visokou\u010dinkovito rashladno sredstvo R32<\/h3>\n<p>R32 je ekolo\u0161ki prihvatljivo, visokou\u010dinkovito rashladno sredstvo. Kako je koli\u010dina rashladnog sredstva R32 znatno ni\u017ea u usporedbi s R410A, ono ima manji potencijal globalnog zagrijavanja i minimalno o\u0161te\u0107uje oznoski omota\u010d. Visoki stupnjevi kompresije R32 omogu\u0107uju ve\u0107i kapacitet u usporedbi s postoje\u0107im sredstvima R12 i R410A.<\/p>\n<p><img data-recalc-dims=\"1\" loading=\"lazy\" decoding=\"async\" src=\"https:\/\/i0.wp.com\/elfix.ba\/wp-content\/uploads\/2021\/03\/image_5c89301a31e32.png?resize=1000%2C643&#038;ssl=1\" width=\"1000\" height=\"643\" \/><\/p>\n<h3>Dimenzije:<\/h3>\n<p><img data-recalc-dims=\"1\" loading=\"lazy\" decoding=\"async\" src=\"https:\/\/i0.wp.com\/elfix.ba\/wp-content\/uploads\/2021\/03\/image_5c89303c1a5e4.png?resize=728%2C507&#038;ssl=1\" width=\"728\" height=\"507\" \/><\/p>\n<h3>Karakteritike:<\/h3>\n<p>Vrsta proizvoda &#8211; SIRIUS<\/p>\n<p><strong>Kapacitet hla\u0111enja<\/strong><\/p>\n<p>Min\/Nom\/Maks. (W)<\/p>\n<p>900\/5000\/5500<\/p>\n<p><strong>Kapacitet grijanja<\/strong><\/p>\n<p>Min\/Nom.\/Maks. (W)<\/p>\n<p>900\/5800\/6400<\/p>\n<p><strong>Ulazna snaga<\/strong><\/p>\n<p>Hla\u0111enje (W) &#8211; 1562<\/p>\n<p>Grijanje +7\u00b0C (W) &#8211; 1611<\/p>\n<p><strong>Napajanje<\/strong><\/p>\n<p>\u00f8,V,Hz<\/p>\n<p>1\/220 &#8211; 240\/50<\/p>\n<p>E.E.R<\/p>\n<p>Hla\u0111enje (W\/W)<\/p>\n<p>3.2<\/p>\n<p>S.E.E.R<\/p>\n<p>(W\/W)<\/p>\n<p>7<\/p>\n<p>C.O.P<\/p>\n<p>Grijanje (W\/W)<\/p>\n<p>3.6<\/p>\n<p>S.C.O.P<\/p>\n<p>(W\/W)<\/p>\n<p>4.3<\/p>\n<p><strong>Energetski razred<\/strong><\/p>\n<p>Hla\u0111enje<\/p>\n<p>A++ (A++ &#8211; E scale)<\/p>\n<p>Grijanje<\/p>\n<p>A+ (A++ &#8211; E scale)<\/p>\n<p><strong>Godi\u0161nja potro\u0161nja energije<\/strong><\/p>\n<p>Hla\u0111enje (kWh) &#8211; 250<\/p>\n<p>Grijanje (kWh) &#8211; 1270<\/p>\n<p><strong>Zvu\u010dni tlak<\/strong><\/p>\n<p>Hla\u0111enje (No\u0107ni rad\/Nisko\/Srednje\/Visoko) (dBA)<\/p>\n<p>31\/34\/39\/44\/47<\/p>\n<p>Grijanje (Nisko\/Srednje\/Visoko) (dBA)<\/p>\n<p>34\/39\/44\/48<\/p>\n<p>Vanjska, hla\u0111enje (Visok) (dBA) &#8211; 53<\/p>\n<p>Vanjska, grijanje (Visok) (dBA) &#8211; 55<\/p>\n<p><strong>Ja\u010dina zvuka<\/strong><\/p>\n<p>Hla\u0111enje (Visok) (dBA) &#8211; 65<\/p>\n<p><strong>Brzina protoka zraka<\/strong><\/p>\n<p>Hla\u0111enje (Sleep, Nizak, Srednji, Visok) (m3\/min)<\/p>\n<p>10.5\/13.0\/14.5\/15.5<\/p>\n<p>Grijanje (Nizak, Srednji, Visok)<\/p>\n<p>11.0\/13.5\/16.0\/18.5<\/p>\n<p>Unutarnja, maks. (m3\/min)<\/p>\n<p>15.5<\/p>\n<p>Vanjska, maks. (m3\/min)<\/p>\n<p>35<\/p>\n<p><strong>Brzina odvla\u017eivanja<\/strong><\/p>\n<p>l\/h.(pts\/h.) &#8211; 1.8<\/p>\n<p><strong>Radna ja\u010dina struje<\/strong><\/p>\n<p>Hla\u0111enje (procjena, maks. ) (A)<\/p>\n<p>6.9\/9.0<\/p>\n<p>Grijanje (procjena, maks.) (A)<\/p>\n<p>7.1\/9.5<\/p>\n<p><strong>Po\u010detna struja<\/strong><\/p>\n<p>Hla\u0111enje (A) &#8211; 1.2<\/p>\n<p>Grijanje (A) &#8211; 1.2<\/p>\n<p>Osigura\u010d (A)<\/p>\n<p>A &#8211; 20<\/p>\n<p><strong>Naponski kabel<\/strong><\/p>\n<p>N x mm\u00b2<\/p>\n<p>3 x 1,5<\/p>\n<p>Kabel za el. napajanje i za prijenos<\/p>\n<p>N x mm\u00b2<\/p>\n<p>4 x 1.0 (Uklju\u010duju\u0107i uzemljenje)<\/p>\n<p><strong>Neto te\u017eina<\/strong><\/p>\n<p>Unutarnja (kg)<\/p>\n<p>11.4<\/p>\n<p><strong>Dimenzije (\u0160 x V x D)<\/strong><\/p>\n<p>Unutarnja (mm)<\/p>\n<p>998 x 345 x 210<\/p>\n<p><strong>Izlazna snaga motora ventilatora<\/strong><\/p>\n<p>W &#8211; 30<\/p>\n<p><img data-recalc-dims=\"1\" loading=\"lazy\" decoding=\"async\" class=\"size-full wp-image-15573 aligncenter\" src=\"https:\/\/i0.wp.com\/coolmarket.ba\/wp-content\/uploads\/2024\/07\/Grijanje-Vodoinstalacije-klimatizacija-2.png?resize=1170%2C433&#038;ssl=1\" alt=\"\" width=\"1170\" height=\"433\" srcset=\"https:\/\/i0.wp.com\/coolmarket.ba\/wp-content\/uploads\/2024\/07\/Grijanje-Vodoinstalacije-klimatizacija-2.png?w=1170&amp;ssl=1 1170w, https:\/\/i0.wp.com\/coolmarket.ba\/wp-content\/uploads\/2024\/07\/Grijanje-Vodoinstalacije-klimatizacija-2.png?resize=300%2C111&amp;ssl=1 300w, https:\/\/i0.wp.com\/coolmarket.ba\/wp-content\/uploads\/2024\/07\/Grijanje-Vodoinstalacije-klimatizacija-2.png?resize=1024%2C379&amp;ssl=1 1024w, https:\/\/i0.wp.com\/coolmarket.ba\/wp-content\/uploads\/2024\/07\/Grijanje-Vodoinstalacije-klimatizacija-2.png?resize=768%2C284&amp;ssl=1 768w, https:\/\/i0.wp.com\/coolmarket.ba\/wp-content\/uploads\/2024\/07\/Grijanje-Vodoinstalacije-klimatizacija-2.png?resize=18%2C7&amp;ssl=1 18w, https:\/\/i0.wp.com\/coolmarket.ba\/wp-content\/uploads\/2024\/07\/Grijanje-Vodoinstalacije-klimatizacija-2.png?resize=600%2C222&amp;ssl=1 600w, https:\/\/i0.wp.com\/coolmarket.ba\/wp-content\/uploads\/2024\/07\/Grijanje-Vodoinstalacije-klimatizacija-2.png?resize=64%2C24&amp;ssl=1 64w\" sizes=\"(max-width: 1170px) 100vw, 1170px\" \/><\/p>\n<p>&nbsp;<\/p>\n<p><strong>CoolMarket<\/strong> je va\u0161 pouzdani partner za prodaju, ugradnju i odr\u017eavanje klima ure\u0111aja, toplotnih pumpi te sistema za vodu i grijanje. Na\u0161a stru\u010dnost osigurava kvalitetne proizvode i vrhunske usluge kako bi va\u0161 dom ili poslovni prostor bio udoban i funkcionalan. Kontaktirajte nas za sve potrebe vezane za klimatizaciju, grijanje i vodoinstalacije. Dostupni smo na Viber i Whatsapp\u00a0 +387 62 53 53 50<\/p>","protected":false},"excerpt":{"rendered":"<p>Vrsta proizvoda &#8211; SIRIUS<\/p>\n<p><strong>Kapacitet hla\u0111enja<\/strong><\/p>\n<p>Min\/Nom\/Maks. (W)<\/p>\n<p>900\/5000\/5500<\/p>\n<p><strong>Kapacitet grijanja<\/strong><\/p>\n<p>Min\/Nom.\/Maks. (W)<\/p>\n<p>900\/5800\/6400<\/p>","protected":false},"featured_media":14614,"template":"","meta":{"om_disable_all_campaigns":false,"_monsterinsights_skip_tracking":false,"_monsterinsights_sitenote_active":false,"_monsterinsights_sitenote_note":"","_monsterinsights_sitenote_category":0},"product_cat":[307,305,306,387],"product_tag":[395,389,396,397,398,399,394],"class_list":{"0":"post-14968","1":"product","2":"type-product","3":"status-publish","4":"has-post-thumbnail","6":"product_cat-18ke-inverteri","7":"product_cat-grijanje-i-hladenje","8":"product_cat-klima-uredaji","9":"product_cat-lg","10":"product_tag-klima-inverter","11":"product_tag-lg","12":"product_tag-lg-inverter-bih","13":"product_tag-lg-klima-bih","14":"product_tag-lg-klima-zenica","15":"product_tag-ovlastena-trgovina","16":"product_tag-ovlasteni-servis","18":"first","19":"onbackorder","20":"taxable","21":"shipping-taxable","22":"product-type-simple"},"aioseo_notices":[],"_links":{"self":[{"href":"https:\/\/coolmarket.ba\/bs\/wp-json\/wp\/v2\/product\/14968","targetHints":{"allow":["GET"]}}],"collection":[{"href":"https:\/\/coolmarket.ba\/bs\/wp-json\/wp\/v2\/product"}],"about":[{"href":"https:\/\/coolmarket.ba\/bs\/wp-json\/wp\/v2\/types\/product"}],"wp:featuredmedia":[{"embeddable":true,"href":"https:\/\/coolmarket.ba\/bs\/wp-json\/wp\/v2\/media\/14614"}],"wp:attachment":[{"href":"https:\/\/coolmarket.ba\/bs\/wp-json\/wp\/v2\/media?parent=14968"}],"wp:term":[{"taxonomy":"product_cat","embeddable":true,"href":"https:\/\/coolmarket.ba\/bs\/wp-json\/wp\/v2\/product_cat?post=14968"},{"taxonomy":"product_tag","embeddable":true,"href":"https:\/\/coolmarket.ba\/bs\/wp-json\/wp\/v2\/product_tag?post=14968"}],"curies":[{"name":"wp","href":"https:\/\/api.w.org\/{rel}","templated":true}]}}