{"id":14965,"date":"2023-03-08T09:39:35","date_gmt":"2023-03-08T09:39:35","guid":{"rendered":"https:\/\/coolmarket.ba\/?post_type=product&#038;p=14965"},"modified":"2024-09-13T11:02:40","modified_gmt":"2024-09-13T11:02:40","slug":"lg-artcool-dual-inverter-klima-ac18bh-5kw-18ka","status":"publish","type":"product","link":"https:\/\/coolmarket.ba\/bs\/proizvod\/lg-artcool-dual-inverter-klima-ac18bh-5kw-18ka\/","title":{"rendered":"LG ARTCOOL DUAL INVERTER KLIMA AC18BK 5kW (18ka)"},"content":{"rendered":"<h3>Moderan dizajn Artcool klima-ure\u0111aja<\/h3>\n<p>Klima-ure\u0111aj LG ARTCOOL je minimalisti\u010dkog i jednostavnog dizajna kako bi se uklopio u interijer va\u0161eg doma. Zrcalno staklo na prednjoj strani klima-ure\u0111aja reflektira okolinu nagla\u0161avaju\u0107io interijer i integritet doma te pru\u017eaju\u0107i bezvremensku ljepotu zbog \u010dvrsto\u0107e staklenog materijala.<\/p>\n<h3><img data-recalc-dims=\"1\" fetchpriority=\"high\" decoding=\"async\" src=\"https:\/\/i0.wp.com\/elfix.ba\/wp-content\/uploads\/2021\/03\/image_5d15c515e00c3.png?resize=1000%2C945&#038;ssl=1\" width=\"1000\" height=\"945\" \/><\/h3>\n<h3>Inverterski kompresor s 10 godina jamstva<\/h3>\n<p>LG-ev inverterski kompresor je re\u0161enje za sve probleme vezane za nepravilan rad, neu\u010dinkovitost i buku! LG-evi klima-ure\u0111aji s inverterskim kompresorom hlade br\u017ee, traju du\u017ee i rade znatno ti\u0161e. S 10 godina jamstva na kompresor, korisnici mogu u\u017eivati u prednostima LG-evih klima-ure\u0111aja du\u017ee.<\/p>\n<p><img data-recalc-dims=\"1\" decoding=\"async\" src=\"https:\/\/i0.wp.com\/elfix.ba\/wp-content\/uploads\/2021\/03\/image_5d15c584434e4.png?resize=1000%2C663&#038;ssl=1\" width=\"1000\" height=\"663\" \/><\/p>\n<h3>U\u0161teda energije i brzo hla\u0111enje<\/h3>\n<p>Inverterski kompresor stalno prilago\u0111ava brzinu rada kompresora kako bi odr\u017eao \u017eeljenu razinu temperature. Inverterski kompresor \u0161tedi vi\u0161e energije od uobi\u010dajenog kompresora. Zahvaljuju\u0107i inverterskom kompresoru zrak se izbacuje dalje i br\u017ee.<\/p>\n<p><img data-recalc-dims=\"1\" decoding=\"async\" src=\"https:\/\/i0.wp.com\/elfix.ba\/wp-content\/uploads\/2021\/03\/image_5d15c5a74148b.png?resize=1000%2C854&#038;ssl=1\" width=\"1000\" height=\"854\" \/><\/p>\n<h3>Ionizator<\/h3>\n<p>Preko 3 milijuna iona sterilizira ne samo zrak koji prolazi kroz klima-ure\u0111aj, ve\u0107 i \u0161tetne tvari i mirise koje ga okru\u017euju. Dokazano je da ionizator sterilizira vi\u0161e od 99% bakterija u roku od 60 minuta. (Sterilizira E.coli u preko 99,9% slu\u010dajeva u 30 minuta i bakteriju Staphylococcus aureus u preko 99,6% slu\u010dajeva u 60 minuta)<\/p>\n<h3><img data-recalc-dims=\"1\" loading=\"lazy\" decoding=\"async\" src=\"https:\/\/i0.wp.com\/elfix.ba\/wp-content\/uploads\/2021\/03\/image_5d15c5c2ab6ba.png?resize=1000%2C681&#038;ssl=1\" width=\"1000\" height=\"681\" \/><\/h3>\n<h3>Pristupite svom klima-ure\u0111aju u bilo kojem trenutku i s bilo kojeg mjesta<\/h3>\n<p>Pristupite svom klima-ure\u0111aju u bilo kojem trenutku i s bilo kojeg mjesta zahvaljuju\u0107i ugra\u0111enom Wi-Fi modulu i LG-evoj ekskluzivnoj aplikaciji za kontrolu ku\u0107anskih ure\u0111aja SmartThinQ\u00ae.<\/p>\n<p><img data-recalc-dims=\"1\" loading=\"lazy\" decoding=\"async\" src=\"https:\/\/i0.wp.com\/elfix.ba\/wp-content\/uploads\/2021\/03\/image_5d15c5f945809.png?resize=1000%2C775&#038;ssl=1\" width=\"1000\" height=\"775\" \/><\/p>\n<h3>Niska razina\u00a0 buke<\/h3>\n<p>LG-evi klima-ure\u0111aji rade gotovo ne\u010dujno zahvaljuju\u0107i jedinstvenom LG-evom uko\u0161enom ventilatoru i inverterskom kompresoru koji eliminiraju nepotrebne zvukove i omogu\u0107avaju nesmetan rad.<\/p>\n<h3><img data-recalc-dims=\"1\" loading=\"lazy\" decoding=\"async\" src=\"https:\/\/i0.wp.com\/elfix.ba\/wp-content\/uploads\/2021\/03\/image_5d15c6205f8c9.png?resize=1000%2C694&#038;ssl=1\" width=\"1000\" height=\"694\" \/><\/h3>\n<h3>Brza i jednostavna instalacija<\/h3>\n<p>LG-evi klima-ure\u0111aji dizajnirani su za lak\u0161u i jednostavniju instalaciju, neovisno o okru\u017eenju i broju osoba koje su uklju\u010dene u proces postavljanja. Kako je smanjen broj osoba i vremena potrebnih za instalaciju klima-ure\u0111aja, sada je mogu\u0107e u kra\u0107em vremenu instalirati vi\u0161e klima-ure\u0111aja u vi\u0161e domova.<\/p>\n<p><img data-recalc-dims=\"1\" loading=\"lazy\" decoding=\"async\" src=\"https:\/\/i0.wp.com\/elfix.ba\/wp-content\/uploads\/2021\/03\/image_5d15c63d8c7aa.png?resize=1000%2C663&#038;ssl=1\" width=\"1000\" height=\"663\" \/><\/p>\n<p><img data-recalc-dims=\"1\" loading=\"lazy\" decoding=\"async\" src=\"https:\/\/i0.wp.com\/elfix.ba\/wp-content\/uploads\/2021\/03\/image_5d15c6509f885.png?resize=1000%2C500&#038;ssl=1\" width=\"1000\" height=\"500\" \/><\/p>\n<p>Brand &#8211; LG<\/p>\n<p>Tip &#8211; inverter<\/p>\n<p>Pokriva prostor &#8211; 18-ka (50-70 m2)<\/p>\n<p>Kapacitet hla\u0111enja &#8211; Min\/Nom\/Maks. (W)900\/5000\/5500<\/p>\n<p>Kapacitet grijanja &#8211; Min\/Nom.\/Maks. (W)900\/5800\/6400<\/p>\n<p>Ulazna snaga Hla\u0111enje (W) &#8211; 1562<\/p>\n<p>Ulazna snaga Grijanje +7\u00b0C (W) &#8211; 1611<\/p>\n<p>E.E.R Hla\u0111enje (W\/W) &#8211; 3,2<\/p>\n<p>S.E.E.R (W\/W) &#8211; 7<\/p>\n<p>C.O.P Grijanje (W\/W) &#8211; 3,6<\/p>\n<p>S.C.O.P (W\/W) &#8211; 4,3<\/p>\n<p>Energetska klasa &#8211; A++<\/p>\n<p>Godi\u0161nja potro\u0161nja energije Hla\u0111enje (kWh) &#8211; 250<\/p>\n<p>Godi\u0161nja potro\u0161nja energije Grijanje (kWh) &#8211; 1270<\/p>\n<p>Zvu\u010dni tlak Hla\u0111enje (No\u0107ni rad\/Nisko\/Srednje\/Visoko) (dBA) &#8211; 31\/34\/39\/44<\/p>\n<p>Zvu\u010dni tlak Grijanje (Nisko\/Srednje\/Visoko) (dBA) &#8211; 34\/39\/44<\/p>\n<p>Zvu\u010dni tlak Vanjska, hla\u0111enje (Visok) (dBA) &#8211; 53<\/p>\n<p>Zvu\u010dni tlak Vanjska, grijanje (Visok) (dBA) &#8211; 55<\/p>\n<p>Ja\u010dina zvuka Hla\u0111enje (Visok) (dBA) &#8211; 60<\/p>\n<p>Brzina odvla\u017eivanja l\/h.(pts\/h.) 1,8<\/p>\n<p>Dimenzije (\u0160 x V x D) Unutarnja (mm) &#8211; 998 x 345 x 212<\/p>\n<p><img data-recalc-dims=\"1\" loading=\"lazy\" decoding=\"async\" class=\"size-full wp-image-15573 aligncenter\" src=\"https:\/\/i0.wp.com\/coolmarket.ba\/wp-content\/uploads\/2024\/07\/Grijanje-Vodoinstalacije-klimatizacija-2.png?resize=1170%2C433&#038;ssl=1\" alt=\"\" width=\"1170\" height=\"433\" srcset=\"https:\/\/i0.wp.com\/coolmarket.ba\/wp-content\/uploads\/2024\/07\/Grijanje-Vodoinstalacije-klimatizacija-2.png?w=1170&amp;ssl=1 1170w, https:\/\/i0.wp.com\/coolmarket.ba\/wp-content\/uploads\/2024\/07\/Grijanje-Vodoinstalacije-klimatizacija-2.png?resize=300%2C111&amp;ssl=1 300w, https:\/\/i0.wp.com\/coolmarket.ba\/wp-content\/uploads\/2024\/07\/Grijanje-Vodoinstalacije-klimatizacija-2.png?resize=1024%2C379&amp;ssl=1 1024w, https:\/\/i0.wp.com\/coolmarket.ba\/wp-content\/uploads\/2024\/07\/Grijanje-Vodoinstalacije-klimatizacija-2.png?resize=768%2C284&amp;ssl=1 768w, https:\/\/i0.wp.com\/coolmarket.ba\/wp-content\/uploads\/2024\/07\/Grijanje-Vodoinstalacije-klimatizacija-2.png?resize=18%2C7&amp;ssl=1 18w, https:\/\/i0.wp.com\/coolmarket.ba\/wp-content\/uploads\/2024\/07\/Grijanje-Vodoinstalacije-klimatizacija-2.png?resize=600%2C222&amp;ssl=1 600w, https:\/\/i0.wp.com\/coolmarket.ba\/wp-content\/uploads\/2024\/07\/Grijanje-Vodoinstalacije-klimatizacija-2.png?resize=64%2C24&amp;ssl=1 64w\" sizes=\"(max-width: 1170px) 100vw, 1170px\" \/><\/p>\n<p>&nbsp;<\/p>\n<p><strong>CoolMarket<\/strong> je va\u0161 pouzdani partner za prodaju, ugradnju i odr\u017eavanje klima ure\u0111aja, toplotnih pumpi te sistema za vodu i grijanje. Na\u0161a stru\u010dnost osigurava kvalitetne proizvode i vrhunske usluge kako bi va\u0161 dom ili poslovni prostor bio udoban i funkcionalan. Kontaktirajte nas za sve potrebe vezane za klimatizaciju, grijanje i vodoinstalacije. Dostupni smo na Viber i Whatsapp\u00a0 +387 62 53 53 50<\/p>","protected":false},"excerpt":{"rendered":"<ul>\n<li>Tip &#8211; inverter<\/li>\n<li>Pokriva prostor &#8211; 18-ka (50-70 m2)<\/li>\n<li>Kapacitet hla\u0111enja &#8211; Min\/Nom\/Maks. (W)900\/5000\/5500<\/li>\n<li>Kapacitet grijanja &#8211; Min\/Nom.\/Maks. (W)900\/5800\/6400<\/li>\n<li>Ulazna snaga Hla\u0111enje (W) &#8211; 1562<\/li>\n<li>Ulazna snaga Grijanje +7\u00b0C (W) &#8211; 1611<\/li>\n<\/ul>","protected":false},"featured_media":14594,"template":"","meta":{"om_disable_all_campaigns":false,"_monsterinsights_skip_tracking":false,"_monsterinsights_sitenote_active":false,"_monsterinsights_sitenote_note":"","_monsterinsights_sitenote_category":0},"product_cat":[307,305,306,387],"product_tag":[],"class_list":{"0":"post-14965","1":"product","2":"type-product","3":"status-publish","4":"has-post-thumbnail","6":"product_cat-18ke-inverteri","7":"product_cat-grijanje-i-hladenje","8":"product_cat-klima-uredaji","9":"product_cat-lg","11":"first","12":"onbackorder","13":"taxable","14":"shipping-taxable","15":"purchasable","16":"product-type-simple"},"aioseo_notices":[],"_links":{"self":[{"href":"https:\/\/coolmarket.ba\/bs\/wp-json\/wp\/v2\/product\/14965","targetHints":{"allow":["GET"]}}],"collection":[{"href":"https:\/\/coolmarket.ba\/bs\/wp-json\/wp\/v2\/product"}],"about":[{"href":"https:\/\/coolmarket.ba\/bs\/wp-json\/wp\/v2\/types\/product"}],"wp:featuredmedia":[{"embeddable":true,"href":"https:\/\/coolmarket.ba\/bs\/wp-json\/wp\/v2\/media\/14594"}],"wp:attachment":[{"href":"https:\/\/coolmarket.ba\/bs\/wp-json\/wp\/v2\/media?parent=14965"}],"wp:term":[{"taxonomy":"product_cat","embeddable":true,"href":"https:\/\/coolmarket.ba\/bs\/wp-json\/wp\/v2\/product_cat?post=14965"},{"taxonomy":"product_tag","embeddable":true,"href":"https:\/\/coolmarket.ba\/bs\/wp-json\/wp\/v2\/product_tag?post=14965"}],"curies":[{"name":"wp","href":"https:\/\/api.w.org\/{rel}","templated":true}]}}