{"id":14963,"date":"2023-03-08T09:38:39","date_gmt":"2023-03-08T09:38:39","guid":{"rendered":"https:\/\/coolmarket.ba\/?post_type=product&#038;p=14963"},"modified":"2024-09-13T11:05:04","modified_gmt":"2024-09-13T11:05:04","slug":"mitsubishi-inverter-ap50vg-5kw-18ka","status":"publish","type":"product","link":"https:\/\/coolmarket.ba\/bs\/proizvod\/mitsubishi-inverter-ap50vg-5kw-18ka\/","title":{"rendered":"Mitsubishi INVERTER AP50VG 5kW (18ka)"},"content":{"rendered":"<h3>MITSUBISHI AP50VG<\/h3>\n<p>&nbsp;<\/p>\n<h3>VISOKE PERFORMANSE I KOMPAKTNE DIMENZIJE<\/h3>\n<ul>\n<li>\u00a0Vodi\u010di za protok vazduhaPreciznija kontrola protoka vazduha upotrebom novih elemenata sistema za distribuciju vazduha.<\/li>\n<li>\u00a0FanNovo radno kolo ventilatora ima ve\u0107i promjer i pove\u0107anu du\u017einu, \u0161to pobolj\u0161ava aerodinami\u010dke performanse i malu buku.<\/li>\n<li>\u00a0Izmjenjiva\u010d toploteUpotreba cijevi \u00f85 omogu\u0107uje smanjenje debljine izmjenjiva\u010da topline, kao i smanjenje otpora protoku zraka.<\/li>\n<\/ul>\n<h3>SISTEM ZA FILTRIRANJE VAZDUHA<\/h3>\n<p>Povr\u0161ina filtra je pove\u0107ana zbog \u010dinjenice da re\u0161etka nije ravna, ve\u0107 ima trodimenzionalnu strukturu.\u00a0Ovo zna\u010dajno pove\u0107ava efikasnost filtriranja protoka vazduha koji prolazi kroz unutra\u0161nju jedinicu serije MSZ-AP.<\/p>\n<h3>ECONO COOL NA\u010cIN RADA<\/h3>\n<p>Poznato je da pove\u0107anje ciljne temperature za samo 20 \u00b0 C u re\u017eimu hla\u0111enja mo\u017ee smanjiti potro\u0161nju elektri\u010dne energije za 20%.\u00a0Kako osoba ne bi primijetila porast temperature i nastavila se osje\u0107ati ugodno, postoji poseban algoritam za rolete.\u00a0Zrak se naizmjeni\u010dno dovodi vodoravno i okomito prema dolje.\u00a0Intervale izme\u0111u ciklusa i trajanje ciklusa izra\u010dunava mikroprocesor, na osnovu temperature ispariva\u010da i trenutne sobne temperature.<\/p>\n<h3>\u0160TEDIM NA\u010cIN RADA<\/h3>\n<p>Na\u010din &#8220;\u0160tedim&#8221; omogu\u0107ava vam spremanje 2 seta postavki: ciljne temperature, brzine ventilatora i smjera protoka zraka.\u00a0Jedan set je za re\u017eim hla\u0111enja (ili ECONO COOL na\u010din), drugi je za re\u017eim grejanja vazduha.\u00a0Ako u normalnom radu pritisnete tipku &#8220;Sprema&#8221; na kontrolnoj plo\u010di, prebacit \u0107ete se na prethodno spremljene postavke koje odgovaraju na\u010dinu rada.\u00a0Ponovnim pritiskom na tipku sistem se vra\u0107a na prethodne postavke.\u00a0Ovu je funkciju prikladno koristiti za brzo prebacivanje sistema u unaprijed postavljeni ekonomi\u010dni na\u010din rada, na primjer, sa ciljanom temperaturom za 2-3 \u00b0 C vi\u0161om u re\u017eimu hla\u0111enja i za 2-3 \u00b0 C ni\u017eom u re\u017eimu grijanja, kao i za \u010desto \u0161tedenje kori\u0161tene postavke.\u00a0Za razliku od uobi\u010dajenog na\u010dina grijanja,<\/p>\n<p><img data-recalc-dims=\"1\" decoding=\"async\" class=\"aligncenter\" src=\"https:\/\/i0.wp.com\/xn--d1acigpcddu0d0k.xn--j1amh\/image\/catalog\/product\/mitsubishi\/MSZ-SF\/description\/i-save-mode.JPG?w=1300&#038;ssl=1\" \/><\/p>\n<h3>UGRA\u0110ENI TJEDNI TAJMER<\/h3>\n<p>Tajmer vam omogu\u0107ava da postavite do 4 radnje tokom dana: uklju\u010divanje \/ isklju\u010divanje i promjenu ciljne temperature.<\/p>\n<p><img data-recalc-dims=\"1\" fetchpriority=\"high\" decoding=\"async\" class=\"size-full wp-image-15573 aligncenter\" src=\"https:\/\/i0.wp.com\/coolmarket.ba\/wp-content\/uploads\/2024\/07\/Grijanje-Vodoinstalacije-klimatizacija-2.png?resize=1170%2C433&#038;ssl=1\" alt=\"\" width=\"1170\" height=\"433\" srcset=\"https:\/\/i0.wp.com\/coolmarket.ba\/wp-content\/uploads\/2024\/07\/Grijanje-Vodoinstalacije-klimatizacija-2.png?w=1170&amp;ssl=1 1170w, https:\/\/i0.wp.com\/coolmarket.ba\/wp-content\/uploads\/2024\/07\/Grijanje-Vodoinstalacije-klimatizacija-2.png?resize=300%2C111&amp;ssl=1 300w, https:\/\/i0.wp.com\/coolmarket.ba\/wp-content\/uploads\/2024\/07\/Grijanje-Vodoinstalacije-klimatizacija-2.png?resize=1024%2C379&amp;ssl=1 1024w, https:\/\/i0.wp.com\/coolmarket.ba\/wp-content\/uploads\/2024\/07\/Grijanje-Vodoinstalacije-klimatizacija-2.png?resize=768%2C284&amp;ssl=1 768w, https:\/\/i0.wp.com\/coolmarket.ba\/wp-content\/uploads\/2024\/07\/Grijanje-Vodoinstalacije-klimatizacija-2.png?resize=18%2C7&amp;ssl=1 18w, https:\/\/i0.wp.com\/coolmarket.ba\/wp-content\/uploads\/2024\/07\/Grijanje-Vodoinstalacije-klimatizacija-2.png?resize=600%2C222&amp;ssl=1 600w, https:\/\/i0.wp.com\/coolmarket.ba\/wp-content\/uploads\/2024\/07\/Grijanje-Vodoinstalacije-klimatizacija-2.png?resize=64%2C24&amp;ssl=1 64w\" sizes=\"(max-width: 1170px) 100vw, 1170px\" \/><\/p>\n<p>&nbsp;<\/p>\n<p><strong>CoolMarket<\/strong> je va\u0161 pouzdani partner za prodaju, ugradnju i odr\u017eavanje klima ure\u0111aja, toplotnih pumpi te sistema za vodu i grijanje. Na\u0161a stru\u010dnost osigurava kvalitetne proizvode i vrhunske usluge kako bi va\u0161 dom ili poslovni prostor bio udoban i funkcionalan. Kontaktirajte nas za sve potrebe vezane za klimatizaciju, grijanje i vodoinstalacije. Dostupni smo na Viber i Whatsapp\u00a0 +387 62 53 53 50<\/p>","protected":false},"excerpt":{"rendered":"<table>\n<tbody>\n<tr class=\"tr_highlight\">\n<td class=\"table_cat_heading\">Naziv serije<\/td>\n<td>Mitsubishi elektri\u010dni standardni pretvara\u010d MSZ-AP VG<\/td>\n<\/tr>\n<tr class=\"tr_highlight\">\n<td class=\"table_cat_heading\">Boja<\/td>\n<td>bijela<\/td>\n<\/tr>\n<tr class=\"tr_highlight\">\n<td class=\"table_cat_heading\">Na\u010dini rada<\/td>\n<td>hla\u0111enje<br \/>\ngrijanje<br \/>\n\u010di\u0161\u0107enje<br \/>\nionizacija<br \/>\nodvla\u017eivanje<br \/>\nventilacija<\/td>\n<\/tr>\n<tr class=\"tr_highlight\">\n<td class=\"table_cat_heading\">Preporu\u010dena povr\u0161ina sobe (m2)<\/td>\n<td>50<\/td>\n<\/tr>\n<tr class=\"tr_highlight\">\n<td class=\"table_cat_heading\">Oznaka klima ure\u0111aja (BTU)<\/td>\n<td>18<\/td>\n<\/tr>\n<tr class=\"tr_highlight\">\n<td class=\"table_cat_heading\">Tip kompresora<\/td>\n<td>inverter<\/td>\n<\/tr>\n<tr class=\"tr_highlight\">\n<td class=\"table_cat_heading\">Radna temperatura hla\u0111enja<\/td>\n<td>-10 \u00b0 C do + 46 \u00b0 C<\/td>\n<\/tr>\n<tr class=\"tr_highlight\">\n<td class=\"table_cat_heading\">Radna temperatura za grijanje zimi<\/td>\n<td>-15 \u00b0 C do + 24 \u00b0 C<\/td>\n<\/tr>\n<\/tbody>\n<\/table>","protected":false},"featured_media":14592,"template":"","meta":{"om_disable_all_campaigns":false,"_monsterinsights_skip_tracking":false,"_monsterinsights_sitenote_active":false,"_monsterinsights_sitenote_note":"","_monsterinsights_sitenote_category":0},"product_cat":[307,305,306,323],"product_tag":[],"class_list":{"0":"post-14963","1":"product","2":"type-product","3":"status-publish","4":"has-post-thumbnail","6":"product_cat-18ke-inverteri","7":"product_cat-grijanje-i-hladenje","8":"product_cat-klima-uredaji","9":"product_cat-mitsubishi","11":"first","12":"onbackorder","13":"taxable","14":"shipping-taxable","15":"product-type-simple"},"aioseo_notices":[],"_links":{"self":[{"href":"https:\/\/coolmarket.ba\/bs\/wp-json\/wp\/v2\/product\/14963","targetHints":{"allow":["GET"]}}],"collection":[{"href":"https:\/\/coolmarket.ba\/bs\/wp-json\/wp\/v2\/product"}],"about":[{"href":"https:\/\/coolmarket.ba\/bs\/wp-json\/wp\/v2\/types\/product"}],"wp:featuredmedia":[{"embeddable":true,"href":"https:\/\/coolmarket.ba\/bs\/wp-json\/wp\/v2\/media\/14592"}],"wp:attachment":[{"href":"https:\/\/coolmarket.ba\/bs\/wp-json\/wp\/v2\/media?parent=14963"}],"wp:term":[{"taxonomy":"product_cat","embeddable":true,"href":"https:\/\/coolmarket.ba\/bs\/wp-json\/wp\/v2\/product_cat?post=14963"},{"taxonomy":"product_tag","embeddable":true,"href":"https:\/\/coolmarket.ba\/bs\/wp-json\/wp\/v2\/product_tag?post=14963"}],"curies":[{"name":"wp","href":"https:\/\/api.w.org\/{rel}","templated":true}]}}