{"id":14956,"date":"2023-03-08T09:38:16","date_gmt":"2023-03-08T09:38:16","guid":{"rendered":"https:\/\/coolmarket.ba\/?post_type=product&#038;p=14956"},"modified":"2024-09-13T11:05:42","modified_gmt":"2024-09-13T11:05:42","slug":"vivax-cool-klima-uredjaj-on-off-acp-09ch25aex-2-5kw-9ka","status":"publish","type":"product","link":"https:\/\/coolmarket.ba\/bs\/proizvod\/vivax-cool-klima-uredjaj-on-off-acp-09ch25aex-2-5kw-9ka\/","title":{"rendered":"VIVAX COOL, klima ure\u0111aj ON\/OFF, ACP-09CH25AEX 2.5kW (9ka)"},"content":{"rendered":"<div class=\"textContainer text\"><strong>VIVAX klima ure\u0111aj ACP-09CH25AEX<\/strong><\/div>\n<div class=\"textContainer text\">\n<ul>\n<li>Visoki stepen iskori\u0161tenja<\/li>\n<li>Samodijagnostika<\/li>\n<li>1W standby<\/li>\n<li>Za\u0161tita ventila vanjske jedinice<\/li>\n<li>Inteligentno otapanje<\/li>\n<li>Ionizer<\/li>\n<li>Indikator istjecanja rashladnog medija<\/li>\n<li>Bio filter<\/li>\n<li>Samo\u010di\u0161\u0107enje<\/li>\n<li>Lako se montira<\/li>\n<li>Lako se odr\u017eava<\/li>\n<li>Lako se \u010disti<\/li>\n<li>Be\u0161umna operacija<\/li>\n<li>Dvosmjerni odvod kondenzata<\/li>\n<li>Digital Display<\/li>\n<\/ul>\n<p><img data-recalc-dims=\"1\" fetchpriority=\"high\" decoding=\"async\" class=\"size-full wp-image-15573 aligncenter\" src=\"https:\/\/i0.wp.com\/coolmarket.ba\/wp-content\/uploads\/2024\/07\/Grijanje-Vodoinstalacije-klimatizacija-2.png?resize=1170%2C433&#038;ssl=1\" alt=\"\" width=\"1170\" height=\"433\" srcset=\"https:\/\/i0.wp.com\/coolmarket.ba\/wp-content\/uploads\/2024\/07\/Grijanje-Vodoinstalacije-klimatizacija-2.png?w=1170&amp;ssl=1 1170w, https:\/\/i0.wp.com\/coolmarket.ba\/wp-content\/uploads\/2024\/07\/Grijanje-Vodoinstalacije-klimatizacija-2.png?resize=300%2C111&amp;ssl=1 300w, https:\/\/i0.wp.com\/coolmarket.ba\/wp-content\/uploads\/2024\/07\/Grijanje-Vodoinstalacije-klimatizacija-2.png?resize=1024%2C379&amp;ssl=1 1024w, https:\/\/i0.wp.com\/coolmarket.ba\/wp-content\/uploads\/2024\/07\/Grijanje-Vodoinstalacije-klimatizacija-2.png?resize=768%2C284&amp;ssl=1 768w, https:\/\/i0.wp.com\/coolmarket.ba\/wp-content\/uploads\/2024\/07\/Grijanje-Vodoinstalacije-klimatizacija-2.png?resize=18%2C7&amp;ssl=1 18w, https:\/\/i0.wp.com\/coolmarket.ba\/wp-content\/uploads\/2024\/07\/Grijanje-Vodoinstalacije-klimatizacija-2.png?resize=600%2C222&amp;ssl=1 600w, https:\/\/i0.wp.com\/coolmarket.ba\/wp-content\/uploads\/2024\/07\/Grijanje-Vodoinstalacije-klimatizacija-2.png?resize=64%2C24&amp;ssl=1 64w\" sizes=\"(max-width: 1170px) 100vw, 1170px\" \/><\/p>\n<p>&nbsp;<\/p>\n<p><strong>CoolMarket<\/strong> je va\u0161 pouzdani partner za prodaju, ugradnju i odr\u017eavanje klima ure\u0111aja, toplotnih pumpi te sistema za vodu i grijanje. Na\u0161a stru\u010dnost osigurava kvalitetne proizvode i vrhunske usluge kako bi va\u0161 dom ili poslovni prostor bio udoban i funkcionalan. Kontaktirajte nas za sve potrebe vezane za klimatizaciju, grijanje i vodoinstalacije. Dostupni smo na Viber i Whatsapp\u00a0 +387 62 53 53 50<\/p>\n<\/div>","protected":false},"excerpt":{"rendered":"<p>Kapacitet hla\u0111enja 2,64 kW;<br \/>\nKapacitet grijanja 2,78 kW;<br \/>\nEko gas R410A;<br \/>\nDisplay;<br \/>\nSamodijagnostika;<br \/>\nZa\u0161tita ventila spolja\u0161nje jedinice;<br \/>\nInteligentno otapanje;<br \/>\nPodru\u010dje rada od -7C do +43C;<br \/>\nGas R410A;<br \/>\nEER koeficijent 3,21;<br \/>\nCOP koeficijent 3,61;<br \/>\nEnergetska klasa: -hla\u0111enje A\/grijanje A<\/p>","protected":false},"featured_media":14571,"template":"","meta":{"om_disable_all_campaigns":false,"_monsterinsights_skip_tracking":false,"_monsterinsights_sitenote_active":false,"_monsterinsights_sitenote_note":"","_monsterinsights_sitenote_category":0},"product_cat":[347,305,349,306,348],"product_tag":[309,330,350,331,337,311,351,352,327,312,328,353,354,355,356,357,358,359,360,361,362],"class_list":{"0":"post-14956","1":"product","2":"type-product","3":"status-publish","4":"has-post-thumbnail","6":"product_cat-9ke-klime","7":"product_cat-grijanje-i-hladenje","8":"product_cat-klima-on-off","9":"product_cat-klima-uredaji","10":"product_cat-klima-uredaji-klima-uredaji","11":"product_tag-montaza-klima","12":"product_tag-montaza-klima-uredjaja","13":"product_tag-montaza-klima-zenica","14":"product_tag-prodaja-bijele-tehnike","15":"product_tag-prodaja-klima","16":"product_tag-prodaja-klima-uredaja","17":"product_tag-prodaja-klima-uredaja-zenica","18":"product_tag-prodaja-klima-zenica","19":"product_tag-servis-klima","20":"product_tag-servis-klima-uredaja","21":"product_tag-ugradnja-klima","22":"product_tag-ugradnja-klima-zenica","23":"product_tag-vivax-9ka","24":"product_tag-vivax-bih","25":"product_tag-vivax-cool","26":"product_tag-vivax-klima","27":"product_tag-vivax-klima-2-5kw","28":"product_tag-vivax-klime","29":"product_tag-vivax-on-off","30":"product_tag-vivax-on-off-klima-uredaj","31":"product_tag-vivax-zenica","33":"first","34":"outofstock","35":"taxable","36":"shipping-taxable","37":"product-type-simple"},"aioseo_notices":[],"_links":{"self":[{"href":"https:\/\/coolmarket.ba\/bs\/wp-json\/wp\/v2\/product\/14956","targetHints":{"allow":["GET"]}}],"collection":[{"href":"https:\/\/coolmarket.ba\/bs\/wp-json\/wp\/v2\/product"}],"about":[{"href":"https:\/\/coolmarket.ba\/bs\/wp-json\/wp\/v2\/types\/product"}],"wp:featuredmedia":[{"embeddable":true,"href":"https:\/\/coolmarket.ba\/bs\/wp-json\/wp\/v2\/media\/14571"}],"wp:attachment":[{"href":"https:\/\/coolmarket.ba\/bs\/wp-json\/wp\/v2\/media?parent=14956"}],"wp:term":[{"taxonomy":"product_cat","embeddable":true,"href":"https:\/\/coolmarket.ba\/bs\/wp-json\/wp\/v2\/product_cat?post=14956"},{"taxonomy":"product_tag","embeddable":true,"href":"https:\/\/coolmarket.ba\/bs\/wp-json\/wp\/v2\/product_tag?post=14956"}],"curies":[{"name":"wp","href":"https:\/\/api.w.org\/{rel}","templated":true}]}}