{"id":14955,"date":"2023-03-08T09:38:15","date_gmt":"2023-03-08T09:38:15","guid":{"rendered":"https:\/\/coolmarket.ba\/?post_type=product&#038;p=14955"},"modified":"2024-09-13T11:07:54","modified_gmt":"2024-09-13T11:07:54","slug":"mitsubishi-klima-inverter-msz-wn35va-12ka","status":"publish","type":"product","link":"https:\/\/coolmarket.ba\/bs\/proizvod\/mitsubishi-klima-inverter-msz-wn35va-12ka\/","title":{"rendered":"Mitsubishi klima INVERTER MSZ-WN35VA 12ka"},"content":{"rendered":"<h2>Mitsubishi klima INVERTER MSZ-WN35VA 12ka<\/h2>\n<p>Mitsubishi klima ure\u0111aji su poznati u cijelom svijetu kao ure\u0111aji vrhunskih karakteristika, dugog radnog vijeka i izuzetno visoke energetske efikasnosti. Ove klima ure\u0111aje karakteri\u0161e moderan dizajn, tehnolo\u0161ke inovacije, napredna inverterska tehnologija, a spadaju me\u0111u naj\u0161tedljivije i najti\u0161e na na\u0161em tr\u017ei\u0161tu. Mitsubishi klima ure\u0111aji predvi\u0111eni su za postavljanje u \u017eivotne ili radne prostore, mogu se uklopiti u svaki interijer i ispuniti gotovo sve zahtjeve za hla\u0111enjem i grijanjem u prelaznim periodima. Na kompleksnije zahtjeve investitora odgovara Mitsubishi kazetna jedinica \u010dija ugradnja u strop \u0161tedi na prostoru, ne umanjuje vizuelni dojam prostora, a rje\u0161ava potrebe grijanja i hla\u0111enja.<\/p>\n<h5>VISOKA ENERGETSKA EFIKASNOST U SVAKOM TRENUTKU<\/h5>\n<p>Stalnim razvojem i usavr\u0161avanjem stvoreni su ure\u0111aji najvi\u0161eg stepena efikasnosti koji postavljaju nove tehni\u010dke standarde. Dozvolite nam da vam predlo\u017eimo hla\u0111enje po va\u0161oj mjeri!<\/p>\n<h5>AKTIVNA OBRADA ZRAKA KOJEG UDI\u0160ETE<\/h5>\n<p>Dok je u fukciji, klima ure\u0111aj pre\u010di\u0161\u0107ava zrak koji udi\u0161u sve osobe u prostoru. Aktivni filterski sistemi omogu\u0107avaju da se iz zraka uklone ne\u010disto\u0107e, bakterije i virusi, te vam osiguraju potpun komfor i ugodu.<\/p>\n<div class=\"tx-row\">\n<div class=\"tx-column tx-column-size-1-2\">\n<p>Inverterska tehnologija<\/p>\n<p><strong>Inverterski kompresor glavna je karakteristika svakog modela <\/strong><strong>Mitsubishi Electric klime.<\/strong> Mogu\u0107nost trenutnog prilago\u0111avanja zahtjevima korisnika osigurat \u0107e najni\u017ei utro\u0161ak energije i samim time optimizirati re\u017eijske tro\u0161kove.<\/p>\n<div class=\"tx-column tx-column-size-1-2\">\n<p>\u0160ire radno podru\u010dje u re\u017eimu grijanja<\/p>\n<p><strong>Pro\u0161irenje radnog podru\u010dja u re\u017eimu grijanja. <\/strong>rezultiralo je time da ovi modeli zadovoljavaju \u0161ire podru\u010dje kori\u0161tenja i primjene od predhodnih modela..<\/p>\n<p>Wi-Fi i kontrola preko sistema<\/p>\n<p><strong>Dodatni Wi-Fi interface omogu\u0107ava korisnicima kontrolu klima ure\u0111aja<\/strong> i provjeru radnog statusa preko ure\u0111aja kao \u0161to su personali ra\u010dunari, tableti i smartphone ure\u0111aji.<\/p>\n<p><img data-recalc-dims=\"1\" decoding=\"async\" src=\"https:\/\/i0.wp.com\/www.luk.ba\/wp-content\/uploads\/2017\/05\/wn_karakteristike.jpg?w=1300&#038;ssl=1\" \/><\/p>\n<\/div>\n<div class=\"tx-column tx-column-size-1-2\">\n<p><img data-recalc-dims=\"1\" fetchpriority=\"high\" decoding=\"async\" class=\"size-full wp-image-15573 aligncenter\" src=\"https:\/\/i0.wp.com\/coolmarket.ba\/wp-content\/uploads\/2024\/07\/Grijanje-Vodoinstalacije-klimatizacija-2.png?resize=1170%2C433&#038;ssl=1\" alt=\"\" width=\"1170\" height=\"433\" srcset=\"https:\/\/i0.wp.com\/coolmarket.ba\/wp-content\/uploads\/2024\/07\/Grijanje-Vodoinstalacije-klimatizacija-2.png?w=1170&amp;ssl=1 1170w, https:\/\/i0.wp.com\/coolmarket.ba\/wp-content\/uploads\/2024\/07\/Grijanje-Vodoinstalacije-klimatizacija-2.png?resize=300%2C111&amp;ssl=1 300w, https:\/\/i0.wp.com\/coolmarket.ba\/wp-content\/uploads\/2024\/07\/Grijanje-Vodoinstalacije-klimatizacija-2.png?resize=1024%2C379&amp;ssl=1 1024w, https:\/\/i0.wp.com\/coolmarket.ba\/wp-content\/uploads\/2024\/07\/Grijanje-Vodoinstalacije-klimatizacija-2.png?resize=768%2C284&amp;ssl=1 768w, https:\/\/i0.wp.com\/coolmarket.ba\/wp-content\/uploads\/2024\/07\/Grijanje-Vodoinstalacije-klimatizacija-2.png?resize=18%2C7&amp;ssl=1 18w, https:\/\/i0.wp.com\/coolmarket.ba\/wp-content\/uploads\/2024\/07\/Grijanje-Vodoinstalacije-klimatizacija-2.png?resize=600%2C222&amp;ssl=1 600w, https:\/\/i0.wp.com\/coolmarket.ba\/wp-content\/uploads\/2024\/07\/Grijanje-Vodoinstalacije-klimatizacija-2.png?resize=64%2C24&amp;ssl=1 64w\" sizes=\"(max-width: 1170px) 100vw, 1170px\" \/><\/p>\n<p>&nbsp;<\/p>\n<p><strong>CoolMarket<\/strong> je va\u0161 pouzdani partner za prodaju, ugradnju i odr\u017eavanje klima ure\u0111aja, toplotnih pumpi te sistema za vodu i grijanje. Na\u0161a stru\u010dnost osigurava kvalitetne proizvode i vrhunske usluge kako bi va\u0161 dom ili poslovni prostor bio udoban i funkcionalan. Kontaktirajte nas za sve potrebe vezane za klimatizaciju, grijanje i vodoinstalacije. Dostupni smo na Viber i Whatsapp\u00a0 +387 62 53 53 50<\/p>\n<\/div>\n<\/div>\n<\/div>","protected":false},"excerpt":{"rendered":"<div>\n<h5>Predstavljamo elegantnu unutarnju jedinicu sa filterom za pre\u010di\u0161\u0107avanje zraka visokih performansi, te re\u017eimom grijanja do -15\u00b0C.<\/h5>\n<table width=\"100%\">\n<tbody>\n<tr>\n<td colspan=\"2\">\n<h2><strong>PODRU\u010cJE<\/strong><\/h2>\n<h2><strong>RADA<\/strong><\/h2>\n<h2><\/h2>\n<\/td>\n<td colspan=\"2\">\n<h2><strong>ENERGETSKA<\/strong><\/h2>\n<h2><strong>EFIKASNOST<\/strong><\/h2>\n<\/td>\n<\/tr>\n<tr>\n<td rowspan=\"2\"><img decoding=\"async\" class=\"size-full wp-image-1275 aligncenter\" src=\"https:\/\/www.luk.ba\/wp-content\/uploads\/2016\/04\/HLADNO-2-e1467618092310.jpg\" alt=\"HLADNO\" width=\"50\" height=\"50\" \/>od -10\u00b0C do +46\u00b0C<\/td>\n<td rowspan=\"2\"><img decoding=\"async\" class=\"size-full wp-image-1273 aligncenter\" src=\"https:\/\/www.luk.ba\/wp-content\/uploads\/2016\/04\/TOPLO.jpg\" alt=\"TOPLO\" width=\"50\" height=\"50\" \/>od -15\u00b0C do +24\u00b0C<\/td>\n<td rowspan=\"1\">\n<h5>SEER<\/h5>\n<\/td>\n<td rowspan=\"1\">\n<h5>SCOP<\/h5>\n<\/td>\n<\/tr>\n<tr>\n<td rowspan=\"1\">\n<h6><strong>6,2<\/strong>\u00a0A++<\/h6>\n<\/td>\n<td rowspan=\"1\">\n<h6><strong>5,0<\/strong>\u00a0A+<\/h6>\n<\/td>\n<\/tr>\n<\/tbody>\n<\/table>\n<p><strong>SEER<\/strong> (sezonska energetska u\u010dinkovitost) <strong>SCOP<\/strong> (sezonalni koeficijent u\u010dinkovitosti) <strong>NAPREDNA INVERTERSKA KONTROLA\u00a0<\/strong>Inverterska tehnologija omogu\u0107ava automatsko pode\u0161avanje \u010dime se smanjuje potro\u0161nja elektri\u010dne energije. Zahvaljuju\u0107i tome ova klima spada u visoki A+ energetski raspored. <b>Wi-Fi KONTROLA PREKO SISTEMA<\/b><strong>\u00a0<\/strong>Upravljanje klima ure\u0111ajem uz pomo\u0107 ra\u010dunara, tableta ili smartphona. Interfejs sistemske kontrole preko ulaznog konektora. <strong>SREBRO-IONIZIRANI FILTER\u00a0<\/strong>Filter visokih performansi je sastavni dio ure\u0111aja. Neutrali\u0161e bakterije, pelud i druge alergene u zraku.<\/p>\n<\/div>\n<div class=\"woocommerce-variation-add-to-cart variations_button woocommerce-variation-add-to-cart-disabled\">\n<div class=\"quantity\"><\/div>\n<\/div>","protected":false},"featured_media":14562,"template":"","meta":{"om_disable_all_campaigns":false,"_monsterinsights_skip_tracking":false,"_monsterinsights_sitenote_active":false,"_monsterinsights_sitenote_note":"","_monsterinsights_sitenote_category":0},"product_cat":[335,305,306,323],"product_tag":[342,330,331,311,312],"class_list":{"0":"post-14955","1":"product","2":"type-product","3":"status-publish","4":"has-post-thumbnail","6":"product_cat-12ke-inverteri","7":"product_cat-grijanje-i-hladenje","8":"product_cat-klima-uredaji","9":"product_cat-mitsubishi","10":"product_tag-mitsubishu-klime","11":"product_tag-montaza-klima-uredjaja","12":"product_tag-prodaja-bijele-tehnike","13":"product_tag-prodaja-klima-uredaja","14":"product_tag-servis-klima-uredaja","16":"first","17":"onbackorder","18":"taxable","19":"shipping-taxable","20":"product-type-simple"},"aioseo_notices":[],"_links":{"self":[{"href":"https:\/\/coolmarket.ba\/bs\/wp-json\/wp\/v2\/product\/14955","targetHints":{"allow":["GET"]}}],"collection":[{"href":"https:\/\/coolmarket.ba\/bs\/wp-json\/wp\/v2\/product"}],"about":[{"href":"https:\/\/coolmarket.ba\/bs\/wp-json\/wp\/v2\/types\/product"}],"wp:featuredmedia":[{"embeddable":true,"href":"https:\/\/coolmarket.ba\/bs\/wp-json\/wp\/v2\/media\/14562"}],"wp:attachment":[{"href":"https:\/\/coolmarket.ba\/bs\/wp-json\/wp\/v2\/media?parent=14955"}],"wp:term":[{"taxonomy":"product_cat","embeddable":true,"href":"https:\/\/coolmarket.ba\/bs\/wp-json\/wp\/v2\/product_cat?post=14955"},{"taxonomy":"product_tag","embeddable":true,"href":"https:\/\/coolmarket.ba\/bs\/wp-json\/wp\/v2\/product_tag?post=14955"}],"curies":[{"name":"wp","href":"https:\/\/api.w.org\/{rel}","templated":true}]}}