{"id":14950,"date":"2023-03-08T09:38:15","date_gmt":"2023-03-08T09:38:15","guid":{"rendered":"https:\/\/coolmarket.ba\/?post_type=product&#038;p=14950"},"modified":"2024-09-13T11:06:52","modified_gmt":"2024-09-13T11:06:52","slug":"mitsubishi-klima-inverter-msz-fh35ve-3-5kw-12ka","status":"publish","type":"product","link":"https:\/\/coolmarket.ba\/bs\/proizvod\/mitsubishi-klima-inverter-msz-fh35ve-3-5kw-12ka\/","title":{"rendered":"Mitsubishi klima INVERTER MSZ-FH35VE 3.5kW 12ka"},"content":{"rendered":"<h2>Mitsubishi klima INVERTER MSZ-FH35VE 12ka<\/h2>\n<h5>VISOKA ENERGETSKA EFIKASNOST U SVAKOM TRENUTKU<\/h5>\n<p>Stalnim razvojem i usavr\u0161avanjem stvoreni su Mitsubishi klima ure\u0111aji najvi\u0161eg stepena efikasnosti koji postavljaju nove tehni\u010dke standarde. Dozvolite nam da vam predlo\u017eimo hla\u0111enje po va\u0161oj mjeri!<\/p>\n<div class=\"tx-row\">\n<div class=\"tx-column tx-column-size-1-2\">\n<p>Inverterska tehnologija<\/p>\n<p><strong>Inverterski kompresor glavna je karakteristika svakog modela <\/strong><strong>Mitsubishi Electric klime.<\/strong> Mogu\u0107nost trenutnog prilago\u0111avanja zahtjevima korisnika osigurat \u0107e najni\u017ei utro\u0161ak energije i samim time optimizirati re\u017eijske tro\u0161kove.<\/p>\n<p>\u201cI \u2013 see\u201d senzor<\/p>\n<p><strong>Kontrolira temperaturne razlike u prostoriji tako da je podijeli <\/strong><strong>u 752 zone, te o\u010ditava temperaturu pri podu.<\/strong> Na taj se na\u010din osigurava optimalna potro\u0161nja energije u svakom re\u017eimu rada. U slu\u010daju da u prostoriji ne borave osobe, ure\u0111aj se prebacuje u re\u017eim u\u0161tede energije, te po povratku prve osobe u prostor vra\u0107a na zadane postavke.<\/p>\n<p>DC rotacijski kompresor<\/p>\n<p><strong>S pravom japanska tehnologija slovi za svjetskog lidera!<\/strong> U sklopu evropske regulative o sezonskoj potro\u0161nji klima ure\u0111aja, modeli japanskog proizvo\u0111a\u010d Mitsubishi klima a postavljaju standarde u rekordno niskoj potro\u0161nji elektri\u010dne energije kojoj trenutno ne mo\u017ee konkurirati niti jedan proizvo\u0111a\u010d klimatizacijskih ure\u0111aja.<\/p>\n<\/div>\n<div class=\"tx-column tx-column-size-1-2\">\n<h5>AKTIVNA OBRADA ZRAKA KOJEG UDI\u0160ETE<\/h5>\n<p>Dok je u funkciji, klima ure\u0111aj pre\u010di\u0161\u0107ava zrak koji udi\u0161u sve osobe u prostoru. Aktivni filterski sistemi omogu\u0107avaju da se iz zraka uklone ne\u010disto\u0107e, bakterije i virusi, te vam osiguraju potpun komfor i ugodu.<\/p>\n<div class=\"tx-row\">\n<div class=\"tx-column tx-column-size-1-3\">\n<p>MELCloud<\/p>\n<p>MELCloud omogu\u0107uje upravljanje va\u0161im klima ure\u0111ajima putem pametnih telefona, tableta ili kompjutera. Povezivanje se vr\u0161i preko WiFi mre\u017ee, odnosno opcionalnog modula MAC-557IF-E.<\/p>\n<\/div>\n<div class=\"tx-column tx-column-size-1-3\">\n<p>Plasma filter<\/p>\n<p>Snaga stati\u010dkog elektriciteta i plasma proizvedena u elektrodnoj jedinici hvataju bakterije, pelud i ostale alergene iz zraka, koji se tada neutraliziraju enzimom u samom filteru.<\/p>\n<\/div>\n<div class=\"tx-column tx-column-size-1-3\">\n<p>Econo Cool<\/p>\n<p>Aktivacijom \u2018Econo Cool\u2019 funkcije, prilago\u0111ava se zra\u010dna struja tako da se kod<br \/>\nsni\u017eenja temperature za 2\u00b0C ne gubi osje\u0107aj ugode, a ostvaruje se 20% u\u0161tede<br \/>\nu potro\u0161nji elektri\u010dne energije.<\/p>\n<p><img data-recalc-dims=\"1\" fetchpriority=\"high\" decoding=\"async\" class=\"size-full wp-image-15573 aligncenter\" src=\"https:\/\/i0.wp.com\/coolmarket.ba\/wp-content\/uploads\/2024\/07\/Grijanje-Vodoinstalacije-klimatizacija-2.png?resize=1170%2C433&#038;ssl=1\" alt=\"\" width=\"1170\" height=\"433\" srcset=\"https:\/\/i0.wp.com\/coolmarket.ba\/wp-content\/uploads\/2024\/07\/Grijanje-Vodoinstalacije-klimatizacija-2.png?w=1170&amp;ssl=1 1170w, https:\/\/i0.wp.com\/coolmarket.ba\/wp-content\/uploads\/2024\/07\/Grijanje-Vodoinstalacije-klimatizacija-2.png?resize=300%2C111&amp;ssl=1 300w, https:\/\/i0.wp.com\/coolmarket.ba\/wp-content\/uploads\/2024\/07\/Grijanje-Vodoinstalacije-klimatizacija-2.png?resize=1024%2C379&amp;ssl=1 1024w, https:\/\/i0.wp.com\/coolmarket.ba\/wp-content\/uploads\/2024\/07\/Grijanje-Vodoinstalacije-klimatizacija-2.png?resize=768%2C284&amp;ssl=1 768w, https:\/\/i0.wp.com\/coolmarket.ba\/wp-content\/uploads\/2024\/07\/Grijanje-Vodoinstalacije-klimatizacija-2.png?resize=18%2C7&amp;ssl=1 18w, https:\/\/i0.wp.com\/coolmarket.ba\/wp-content\/uploads\/2024\/07\/Grijanje-Vodoinstalacije-klimatizacija-2.png?resize=600%2C222&amp;ssl=1 600w, https:\/\/i0.wp.com\/coolmarket.ba\/wp-content\/uploads\/2024\/07\/Grijanje-Vodoinstalacije-klimatizacija-2.png?resize=64%2C24&amp;ssl=1 64w\" sizes=\"(max-width: 1170px) 100vw, 1170px\" \/><\/p>\n<p>&nbsp;<\/p>\n<p><strong>CoolMarket<\/strong> je va\u0161 pouzdani partner za prodaju, ugradnju i odr\u017eavanje klima ure\u0111aja, toplotnih pumpi te sistema za vodu i grijanje. Na\u0161a stru\u010dnost osigurava kvalitetne proizvode i vrhunske usluge kako bi va\u0161 dom ili poslovni prostor bio udoban i funkcionalan. Kontaktirajte nas za sve potrebe vezane za klimatizaciju, grijanje i vodoinstalacije. Dostupni smo na Viber i Whatsapp\u00a0 +387 62 53 53 50<\/p>\n<\/div>\n<\/div>\n<\/div>\n<\/div>","protected":false},"excerpt":{"rendered":"<h5>Top model u Mitsubishijevoj paleti referentni je ure\u0111aj za mnoge proizvo\u0111a\u010de. Novi model naprosto pr\u0161ti inovacijama koje \u0107e vas zadiviti ve\u0107 na prvi pogled, a dovoljno je spomenuti kako je rije\u010d o prvom klima ure\u0111aju koji je u\u0161ao u najvi\u0161i energetski razred (A+++\/A+++).<\/h5>\n<table width=\"100%\">\n<tbody>\n<tr>\n<td colspan=\"2\">\n<h2><strong>PODRU\u010cJE<\/strong><\/h2>\n<h2><strong>RADA<\/strong><\/h2>\n<h2><\/h2>\n<\/td>\n<td colspan=\"2\">\n<h2><strong>ENERGETSKA<\/strong><\/h2>\n<h2><strong>EFIKASNOST<\/strong><\/h2>\n<\/td>\n<\/tr>\n<tr>\n<td rowspan=\"2\"><img decoding=\"async\" class=\"size-full wp-image-1275 aligncenter\" src=\"https:\/\/www.luk.ba\/wp-content\/uploads\/2016\/04\/HLADNO-2-e1467618092310.jpg\" alt=\"HLADNO\" width=\"50\" height=\"50\" \/>od -10\u00b0C do +46\u00b0C<\/td>\n<td rowspan=\"2\"><img decoding=\"async\" class=\"size-full wp-image-1273 aligncenter\" src=\"https:\/\/www.luk.ba\/wp-content\/uploads\/2016\/04\/TOPLO.jpg\" alt=\"TOPLO\" width=\"50\" height=\"50\" \/>od -15\u00b0C do +24\u00b0C<\/td>\n<td rowspan=\"1\">\n<h5>SEER<\/h5>\n<\/td>\n<td rowspan=\"1\">\n<h5>SCOP<\/h5>\n<\/td>\n<\/tr>\n<tr>\n<td rowspan=\"1\">\n<h6><strong>9,1<\/strong>\u00a0A+++<\/h6>\n<\/td>\n<td rowspan=\"1\">\n<h6><strong>5,1<\/strong>\u00a0A+++<\/h6>\n<\/td>\n<\/tr>\n<\/tbody>\n<\/table>\n<p><strong>SEER<\/strong> (sezonska energetska u\u010dinkovitost) <strong>SCOP<\/strong> (sezonalni koeficijent u\u010dinkovitosti) <strong>PLASMA QUAD FILTER<\/strong> Nova generacija plasma filtera postavlja nove standarde u filtraciji i zaustavljanju bakterija, peludi i ostalih alergena iz zraka u prostoriji. <strong>3D \u201cI \u2013 SEE\u201d SENZOR<\/strong> Kontrola temperature u prostoriji unutar 752 zone te konstantno prilago\u0111avanje uvjetima rada. Prepoznaje odsutnost osoba, te automatski prelazi u re\u017eim u\u0161tede energije <strong>DVOSTRUKI ISPUH<\/strong>\u00a0\u010cetverostruke lamele ispuha omogu\u0107uju zavidne mogu\u0107nosti usmjeravanja zraka. Mogu\u0107e je pode\u0161avanje ispuha na dvije razine prostora (npr. prizemlje i galerija) <strong>\u017dI\u010cANI DALJINSKI (OPCIJA)<\/strong> Modele FH je mogu\u0107e spojiti na \u017ei\u010dani daljinski upravlja\u010d uz pomo\u0107 ure\u0111aja MAC-397IF-E (dodatna oprema). Mogu\u0107nost On-Off kontakta bez dodatnog su\u010delja Prilikom odabira klima ure\u0111aja koji \u0107ete koristiti za grijanje najva\u017eniji kriterij je energetski razred u grijanju, odnosno SCOP (Seasonal Coefficient of Performance) koeficijent koji pokazuje koliko kW toplinske energije klima ure\u0111aj daje za svaki kW utro\u0161ene elektri\u010dne energije.<\/p>\n<table class=\"variations\" cellspacing=\"0\">\n<tbody>\n<tr>\n<td class=\"label\"><\/td>\n<td class=\"value\"><\/td>\n<\/tr>\n<\/tbody>\n<\/table>\n<table class=\"variations\" cellspacing=\"0\">\n<tbody>\n<tr>\n<td class=\"value\"><\/td>\n<\/tr>\n<\/tbody>\n<\/table>","protected":false},"featured_media":14536,"template":"","meta":{"om_disable_all_campaigns":false,"_monsterinsights_skip_tracking":false,"_monsterinsights_sitenote_active":false,"_monsterinsights_sitenote_note":"","_monsterinsights_sitenote_category":0},"product_cat":[335,305,306,323],"product_tag":[342,330,331,311,312],"class_list":{"0":"post-14950","1":"product","2":"type-product","3":"status-publish","4":"has-post-thumbnail","6":"product_cat-12ke-inverteri","7":"product_cat-grijanje-i-hladenje","8":"product_cat-klima-uredaji","9":"product_cat-mitsubishi","10":"product_tag-mitsubishu-klime","11":"product_tag-montaza-klima-uredjaja","12":"product_tag-prodaja-bijele-tehnike","13":"product_tag-prodaja-klima-uredaja","14":"product_tag-servis-klima-uredaja","16":"first","17":"onbackorder","18":"taxable","19":"shipping-taxable","20":"product-type-simple"},"aioseo_notices":[],"_links":{"self":[{"href":"https:\/\/coolmarket.ba\/bs\/wp-json\/wp\/v2\/product\/14950","targetHints":{"allow":["GET"]}}],"collection":[{"href":"https:\/\/coolmarket.ba\/bs\/wp-json\/wp\/v2\/product"}],"about":[{"href":"https:\/\/coolmarket.ba\/bs\/wp-json\/wp\/v2\/types\/product"}],"wp:featuredmedia":[{"embeddable":true,"href":"https:\/\/coolmarket.ba\/bs\/wp-json\/wp\/v2\/media\/14536"}],"wp:attachment":[{"href":"https:\/\/coolmarket.ba\/bs\/wp-json\/wp\/v2\/media?parent=14950"}],"wp:term":[{"taxonomy":"product_cat","embeddable":true,"href":"https:\/\/coolmarket.ba\/bs\/wp-json\/wp\/v2\/product_cat?post=14950"},{"taxonomy":"product_tag","embeddable":true,"href":"https:\/\/coolmarket.ba\/bs\/wp-json\/wp\/v2\/product_tag?post=14950"}],"curies":[{"name":"wp","href":"https:\/\/api.w.org\/{rel}","templated":true}]}}