{"id":14943,"date":"2023-03-08T09:38:10","date_gmt":"2023-03-08T09:38:10","guid":{"rendered":"https:\/\/coolmarket.ba\/?post_type=product&#038;p=14943"},"modified":"2024-09-13T11:09:54","modified_gmt":"2024-09-13T11:09:54","slug":"mitsubishi-klima-inverter-msz-ln50vg-5kw-18ka","status":"publish","type":"product","link":"https:\/\/coolmarket.ba\/bs\/proizvod\/mitsubishi-klima-inverter-msz-ln50vg-5kw-18ka\/","title":{"rendered":"Mitsubishi klima INVERTER MSZ-LN50VG 5kW (18ka)"},"content":{"rendered":"<h2>Mitsubishi klima INVERTER MSZ-LN50VG\/HZ 18ka<\/h2>\n<p>Mitsubishi klima ure\u0111aji su poznati u cijelom svijetu kao ure\u0111aji vrhunskih karakteristika, dugog radnog vijeka i izuzetno visoke energetske efikasnosti. Ove klima ure\u0111aje karakteri\u0161e moderan dizajn, tehnolo\u0161ke inovacije, napredna inverterska tehnologija, a spadaju me\u0111u naj\u0161tedljivije i najti\u0161e na na\u0161em tr\u017ei\u0161tu. Mitsubishi klima ure\u0111aji predvi\u0111eni su za postavljanje u \u017eivotne ili radne prostore, mogu se uklopiti u svaki interijer i ispuniti gotovo sve zahtjeve za hla\u0111enjem i grijanjem u prelaznim periodima. Na kompleksnije zahtjeve investitora odgovara Mitsubishi kazetna jedinica \u010dija ugradnja u strop \u0161tedi na prostoru, ne umanjuje vizuelni dojam prostora, a rje\u0161ava potrebe grijanja i hla\u0111enja.<\/p>\n<h5>VISOKA ENERGETSKA EFIKASNOST U SVAKOM TRENUTKU<\/h5>\n<p>Stalnim razvojem i usavr\u0161avanjem stvoreni su ure\u0111aji najvi\u0161eg stepena efikasnosti koji postavljaju nove tehni\u010dke standarde. Dozvolite nam da vam predlo\u017eimo hla\u0111enje po va\u0161oj mjeri!<\/p>\n<div class=\"tx-row\">\n<div class=\"tx-column tx-column-size-1-2\">\n<p>Inverterska tehnologija<\/p>\n<p><strong>Inverterski kompresor glavna je karakteristika svakog modela <\/strong><strong>Mitsubishi Electric klime.<\/strong> Mogu\u0107nost trenutnog prilago\u0111avanja zahtjevima korisnika osigurat \u0107e najni\u017ei utro\u0161ak energije i samim time optimizirati re\u017eijske tro\u0161kove.<\/p>\n<p>\u201cI \u2013 see\u201d senzor<\/p>\n<p><strong>Kontrolira temperaturne razlike u prostoriji tako da je podijeli <\/strong><strong>u 752 zone, te o\u010ditava temperaturu pri podu.<\/strong> Na taj se na\u010din osigurava optimalna potro\u0161nja energije u svakom re\u017eimu rada. U slu\u010daju da u prostoriji ne borave osobe, ure\u0111aj se prebacuje u re\u017eim u\u0161tede energije, te po povratku prve osobe u prostor vra\u0107a na zadane postavke.<\/p>\n<p>DC rotacijski kompresor<\/p>\n<p><strong>S pravom japanska tehnologija slovi za svjetskog lidera!<\/strong> U sklopu evropske regulative o sezonskoj potro\u0161nji klima ure\u0111aja, modeli japanskog proizvo\u0111a\u010da postavljaju standarde u rekordno niskoj potro\u0161nji elektri\u010dne energije kojoj trenutno ne mo\u017ee konkurirati niti jedan proizvo\u0111a\u010d klimatizacijskih ure\u0111aja.<\/p>\n<\/div>\n<div class=\"tx-column tx-column-size-1-2\">\n<h5>AKTIVNA OBRADA ZRAKA KOJEG UDI\u0160ETE<\/h5>\n<p>Dok je u funkciji, klima ure\u0111aj pre\u010di\u0161\u0107ava zrak koji udi\u0161u sve osobe u prostoru. Aktivni filterski sistemi omogu\u0107avaju da se iz zraka uklone ne\u010disto\u0107e, bakterije i virusi, te vam osiguraju potpun komfor i ugodu.<\/p>\n<div class=\"tx-row\">\n<div class=\"tx-column tx-column-size-1-3\">\n<p>MELCloud<\/p>\n<p>MELCloud omogu\u0107uje upravljanje va\u0161im klima ure\u0111ajima putem pametnih telefona, tableta ili kompjutera. Povezivanje se vr\u0161i preko WiFi mre\u017ee, odnosno opcionalnog modula MAC-557IF-E.<\/p>\n<\/div>\n<div class=\"tx-column tx-column-size-1-3\">\n<p>Plasma filter<\/p>\n<p>Snaga stati\u010dkog elektriciteta i plasma proizvedena u elektrodnoj jedinici hvataju bakterije, pelud i ostale alergene iz zraka, koji se tada neutraliziraju enzimom u samom filteru.<\/p>\n<\/div>\n<div class=\"tx-column tx-column-size-1-3\">\n<p>Econo Cool<\/p>\n<p>Aktivacijom \u2018Econo Cool\u2019 funkcije, prilago\u0111ava se zra\u010dna struja tako da se kod<br \/>\nsni\u017eenja temperature za 2\u00b0C ne gubi osje\u0107aj ugode, a ostvaruje se 20% u\u0161tede<br \/>\nu potro\u0161nji elektri\u010dne energije.<\/p>\n<p><img data-recalc-dims=\"1\" fetchpriority=\"high\" decoding=\"async\" class=\"size-full wp-image-15573 aligncenter\" src=\"https:\/\/i0.wp.com\/coolmarket.ba\/wp-content\/uploads\/2024\/07\/Grijanje-Vodoinstalacije-klimatizacija-2.png?resize=1170%2C433&#038;ssl=1\" alt=\"\" width=\"1170\" height=\"433\" srcset=\"https:\/\/i0.wp.com\/coolmarket.ba\/wp-content\/uploads\/2024\/07\/Grijanje-Vodoinstalacije-klimatizacija-2.png?w=1170&amp;ssl=1 1170w, https:\/\/i0.wp.com\/coolmarket.ba\/wp-content\/uploads\/2024\/07\/Grijanje-Vodoinstalacije-klimatizacija-2.png?resize=300%2C111&amp;ssl=1 300w, https:\/\/i0.wp.com\/coolmarket.ba\/wp-content\/uploads\/2024\/07\/Grijanje-Vodoinstalacije-klimatizacija-2.png?resize=1024%2C379&amp;ssl=1 1024w, https:\/\/i0.wp.com\/coolmarket.ba\/wp-content\/uploads\/2024\/07\/Grijanje-Vodoinstalacije-klimatizacija-2.png?resize=768%2C284&amp;ssl=1 768w, https:\/\/i0.wp.com\/coolmarket.ba\/wp-content\/uploads\/2024\/07\/Grijanje-Vodoinstalacije-klimatizacija-2.png?resize=18%2C7&amp;ssl=1 18w, https:\/\/i0.wp.com\/coolmarket.ba\/wp-content\/uploads\/2024\/07\/Grijanje-Vodoinstalacije-klimatizacija-2.png?resize=600%2C222&amp;ssl=1 600w, https:\/\/i0.wp.com\/coolmarket.ba\/wp-content\/uploads\/2024\/07\/Grijanje-Vodoinstalacije-klimatizacija-2.png?resize=64%2C24&amp;ssl=1 64w\" sizes=\"(max-width: 1170px) 100vw, 1170px\" \/><\/p>\n<p>&nbsp;<\/p>\n<p><strong>CoolMarket<\/strong> je va\u0161 pouzdani partner za prodaju, ugradnju i odr\u017eavanje klima ure\u0111aja, toplotnih pumpi te sistema za vodu i grijanje. Na\u0161a stru\u010dnost osigurava kvalitetne proizvode i vrhunske usluge kako bi va\u0161 dom ili poslovni prostor bio udoban i funkcionalan. Kontaktirajte nas za sve potrebe vezane za klimatizaciju, grijanje i vodoinstalacije. Dostupni smo na Viber i Whatsapp\u00a0 +387 62 53 53 50<\/p>\n<\/div>\n<\/div>\n<\/div>\n<\/div>","protected":false},"excerpt":{"rendered":"<div>\n<h5>Vrhunski dizajn u tri boje\u00a0je pravi ure\u0111aj za hla\u0111enje i grijanje, koji \u0107e vam pored ugodnog boravka u prostoriji koja se grije\u00a0 omogu\u0107iti i nizak ra\u010dun za utro\u0161enu elektri\u010dnu energiju. Kupovinu LN serije preporu\u010dujemo onima koji \u017eive u hladnijim podru\u010djima, daju zna\u010daj visokim tehni\u010dkim specifikacijama i dizajnu Integrisan WI-FI prijemnik<\/h5>\n<table width=\"451\">\n<tbody>\n<tr>\n<td colspan=\"2\">\n<h2><strong>PODRU\u010cJE<\/strong><\/h2>\n<h2><strong>RADA<\/strong><\/h2>\n<h2><\/h2>\n<\/td>\n<td colspan=\"2\">\n<h2><strong>ENERGETSKA<\/strong><\/h2>\n<h2><strong>EFIKASNOST<\/strong><\/h2>\n<\/td>\n<\/tr>\n<tr>\n<td rowspan=\"2\"><img decoding=\"async\" class=\"size-full wp-image-1275 aligncenter\" src=\"https:\/\/www.luk.ba\/wp-content\/uploads\/2016\/04\/HLADNO-2-e1467618092310.jpg\" alt=\"HLADNO\" width=\"50\" height=\"50\" \/>od -10\u00b0C do +46\u00b0C<\/td>\n<td rowspan=\"2\"><img decoding=\"async\" class=\"size-full wp-image-1273 aligncenter\" src=\"https:\/\/www.luk.ba\/wp-content\/uploads\/2016\/04\/TOPLO.jpg\" alt=\"TOPLO\" width=\"50\" height=\"50\" \/>od -25\u00b0C do +24\u00b0C<\/td>\n<td rowspan=\"1\">\n<h5>SEER<\/h5>\n<\/td>\n<td rowspan=\"1\">\n<h5>SCOP<\/h5>\n<\/td>\n<\/tr>\n<tr>\n<td rowspan=\"1\">\n<h6><strong>10,5<\/strong>\u00a0A+++<\/h6>\n<\/td>\n<td rowspan=\"1\">\n<h6><strong>5,2<\/strong>\u00a0A+++<\/h6>\n<\/td>\n<\/tr>\n<\/tbody>\n<\/table>\n<p><strong>SEER<\/strong> (sezonska energetska u\u010dinkovitost) <strong>SCOP<\/strong> (sezonalni koeficijent u\u010dinkovitosti) <strong>I \u2013 see Human Sensor<\/strong> vam daje mogu\u0107nost da duvanje toplog vazduha usmjerite od sebe ili prema sebi. Senzor detektuje prisustvo osoba u prostoriji. Kada nema nikoga, jedinica se automatski\u00a0prebacuje na \u0161tedljiv rad i podesi temperaturu za dva stepena. <strong>Plasma Quad filter\u00a0\u00a0<\/strong>sa elektronskim filterom, stvara negativne jone i ozon, \u010disti vazduh, sprije\u010dava nastajanje plijesni i odstranjuje neugodne mirise. Efikasno \u010disti vazduh od 94-96% nepo\u017eeljnih \u010destica u vazduhu <strong>TIHI RAD -19 DB<\/strong> Buka koju proizvodi unutarnja jedinica gotovo je neprimjetna, te se mo\u017ee mjeriti sa ljudskim \u0161apatom. Spavanje uz uklju\u010den klima ure\u0111aj nikada nije bilo ugodnije. Prilikom odabira klima ure\u0111aja koji \u0107ete koristiti za grijanje najva\u017eniji kriterij je energetski razred u grijanju, odnosno SCOP (Seasonal Coefficient of Performance) koeficijent koji pokazuje koliko kW toplinske energije klima ure\u0111aj daje za svaki kW utro\u0161ene elektri\u010dne energije.<\/p>\n<\/div>","protected":false},"featured_media":14511,"template":"","meta":{"om_disable_all_campaigns":false,"_monsterinsights_skip_tracking":false,"_monsterinsights_sitenote_active":false,"_monsterinsights_sitenote_note":"","_monsterinsights_sitenote_category":0},"product_cat":[307,305,306],"product_tag":[308,309,310,311,312],"class_list":{"0":"post-14943","1":"product","2":"type-product","3":"status-publish","4":"has-post-thumbnail","6":"product_cat-18ke-inverteri","7":"product_cat-grijanje-i-hladenje","8":"product_cat-klima-uredaji","9":"product_tag-mitsubishi-klime","10":"product_tag-montaza-klima","11":"product_tag-msz-ln50vg-hz","12":"product_tag-prodaja-klima-uredaja","13":"product_tag-servis-klima-uredaja","15":"first","16":"onbackorder","17":"taxable","18":"shipping-taxable","19":"product-type-simple"},"aioseo_notices":[],"_links":{"self":[{"href":"https:\/\/coolmarket.ba\/bs\/wp-json\/wp\/v2\/product\/14943","targetHints":{"allow":["GET"]}}],"collection":[{"href":"https:\/\/coolmarket.ba\/bs\/wp-json\/wp\/v2\/product"}],"about":[{"href":"https:\/\/coolmarket.ba\/bs\/wp-json\/wp\/v2\/types\/product"}],"wp:featuredmedia":[{"embeddable":true,"href":"https:\/\/coolmarket.ba\/bs\/wp-json\/wp\/v2\/media\/14511"}],"wp:attachment":[{"href":"https:\/\/coolmarket.ba\/bs\/wp-json\/wp\/v2\/media?parent=14943"}],"wp:term":[{"taxonomy":"product_cat","embeddable":true,"href":"https:\/\/coolmarket.ba\/bs\/wp-json\/wp\/v2\/product_cat?post=14943"},{"taxonomy":"product_tag","embeddable":true,"href":"https:\/\/coolmarket.ba\/bs\/wp-json\/wp\/v2\/product_tag?post=14943"}],"curies":[{"name":"wp","href":"https:\/\/api.w.org\/{rel}","templated":true}]}}